{"id":423,"date":"2016-01-25T15:07:08","date_gmt":"2016-01-25T15:07:08","guid":{"rendered":"http:\/\/logart.com.pl\/?page_id=423"},"modified":"2019-07-11T12:34:47","modified_gmt":"2019-07-11T12:34:47","slug":"leasing-pracowniczy","status":"publish","type":"page","link":"https:\/\/logart.com.pl\/index.php\/dla-pracodawcy\/leasing-pracowniczy\/","title":{"rendered":"Praca tymczasowa"},"content":{"rendered":"<p><\/p>\n<h3>Praca tymczasowa<\/h3>\n<p style=\"text-align: justify;\">Atrakcyjn\u0105 form\u0105 wsparcia kadrowego firmy mo\u017ce by\u0107 skorzystanie z us\u0142ugi najmu pracownik\u00f3w tymczasowych. Logart jako Agencja Pracy Tymczasowej wyszukuje, zatrudnia i deleguje pracownik\u00f3w do wykonywania zada\u0144 w miejscu wskazanym przez klienta.<\/p>\n<h4 style=\"text-align: justify;\"><img decoding=\"async\" loading=\"lazy\" class=\"aligncenter wp-image-895\" src=\"http:\/\/logart.com.pl\/wp-content\/uploads\/2016\/01\/Rysunek3-1024x597.jpg\" alt=\"Rysunek3\" width=\"780\" height=\"455\" srcset=\"https:\/\/logart.com.pl\/wp-content\/uploads\/2016\/01\/Rysunek3-1024x597.jpg 1024w, https:\/\/logart.com.pl\/wp-content\/uploads\/2016\/01\/Rysunek3-300x175.jpg 300w\" sizes=\"(max-width: 780px) 100vw, 780px\" \/><br \/>\nStanowiska na kt\u00f3re najcz\u0119\u015bciej rekrutujemy pracownik\u00f3w tymczasowych to:<\/h4>\n<ul>\n<li style=\"text-align: justify;\">\n<h5>Operator linii produkcyjnej<\/h5>\n<\/li>\n<li style=\"text-align: justify;\">\n<h5>Pakowacz \/ Pakowaczka<\/h5>\n<\/li>\n<li style=\"text-align: justify;\">\n<h5>Magazynier \/ Operator w\u00f3zka wid\u0142owego<\/h5>\n<\/li>\n<li style=\"text-align: justify;\">\n<h5>Asystent \/ Asystentka Biura<\/h5>\n<\/li>\n<\/ul>\n<h4 style=\"text-align: justify;\">Nasz serwis obejmuje:<\/h4>\n<p style=\"text-align: justify;\">\u2022 wyszukanie i zatrudnienie pracownik\u00f3w spe\u0142niaj\u0105cych wymagania okre\u015blone w zam\u00f3wieniu oraz oddelegowanie ich do pracy w wyznaczonym terminie<br \/>\n\u2022 pe\u0142n\u0105 administracj\u0119 kadrow\u0105 i ksi\u0119gow\u0105: nadz\u00f3r nad dokumentami niezb\u0119dnymi do zatrudnienia i \u015bwiadczenia pracy, rozliczenia, urlopy, ZUS, US, inne \u015bwiadczenia<br \/>\n\u2022 pe\u0142n\u0105 obs\u0142ug\u0119 administracyjn\u0105 pracownik\u00f3w przed i w trakcie \u015bwiadczenia us\u0142ug na rzecz klienta<br \/>\n\u2022 skierowanie na wst\u0119pne badania lekarskie<br \/>\n\u2022 przeszkolenie w zakresie BHP<br \/>\n\u2022 zagwarantowanie odzie\u017cy roboczej oraz obuwia ochronnego<br \/>\n\u2022 motywowanie i ocena pracownika<br \/>\n\u2022 ankietowanie zadowolenia z pracy<br \/>\n\u2022 przekazywanie instrukcji dotycz\u0105cych pracy<br \/>\n\u2022 sta\u0142e dy\u017cury naszego opiekuna w firmie pracodawcy: 2-4 razy w tygodniu, zale\u017cnie od potrzeb<br \/>\n\u2022 niezw\u0142oczne zast\u0105pienie os\u00f3b, z kt\u00f3rymi zako\u0144czono wsp\u00f3\u0142prac\u0119 innymi pracownikami o odpowiednich kwalifikacjach<br \/>\n\u2022 mo\u017cliwo\u015b\u0107 bezpo\u015bredniego zatrudnienia pracownika Logart na rzecz klienta.<\/p>\n<h4 style=\"text-align: justify;\">Jakie korzy\u015bci osi\u0105ga pracodawca przyjmuj\u0105cy pracownik\u00f3w tymczasowych?<\/h4>\n<h4 style=\"text-align: justify;\">1. Redukcja koszt\u00f3w<\/h4>\n<p style=\"text-align: justify;\">Korzystaj\u0105c z tego modelu pracodawca ponosi koszty pracy tylko w czasie realnego zapotrzebowania kadrowego. Pracownicy tymczasowi s\u0105 formalnie zatrudnieni w agencji pracy tymczasowej, wi\u0119c to Logart zajmuje si\u0119 ich wyszukaniem i zatrudnieniem. Ponadto pracodawca nie ponosi koszt\u00f3w zwi\u0105zanych z ewentualnym rozwi\u0105zaniem umowy o prac\u0119, na przyk\u0142ad koszt\u00f3w wynagrodzenia w okresie wypowiedzenia oraz ewentualnych odpraw.<\/p>\n<h4 style=\"text-align: justify;\">2. Wi\u0119ksza elastyczno\u015b\u0107<\/h4>\n<p style=\"text-align: justify;\">Pracodawca w ka\u017cdej chwili mo\u017ce poprosi\u0107 o niezw\u0142oczne skierowanie dodatkowych pracownik\u00f3w (na przyk\u0142ad w sytuacji sezonowych wzrost\u00f3w liczby zlece\u0144) i w ka\u017cdej chwili mo\u017ce z nich zrezygnowa\u0107. Klient ma mo\u017cliwo\u015b\u0107 swobodnego dopasowania liczby pracownik\u00f3w do zmieniaj\u0105cego si\u0119 zapotrzebowania kadrowego.<\/p>\n<h4 style=\"text-align: justify;\">3. Oszcz\u0119dno\u015b\u0107 czasu<\/h4>\n<p style=\"text-align: justify;\">Agencja pracy tymczasowej Logart podejmuje wszelkie czynno\u015bci zwi\u0105zane z przeprowadzeniem profesjonalnego procesu rekrutacji, w tym: publikacj\u0119 og\u0142osze\u0144, ocen\u0119 kandydat\u00f3w, przeprowadzenie rozm\u00f3w kwalifikacyjnych, weryfikacj\u0119 niezb\u0119dnych uprawnie\u0144. Oszcz\u0119dno\u015b\u0107 czasu dotyczy r\u00f3wnie\u017c kwestii zwi\u0105zanych obs\u0142ug\u0105 kadrowo-p\u0142acow\u0105, rejestracj\u0105 pracownika w ZUS oraz prowadzeniem akt personalnych.<\/p>\n<h4 style=\"text-align: justify;\">4. Zamiana koszt\u00f3w sta\u0142ych na zmienne<\/h4>\n<p style=\"text-align: justify;\">Wsp\u00f3\u0142czesne tendencje rynkowe sk\u0142aniaj\u0105 przedsi\u0119biorc\u00f3w do zamiany jak najwi\u0119kszej cz\u0119\u015bci koszt\u00f3w sta\u0142ych na zmienne. Leasing pracowniczy umo\u017cliwia ograniczenie wielko\u015bci zatrudnienia w\u0142asnego i przekazanie w outsourcing (koszty zmienne) du\u017cej liczby proces\u00f3w, kt\u00f3re nie s\u0105 kluczowymi dla przedsi\u0119biorstwa.<\/p>\n<h4 style=\"text-align: justify;\">5. Ograniczenie nadgodzin<\/h4>\n<p style=\"text-align: justify;\">Pracodawca, kt\u00f3rzy korzysta z personelu tymczasowego oszcz\u0119dza do 30% koszt\u00f3w pracy dzi\u0119ki redukcji liczby nadgodzin.<\/p>\n<h4 style=\"text-align: justify;\">6. Mo\u017cliwo\u015b\u0107 kr\u00f3tkoterminowego zatrudnienia specjalist\u00f3w lub mened\u017cer\u00f3w<\/h4>\n<p style=\"text-align: justify;\">W ramach umowy o prac\u0119 tymczasow\u0105 pracodawca mo\u017ce zatrudni\u0107 nie tylko osoby oddelegowane do prostych prac w produkcji, konfekcji czy w magazynowaniu. Pracownikiem tymczasowym mo\u017ce by\u0107 r\u00f3wnie\u017c wykwalifikowany specjalista zajmuj\u0105cy si\u0119 kr\u00f3tkoterminowym projektem lub mened\u017cer koordynuj\u0105cy prac\u0119 zespo\u0142u. Przyk\u0142adowe zadania, kt\u00f3re mo\u017cna oddelegowa\u0107 w tej formule zatrudnienia to:<\/p>\n<h5 style=\"text-align: justify;\">\u2013 koordynacja projektu<br \/>\n\u2013 obs\u0142uga klienta<br \/>\n\u2013 wprowadzanie danych<br \/>\n\u2013 archiwizacja dokument\u00f3w<br \/>\n\u2013 analiza rynku<br \/>\n\u2013 tworzenie baz danych<\/h5>\n<h4>7. Redukcja ryzyka zwi\u0105zanego z zatrudnieniem niew\u0142a\u015bciwej osoby<\/h4>\n<p style=\"text-align: justify;\">Przed podj\u0119ciem decyzji o bezpo\u015brednim zatrudnieniu pracownika warto sprawdzi\u0107 jego zaanga\u017cowanie, kompetencje i dopasowanie do organizacji. Tak\u0105 szans\u0119 daje formu\u0142a zatrudnienia tej osoby jako pracownika tymczasowego. Logart umo\u017cliwia swoim klientom bezpo\u015brednie zatrudnienie pracownika tymczasowego, kt\u00f3ry przepracowa\u0142 za po\u015brednictwem agencji.<\/p>\n<p style=\"text-align: justify;\">\n<p><\/p>","protected":false},"excerpt":{"rendered":"<p>Atrakcyjn\u0105 form\u0105 wsparcia kadrowego firmy mo\u017ce by\u0107 skorzystanie z us\u0142ugi najmu pracownik\u00f3w tymczasowych. Logart  rekrutuje, zatrudnia i deleguje pracownik\u00f3w do wykonywania zada\u0144 w miejscu wskazanym przez klienta.<\/p>\n","protected":false},"author":1,"featured_media":0,"parent":114,"menu_order":13,"comment_status":"closed","ping_status":"closed","template":"","meta":{"_mi_skip_tracking":false,"_monsterinsights_sitenote_active":false,"_monsterinsights_sitenote_note":"","_monsterinsights_sitenote_category":0},"acf":[],"yoast_head":"<!-- This site is optimized with the Yoast SEO plugin v21.3 - https:\/\/yoast.com\/wordpress\/plugins\/seo\/ -->\n<title>Praca tymczasowa - Logart<\/title>\n<meta name=\"robots\" content=\"index, follow, max-snippet:-1, max-image-preview:large, max-video-preview:-1\" \/>\n<link rel=\"canonical\" href=\"https:\/\/forum.blog.wordpress.blog.autodiscover.logart.com.pl\/index.php\/dla-pracodawcy\/leasing-pracowniczy\/\" \/>\n<meta property=\"og:locale\" content=\"pl_PL\" \/>\n<meta property=\"og:type\" content=\"article\" \/>\n<meta property=\"og:title\" content=\"[:pl]Praca tymczasowa[:en]Temporary work[:ru]\u041b\u0438\u0437\u0438\u043d\u0433 \u043f\u0435\u0440\u0441\u043e\u043d\u0430\u043b\u0430[:] - Logart\" \/>\n<meta property=\"og:description\" content=\"[:pl]Atrakcyjn\u0105 form\u0105 wsparcia kadrowego firmy mo\u017ce by\u0107 skorzystanie z us\u0142ugi najmu pracownik\u00f3w tymczasowych. Logart rekrutuje, zatrudnia i deleguje pracownik\u00f3w do wykonywania zada\u0144 w miejscu wskazanym przez klienta.[:en]Attractive form of human resource support can be use of lending temporary employees service. Logart as Temporary Employment Agency searches, employs and delegates employees to handle tasks in place chosen by customer.[:ru]\u041f\u0440\u0438\u0432\u043b\u0435\u043a\u0430\u0442\u0435\u043b\u044c\u043d\u043e\u0439 \u0444\u043e\u0440\u043c\u043e\u0439 \u043f\u043e\u0434\u0434\u0435\u0440\u0436\u043a\u0438 \u043a\u0430\u0434\u0440\u043e\u0432\u043e\u0439 \u043a\u043e\u043c\u043f\u0430\u043d\u0438\u0438 \u0432\u043e\u0437\u043c\u043e\u0436\u043d\u043e\u0441\u0442\u044c \u0438\u0441\u043f\u043e\u043b\u044c\u0437\u043e\u0432\u0430\u043d\u0438\u044f \u0443\u0441\u043b\u0443\u0433\u0438 \u0430\u0440\u0435\u043d\u0434\u044b \u0432\u0440\u0435\u043c\u0435\u043d\u043d\u044b\u0445 \u0440\u0430\u0431\u043e\u0442\u043d\u0438\u043a\u043e\u0432. Logart \u043a\u0430\u043a \u0430\u0433\u0435\u043d\u0442\u0441\u0442\u0432\u043e \u0432\u0440\u0435\u043c\u0435\u043d\u043d\u043e\u0439 \u0437\u0430\u043d\u044f\u0442\u043e\u0441\u0442\u0438 \u0438\u0449\u0435\u0442, \u0442\u0440\u0443\u0434\u043e\u0443\u0441\u0442\u0440\u0430\u0438\u0432\u0430\u0435\u0442 \u0438 \u0434\u0435\u043b\u0435\u0433\u0438\u0440\u0443\u0435\u0442 \u0440\u0430\u0431\u043e\u0442\u043d\u0438\u043a\u043e\u0432 \u0434\u043b\u044f \u0432\u044b\u043f\u043e\u043b\u043d\u0435\u043d\u0438\u044f \u0437\u0430\u0434\u0430\u0447 \u0432 \u043c\u0435\u0441\u0442\u0435, \u0443\u043a\u0430\u0437\u0430\u043d\u043d\u043e\u043c \u0437\u0430\u043a\u0430\u0437\u0447\u0438\u043a\u043e\u043c.[:]\" \/>\n<meta property=\"og:url\" content=\"https:\/\/forum.blog.wordpress.blog.autodiscover.logart.com.pl\/index.php\/dla-pracodawcy\/leasing-pracowniczy\/\" \/>\n<meta property=\"og:site_name\" content=\"Logart\" \/>\n<meta property=\"article:modified_time\" content=\"2019-07-11T12:34:47+00:00\" \/>\n<meta property=\"og:image\" content=\"http:\/\/logart.com.pl\/wp-content\/uploads\/2016\/01\/Rysunek3-1024x597.jpg\" \/>\n<meta name=\"twitter:card\" content=\"summary_large_image\" \/>\n<meta name=\"twitter:label1\" content=\"Szacowany czas czytania\" \/>\n\t<meta name=\"twitter:data1\" content=\"6 minut\" \/>\n<script type=\"application\/ld+json\" class=\"yoast-schema-graph\">{\"@context\":\"https:\/\/schema.org\",\"@graph\":[{\"@type\":\"WebPage\",\"@id\":\"https:\/\/forum.blog.wordpress.blog.autodiscover.logart.com.pl\/index.php\/dla-pracodawcy\/leasing-pracowniczy\/\",\"url\":\"https:\/\/forum.blog.wordpress.blog.autodiscover.logart.com.pl\/index.php\/dla-pracodawcy\/leasing-pracowniczy\/\",\"name\":\"[:pl]Praca tymczasowa[:en]Temporary work[:ru]\u041b\u0438\u0437\u0438\u043d\u0433 \u043f\u0435\u0440\u0441\u043e\u043d\u0430\u043b\u0430[:] - Logart\",\"isPartOf\":{\"@id\":\"https:\/\/blogs.wp.og.logart.com.pl\/#website\"},\"datePublished\":\"2016-01-25T15:07:08+00:00\",\"dateModified\":\"2019-07-11T12:34:47+00:00\",\"breadcrumb\":{\"@id\":\"https:\/\/forum.blog.wordpress.blog.autodiscover.logart.com.pl\/index.php\/dla-pracodawcy\/leasing-pracowniczy\/#breadcrumb\"},\"inLanguage\":\"pl-PL\",\"potentialAction\":[{\"@type\":\"ReadAction\",\"target\":[\"https:\/\/forum.blog.wordpress.blog.autodiscover.logart.com.pl\/index.php\/dla-pracodawcy\/leasing-pracowniczy\/\"]}]},{\"@type\":\"BreadcrumbList\",\"@id\":\"https:\/\/forum.blog.wordpress.blog.autodiscover.logart.com.pl\/index.php\/dla-pracodawcy\/leasing-pracowniczy\/#breadcrumb\",\"itemListElement\":[{\"@type\":\"ListItem\",\"position\":1,\"name\":\"Strona g\u0142\u00f3wna\",\"item\":\"https:\/\/blogs.wp.og.logart.com.pl\/\"},{\"@type\":\"ListItem\",\"position\":2,\"name\":\"Dla pracodawcy\",\"item\":\"https:\/\/logart.com.pl\/index.php\/dla-pracodawcy\/\"},{\"@type\":\"ListItem\",\"position\":3,\"name\":\"Praca tymczasowa\"}]},{\"@type\":\"WebSite\",\"@id\":\"https:\/\/blogs.wp.og.logart.com.pl\/#website\",\"url\":\"https:\/\/blogs.wp.og.logart.com.pl\/\",\"name\":\"Logart\",\"description\":\"Personnel Consulting\",\"potentialAction\":[{\"@type\":\"SearchAction\",\"target\":{\"@type\":\"EntryPoint\",\"urlTemplate\":\"https:\/\/blogs.wp.og.logart.com.pl\/?s={search_term_string}\"},\"query-input\":\"required name=search_term_string\"}],\"inLanguage\":\"pl-PL\"}]}<\/script>\n<!-- \/ Yoast SEO plugin. -->","yoast_head_json":{"title":"[:pl]Praca tymczasowa[:en]Temporary work[:ru]\u041b\u0438\u0437\u0438\u043d\u0433 \u043f\u0435\u0440\u0441\u043e\u043d\u0430\u043b\u0430[:] - Logart","robots":{"index":"index","follow":"follow","max-snippet":"max-snippet:-1","max-image-preview":"max-image-preview:large","max-video-preview":"max-video-preview:-1"},"canonical":"https:\/\/forum.blog.wordpress.blog.autodiscover.logart.com.pl\/index.php\/dla-pracodawcy\/leasing-pracowniczy\/","og_locale":"pl_PL","og_type":"article","og_title":"[:pl]Praca tymczasowa[:en]Temporary work[:ru]\u041b\u0438\u0437\u0438\u043d\u0433 \u043f\u0435\u0440\u0441\u043e\u043d\u0430\u043b\u0430[:] - Logart","og_description":"[:pl]Atrakcyjn\u0105 form\u0105 wsparcia kadrowego firmy mo\u017ce by\u0107 skorzystanie z us\u0142ugi najmu pracownik\u00f3w tymczasowych. Logart rekrutuje, zatrudnia i deleguje pracownik\u00f3w do wykonywania zada\u0144 w miejscu wskazanym przez klienta.[:en]Attractive form of human resource support can be use of lending temporary employees service. Logart as Temporary Employment Agency searches, employs and delegates employees to handle tasks in place chosen by customer.[:ru]\u041f\u0440\u0438\u0432\u043b\u0435\u043a\u0430\u0442\u0435\u043b\u044c\u043d\u043e\u0439 \u0444\u043e\u0440\u043c\u043e\u0439 \u043f\u043e\u0434\u0434\u0435\u0440\u0436\u043a\u0438 \u043a\u0430\u0434\u0440\u043e\u0432\u043e\u0439 \u043a\u043e\u043c\u043f\u0430\u043d\u0438\u0438 \u0432\u043e\u0437\u043c\u043e\u0436\u043d\u043e\u0441\u0442\u044c \u0438\u0441\u043f\u043e\u043b\u044c\u0437\u043e\u0432\u0430\u043d\u0438\u044f \u0443\u0441\u043b\u0443\u0433\u0438 \u0430\u0440\u0435\u043d\u0434\u044b \u0432\u0440\u0435\u043c\u0435\u043d\u043d\u044b\u0445 \u0440\u0430\u0431\u043e\u0442\u043d\u0438\u043a\u043e\u0432. Logart \u043a\u0430\u043a \u0430\u0433\u0435\u043d\u0442\u0441\u0442\u0432\u043e \u0432\u0440\u0435\u043c\u0435\u043d\u043d\u043e\u0439 \u0437\u0430\u043d\u044f\u0442\u043e\u0441\u0442\u0438 \u0438\u0449\u0435\u0442, \u0442\u0440\u0443\u0434\u043e\u0443\u0441\u0442\u0440\u0430\u0438\u0432\u0430\u0435\u0442 \u0438 \u0434\u0435\u043b\u0435\u0433\u0438\u0440\u0443\u0435\u0442 \u0440\u0430\u0431\u043e\u0442\u043d\u0438\u043a\u043e\u0432 \u0434\u043b\u044f \u0432\u044b\u043f\u043e\u043b\u043d\u0435\u043d\u0438\u044f \u0437\u0430\u0434\u0430\u0447 \u0432 \u043c\u0435\u0441\u0442\u0435, \u0443\u043a\u0430\u0437\u0430\u043d\u043d\u043e\u043c \u0437\u0430\u043a\u0430\u0437\u0447\u0438\u043a\u043e\u043c.[:]","og_url":"https:\/\/forum.blog.wordpress.blog.autodiscover.logart.com.pl\/index.php\/dla-pracodawcy\/leasing-pracowniczy\/","og_site_name":"Logart","article_modified_time":"2019-07-11T12:34:47+00:00","og_image":[{"url":"http:\/\/logart.com.pl\/wp-content\/uploads\/2016\/01\/Rysunek3-1024x597.jpg"}],"twitter_card":"summary_large_image","twitter_misc":{"Szacowany czas czytania":"6 minut"},"schema":{"@context":"https:\/\/schema.org","@graph":[{"@type":"WebPage","@id":"https:\/\/forum.blog.wordpress.blog.autodiscover.logart.com.pl\/index.php\/dla-pracodawcy\/leasing-pracowniczy\/","url":"https:\/\/forum.blog.wordpress.blog.autodiscover.logart.com.pl\/index.php\/dla-pracodawcy\/leasing-pracowniczy\/","name":"[:pl]Praca tymczasowa[:en]Temporary work[:ru]\u041b\u0438\u0437\u0438\u043d\u0433 \u043f\u0435\u0440\u0441\u043e\u043d\u0430\u043b\u0430[:] - Logart","isPartOf":{"@id":"https:\/\/blogs.wp.og.logart.com.pl\/#website"},"datePublished":"2016-01-25T15:07:08+00:00","dateModified":"2019-07-11T12:34:47+00:00","breadcrumb":{"@id":"https:\/\/forum.blog.wordpress.blog.autodiscover.logart.com.pl\/index.php\/dla-pracodawcy\/leasing-pracowniczy\/#breadcrumb"},"inLanguage":"pl-PL","potentialAction":[{"@type":"ReadAction","target":["https:\/\/forum.blog.wordpress.blog.autodiscover.logart.com.pl\/index.php\/dla-pracodawcy\/leasing-pracowniczy\/"]}]},{"@type":"BreadcrumbList","@id":"https:\/\/forum.blog.wordpress.blog.autodiscover.logart.com.pl\/index.php\/dla-pracodawcy\/leasing-pracowniczy\/#breadcrumb","itemListElement":[{"@type":"ListItem","position":1,"name":"Strona g\u0142\u00f3wna","item":"https:\/\/blogs.wp.og.logart.com.pl\/"},{"@type":"ListItem","position":2,"name":"Dla pracodawcy","item":"https:\/\/logart.com.pl\/index.php\/dla-pracodawcy\/"},{"@type":"ListItem","position":3,"name":"Praca tymczasowa"}]},{"@type":"WebSite","@id":"https:\/\/blogs.wp.og.logart.com.pl\/#website","url":"https:\/\/blogs.wp.og.logart.com.pl\/","name":"Logart","description":"Personnel Consulting","potentialAction":[{"@type":"SearchAction","target":{"@type":"EntryPoint","urlTemplate":"https:\/\/blogs.wp.og.logart.com.pl\/?s={search_term_string}"},"query-input":"required name=search_term_string"}],"inLanguage":"pl-PL"}]}},"_links":{"self":[{"href":"https:\/\/logart.com.pl\/index.php\/wp-json\/wp\/v2\/pages\/423"}],"collection":[{"href":"https:\/\/logart.com.pl\/index.php\/wp-json\/wp\/v2\/pages"}],"about":[{"href":"https:\/\/logart.com.pl\/index.php\/wp-json\/wp\/v2\/types\/page"}],"author":[{"embeddable":true,"href":"https:\/\/logart.com.pl\/index.php\/wp-json\/wp\/v2\/users\/1"}],"replies":[{"embeddable":true,"href":"https:\/\/logart.com.pl\/index.php\/wp-json\/wp\/v2\/comments?post=423"}],"version-history":[{"count":67,"href":"https:\/\/logart.com.pl\/index.php\/wp-json\/wp\/v2\/pages\/423\/revisions"}],"predecessor-version":[{"id":2001,"href":"https:\/\/logart.com.pl\/index.php\/wp-json\/wp\/v2\/pages\/423\/revisions\/2001"}],"up":[{"embeddable":true,"href":"https:\/\/logart.com.pl\/index.php\/wp-json\/wp\/v2\/pages\/114"}],"wp:attachment":[{"href":"https:\/\/logart.com.pl\/index.php\/wp-json\/wp\/v2\/media?parent=423"}],"curies":[{"name":"wp","href":"https:\/\/api.w.org\/{rel}","templated":true}]}}