{"id":345,"date":"2016-01-20T22:58:42","date_gmt":"2016-01-20T22:58:42","guid":{"rendered":"http:\/\/logart.com.pl\/?page_id=345"},"modified":"2019-07-11T12:59:43","modified_gmt":"2019-07-11T12:59:43","slug":"rekrutacja-dla-produkcji","status":"publish","type":"page","link":"https:\/\/logart.com.pl\/index.php\/dla-kandydata\/rekrutacja-dla-produkcji\/","title":{"rendered":"Rekrutacja dla produkcji"},"content":{"rendered":"<p><\/p>\n<h1 style=\"text-align: justify; font-size: 24px; line-height: 38px; margin: 4px 0px;\">Rekrutacja dla produkcji<\/h1>\n<p style=\"text-align: justify;\">Logart to profesjonalna firma rekrutacyjna posiadaj\u0105ca biuro g\u0142\u00f3wne w Warszawie. Naszymi klientami s\u0105 znane i renomowane firmy produkcyjne reprezentuj\u0105ce takie bran\u017ce jak mi\u0119dzy innymi: produkcja z tworzyw sztucznych, poligrafia, produkcja cz\u0119\u015bci samochodowych, produkcja \u017cywno\u015bci i suplement\u00f3w diety, produkcja \u015brodk\u00f3w ochrony ro\u015blin.<\/p>\n<p style=\"text-align: justify;\">Dzi\u0119ki du\u017cemu do\u015bwiadczeniu oraz wsp\u00f3\u0142pracy z wieloma podmiotami, mo\u017cemy dostosowa\u0107 si\u0119 odpowiednio zar\u00f3wno do potrzeb pracownik\u00f3w, jak i pracodawc\u00f3w. Jeste\u015bmy gotowi skutecznie przeprowadzi\u0107 rekrutacj\u0119 i znale\u017a\u0107 odpowiedni\u0105 osob\u0119 do pracy na produkcji, jako operator w\u00f3zka wid\u0142owego, czy technolog.<\/p>\n<h4 style=\"text-align: justify;\"><\/h4>\n<p><img decoding=\"async\" loading=\"lazy\" class=\"aligncenter wp-image-926\" src=\"http:\/\/logart.com.pl\/wp-content\/uploads\/2016\/01\/produkcja-1024x626.jpg\" alt=\"produkcja\" width=\"780\" height=\"477\" srcset=\"https:\/\/logart.com.pl\/wp-content\/uploads\/2016\/01\/produkcja-1024x626.jpg 1024w, https:\/\/logart.com.pl\/wp-content\/uploads\/2016\/01\/produkcja-300x184.jpg 300w\" sizes=\"(max-width: 780px) 100vw, 780px\" \/><\/p>\n<h4 style=\"text-align: justify;\"><\/h4>\n<h4 style=\"text-align: justify;\">Stanowiska pracy na produkcji, na kt\u00f3re wyszukujemy kandydat\u00f3w to m.in.:<\/h4>\n<ul>\n<li style=\"text-align: justify;\">\n<h5>Kierownik\/Dyrektor produkcji<\/h5>\n<\/li>\n<li style=\"text-align: justify;\">\n<h5>Kierownik utrzymania ruchu<\/h5>\n<\/li>\n<li style=\"text-align: justify;\">\n<h5>Specjalista ds. planowania<\/h5>\n<\/li>\n<li style=\"text-align: justify;\">\n<h5>In\u017cynier procesu<\/h5>\n<\/li>\n<li style=\"text-align: justify;\">\n<h5>Specjalista ds. jako\u015bci<\/h5>\n<\/li>\n<li style=\"text-align: justify;\">\n<h5>Kierownik\/Specjalista ds. logistyki<\/h5>\n<\/li>\n<li style=\"text-align: justify;\">\n<h5>Technolog<\/h5>\n<\/li>\n<li style=\"text-align: justify;\">\n<h5>Programista\/Operator CNC<\/h5>\n<\/li>\n<li style=\"text-align: justify;\">\n<h5>Kierownik\/Specjalista ds. zakup\u00f3w<\/h5>\n<\/li>\n<li style=\"text-align: justify;\">\n<h5>Operator w\u00f3zka wid\u0142owego<\/h5>\n<\/li>\n<\/ul>\n<p style=\"text-align: justify;\">Ponadto naszym klientom z sektora produkcji udost\u0119pniamy pracownik\u00f3w tymczasowych w ramach <a href=\"http:\/\/logart.com.pl\/index.php\/dla-pracodawcy\/leasing-pracowniczy\/\">leasingu pracowniczego<\/a>.<\/p>\n<p style=\"text-align: justify;\">Je\u015bli potrzebujecie Pa\u0144stwo pomocy przy rekrutacji i poszukujecie wykwalifikowanych pracownik\u00f3w, kierownik\u00f3w, dyrektor\u00f3w, in\u017cynier\u00f3w, operator\u00f3w w\u00f3zka wid\u0142owego oraz innych os\u00f3b do pracy na produkcji, zach\u0119camy do wybrania oferty Logart.<\/p>\n<p><\/p>","protected":false},"excerpt":{"rendered":"<p>Rekrutacja dla produkcji Logart to profesjonalna firma rekrutacyjna posiadaj\u0105ca biuro g\u0142\u00f3wne w Warszawie. Naszymi klientami s\u0105 znane i renomowane firmy produkcyjne reprezentuj\u0105ce takie bran\u017ce jak mi\u0119dzy innymi: produkcja z tworzyw sztucznych, poligrafia, produkcja cz\u0119\u015bci samochodowych, produkcja \u017cywno\u015bci i suplement\u00f3w diety, produkcja \u015brodk\u00f3w ochrony ro\u015blin. Dzi\u0119ki du\u017cemu do\u015bwiadczeniu oraz wsp\u00f3\u0142pracy z wieloma podmiotami, mo\u017cemy dostosowa\u0107 si\u0119 &hellip; <a href=\"https:\/\/logart.com.pl\/index.php\/dla-kandydata\/rekrutacja-dla-produkcji\/\" class=\"more-link\">Czytaj dalej <span class=\"screen-reader-text\">Rekrutacja dla produkcji<\/span> <span class=\"meta-nav\">&rarr;<\/span><\/a><\/p>\n","protected":false},"author":1,"featured_media":0,"parent":117,"menu_order":23,"comment_status":"closed","ping_status":"closed","template":"","meta":{"_mi_skip_tracking":false,"_monsterinsights_sitenote_active":false,"_monsterinsights_sitenote_note":"","_monsterinsights_sitenote_category":0},"acf":[],"yoast_head":"<!-- This site is optimized with the Yoast SEO plugin v21.3 - https:\/\/yoast.com\/wordpress\/plugins\/seo\/ -->\n<title>Operator w\u00f3zka wid\u0142owego, Praca produkcja Warszawa - Logart<\/title>\n<meta name=\"robots\" content=\"index, follow, max-snippet:-1, max-image-preview:large, max-video-preview:-1\" \/>\n<link rel=\"canonical\" href=\"https:\/\/wp.blog.logart.com.pl\/index.php\/dla-kandydata\/rekrutacja-dla-produkcji\/\" \/>\n<meta property=\"og:locale\" content=\"pl_PL\" \/>\n<meta property=\"og:type\" content=\"article\" \/>\n<meta property=\"og:title\" content=\"Operator w\u00f3zka wid\u0142owego, Praca produkcja Warszawa - Logart\" \/>\n<meta property=\"og:description\" content=\"Rekrutacja dla produkcji Logart to profesjonalna firma rekrutacyjna posiadaj\u0105ca biuro g\u0142\u00f3wne w Warszawie. Naszymi klientami s\u0105 znane i renomowane firmy produkcyjne reprezentuj\u0105ce takie bran\u017ce jak mi\u0119dzy innymi: produkcja z tworzyw sztucznych, poligrafia, produkcja cz\u0119\u015bci samochodowych, produkcja \u017cywno\u015bci i suplement\u00f3w diety, produkcja \u015brodk\u00f3w ochrony ro\u015blin. Dzi\u0119ki du\u017cemu do\u015bwiadczeniu oraz wsp\u00f3\u0142pracy z wieloma podmiotami, mo\u017cemy dostosowa\u0107 si\u0119 &hellip; Czytaj dalej Rekrutacja dla produkcji &rarr;\" \/>\n<meta property=\"og:url\" content=\"https:\/\/wp.blog.logart.com.pl\/index.php\/dla-kandydata\/rekrutacja-dla-produkcji\/\" \/>\n<meta property=\"og:site_name\" content=\"Logart\" \/>\n<meta property=\"article:modified_time\" content=\"2019-07-11T12:59:43+00:00\" \/>\n<meta property=\"og:image\" content=\"http:\/\/logart.com.pl\/wp-content\/uploads\/2016\/01\/produkcja-1024x626.jpg\" \/>\n<meta name=\"twitter:card\" content=\"summary_large_image\" \/>\n<meta name=\"twitter:label1\" content=\"Szacowany czas czytania\" \/>\n\t<meta name=\"twitter:data1\" content=\"2 minuty\" \/>\n<script type=\"application\/ld+json\" class=\"yoast-schema-graph\">{\"@context\":\"https:\/\/schema.org\",\"@graph\":[{\"@type\":\"WebPage\",\"@id\":\"https:\/\/wp.blog.logart.com.pl\/index.php\/dla-kandydata\/rekrutacja-dla-produkcji\/\",\"url\":\"https:\/\/wp.blog.logart.com.pl\/index.php\/dla-kandydata\/rekrutacja-dla-produkcji\/\",\"name\":\"Operator w\u00f3zka wid\u0142owego, Praca produkcja Warszawa - Logart\",\"isPartOf\":{\"@id\":\"https:\/\/logart.com.pl\/#website\"},\"datePublished\":\"2016-01-20T22:58:42+00:00\",\"dateModified\":\"2019-07-11T12:59:43+00:00\",\"breadcrumb\":{\"@id\":\"https:\/\/wp.blog.logart.com.pl\/index.php\/dla-kandydata\/rekrutacja-dla-produkcji\/#breadcrumb\"},\"inLanguage\":\"pl-PL\",\"potentialAction\":[{\"@type\":\"ReadAction\",\"target\":[\"https:\/\/wp.blog.logart.com.pl\/index.php\/dla-kandydata\/rekrutacja-dla-produkcji\/\"]}]},{\"@type\":\"BreadcrumbList\",\"@id\":\"https:\/\/wp.blog.logart.com.pl\/index.php\/dla-kandydata\/rekrutacja-dla-produkcji\/#breadcrumb\",\"itemListElement\":[{\"@type\":\"ListItem\",\"position\":1,\"name\":\"Strona g\u0142\u00f3wna\",\"item\":\"https:\/\/logart.com.pl\/\"},{\"@type\":\"ListItem\",\"position\":2,\"name\":\"Dla kandydata\",\"item\":\"https:\/\/logart.com.pl\/index.php\/dla-kandydata\/\"},{\"@type\":\"ListItem\",\"position\":3,\"name\":\"Rekrutacja dla produkcji\"}]},{\"@type\":\"WebSite\",\"@id\":\"https:\/\/logart.com.pl\/#website\",\"url\":\"https:\/\/logart.com.pl\/\",\"name\":\"Logart\",\"description\":\"Personnel Consulting\",\"potentialAction\":[{\"@type\":\"SearchAction\",\"target\":{\"@type\":\"EntryPoint\",\"urlTemplate\":\"https:\/\/logart.com.pl\/?s={search_term_string}\"},\"query-input\":\"required name=search_term_string\"}],\"inLanguage\":\"pl-PL\"}]}<\/script>\n<!-- \/ Yoast SEO plugin. -->","yoast_head_json":{"title":"Operator w\u00f3zka wid\u0142owego, Praca produkcja Warszawa - Logart","robots":{"index":"index","follow":"follow","max-snippet":"max-snippet:-1","max-image-preview":"max-image-preview:large","max-video-preview":"max-video-preview:-1"},"canonical":"https:\/\/wp.blog.logart.com.pl\/index.php\/dla-kandydata\/rekrutacja-dla-produkcji\/","og_locale":"pl_PL","og_type":"article","og_title":"Operator w\u00f3zka wid\u0142owego, Praca produkcja Warszawa - Logart","og_description":"Rekrutacja dla produkcji Logart to profesjonalna firma rekrutacyjna posiadaj\u0105ca biuro g\u0142\u00f3wne w Warszawie. Naszymi klientami s\u0105 znane i renomowane firmy produkcyjne reprezentuj\u0105ce takie bran\u017ce jak mi\u0119dzy innymi: produkcja z tworzyw sztucznych, poligrafia, produkcja cz\u0119\u015bci samochodowych, produkcja \u017cywno\u015bci i suplement\u00f3w diety, produkcja \u015brodk\u00f3w ochrony ro\u015blin. Dzi\u0119ki du\u017cemu do\u015bwiadczeniu oraz wsp\u00f3\u0142pracy z wieloma podmiotami, mo\u017cemy dostosowa\u0107 si\u0119 &hellip; Czytaj dalej Rekrutacja dla produkcji &rarr;","og_url":"https:\/\/wp.blog.logart.com.pl\/index.php\/dla-kandydata\/rekrutacja-dla-produkcji\/","og_site_name":"Logart","article_modified_time":"2019-07-11T12:59:43+00:00","og_image":[{"url":"http:\/\/logart.com.pl\/wp-content\/uploads\/2016\/01\/produkcja-1024x626.jpg"}],"twitter_card":"summary_large_image","twitter_misc":{"Szacowany czas czytania":"2 minuty"},"schema":{"@context":"https:\/\/schema.org","@graph":[{"@type":"WebPage","@id":"https:\/\/wp.blog.logart.com.pl\/index.php\/dla-kandydata\/rekrutacja-dla-produkcji\/","url":"https:\/\/wp.blog.logart.com.pl\/index.php\/dla-kandydata\/rekrutacja-dla-produkcji\/","name":"Operator w\u00f3zka wid\u0142owego, Praca produkcja Warszawa - Logart","isPartOf":{"@id":"https:\/\/logart.com.pl\/#website"},"datePublished":"2016-01-20T22:58:42+00:00","dateModified":"2019-07-11T12:59:43+00:00","breadcrumb":{"@id":"https:\/\/wp.blog.logart.com.pl\/index.php\/dla-kandydata\/rekrutacja-dla-produkcji\/#breadcrumb"},"inLanguage":"pl-PL","potentialAction":[{"@type":"ReadAction","target":["https:\/\/wp.blog.logart.com.pl\/index.php\/dla-kandydata\/rekrutacja-dla-produkcji\/"]}]},{"@type":"BreadcrumbList","@id":"https:\/\/wp.blog.logart.com.pl\/index.php\/dla-kandydata\/rekrutacja-dla-produkcji\/#breadcrumb","itemListElement":[{"@type":"ListItem","position":1,"name":"Strona g\u0142\u00f3wna","item":"https:\/\/logart.com.pl\/"},{"@type":"ListItem","position":2,"name":"Dla kandydata","item":"https:\/\/logart.com.pl\/index.php\/dla-kandydata\/"},{"@type":"ListItem","position":3,"name":"Rekrutacja dla produkcji"}]},{"@type":"WebSite","@id":"https:\/\/logart.com.pl\/#website","url":"https:\/\/logart.com.pl\/","name":"Logart","description":"Personnel Consulting","potentialAction":[{"@type":"SearchAction","target":{"@type":"EntryPoint","urlTemplate":"https:\/\/logart.com.pl\/?s={search_term_string}"},"query-input":"required name=search_term_string"}],"inLanguage":"pl-PL"}]}},"_links":{"self":[{"href":"https:\/\/logart.com.pl\/index.php\/wp-json\/wp\/v2\/pages\/345"}],"collection":[{"href":"https:\/\/logart.com.pl\/index.php\/wp-json\/wp\/v2\/pages"}],"about":[{"href":"https:\/\/logart.com.pl\/index.php\/wp-json\/wp\/v2\/types\/page"}],"author":[{"embeddable":true,"href":"https:\/\/logart.com.pl\/index.php\/wp-json\/wp\/v2\/users\/1"}],"replies":[{"embeddable":true,"href":"https:\/\/logart.com.pl\/index.php\/wp-json\/wp\/v2\/comments?post=345"}],"version-history":[{"count":39,"href":"https:\/\/logart.com.pl\/index.php\/wp-json\/wp\/v2\/pages\/345\/revisions"}],"predecessor-version":[{"id":2004,"href":"https:\/\/logart.com.pl\/index.php\/wp-json\/wp\/v2\/pages\/345\/revisions\/2004"}],"up":[{"embeddable":true,"href":"https:\/\/logart.com.pl\/index.php\/wp-json\/wp\/v2\/pages\/117"}],"wp:attachment":[{"href":"https:\/\/logart.com.pl\/index.php\/wp-json\/wp\/v2\/media?parent=345"}],"curies":[{"name":"wp","href":"https:\/\/api.w.org\/{rel}","templated":true}]}}