{"id":335,"date":"2016-01-20T22:40:03","date_gmt":"2016-01-20T22:40:03","guid":{"rendered":"http:\/\/logart.com.pl\/?page_id=335"},"modified":"2025-05-13T12:43:11","modified_gmt":"2025-05-13T12:43:11","slug":"rekrutacja-dla-logistyki","status":"publish","type":"page","link":"https:\/\/logart.com.pl\/index.php\/dla-kandydata\/rekrutacja-dla-logistyki\/","title":{"rendered":"Rekrutacja dla logistyki"},"content":{"rendered":"<p><\/p>\n<h3 style=\"text-align: justify;\">Rekrutacja dla logistyki<\/h3>\n<p style=\"text-align: justify;\">TSL czyli Transport, Spedycja, Logistyka, to jeden z najszybciej rozwijaj\u0105cych si\u0119 sektor\u00f3w polskiej gospodarki. Co roku tworzy on tysi\u0105ce nowych miejsc pracy.<\/p>\n<h4 style=\"text-align: justify;\">Logart najcz\u0119\u015bciej rekrutuje kandydat\u00f3w dla:<\/h4>\n<ul style=\"text-align: justify;\">\n<li style=\"text-align: justify;\"><strong>operator\u00f3w logistycznych<\/strong><\/li>\n<li style=\"text-align: justify;\"><strong>firm spedycyjno-transportowych<\/strong><\/li>\n<li style=\"text-align: justify;\"><strong>dzia\u0142\u00f3w logistyki przedsi\u0119biorstw produkcyjnych i handlowych<\/strong> &#8211; pracownicy tych dzia\u0142\u00f3w sprawuj\u0105 nadz\u00f3r nad\u00a0 prawid\u0142owym przebiegiem proces\u00f3w przemieszczania towar\u00f3w, a wi\u0119c zajmuj\u0105 si\u0119 m.in. zaopatrzeniem, magazynowaniem, konfekcj\u0105 oraz dystrybucj\u0105<\/li>\n<\/ul>\n<h4 style=\"text-align: justify;\"><img decoding=\"async\" loading=\"lazy\" class=\"aligncenter wp-image-889\" src=\"http:\/\/logart.com.pl\/wp-content\/uploads\/2016\/01\/Rysunek1-1024x583.jpg\" alt=\"Rysunek1\" width=\"780\" height=\"444\" srcset=\"https:\/\/logart.com.pl\/wp-content\/uploads\/2016\/01\/Rysunek1-1024x583.jpg 1024w, https:\/\/logart.com.pl\/wp-content\/uploads\/2016\/01\/Rysunek1-300x171.jpg 300w\" sizes=\"(max-width: 780px) 100vw, 780px\" \/><br \/>\nNajbardziej popularne stanowiska w bran\u017cy TSL na kt\u00f3re wyszukujemy kandydat\u00f3w to:<\/h4>\n<ul style=\"text-align: justify;\">\n<li>Specjalista ds. spedycji \/ Spedytor<\/li>\n<li>Specjalista ds. sprzeda\u017cy<\/li>\n<li>Key Account Manager \/ Kierownik ds. kluczowych klient\u00f3w<\/li>\n<li>Kierownik transportu<\/li>\n<li>Specjalista ds. logistyki<\/li>\n<li>Operator w\u00f3zka wid\u0142owego<\/li>\n<li>Pracownik magazynowy<\/li>\n<\/ul>\n<p style=\"text-align: justify;\"><strong>Logistyka to bran\u017ca dla ludzi dynamicznych, kreatywnych oraz przedk\u0142adaj\u0105cych zmienno\u015b\u0107 sytuacji nad stabilizacj\u0119<\/strong> i szablonowo\u015b\u0107 zada\u0144. Cz\u0119stymi elementami zakresu obowi\u0105zk\u00f3w s\u0105: organizacja transportu, nadz\u00f3r nad terminowo\u015bci\u0105 dostaw oraz zapewnienie zgodno\u015bci stan\u00f3w magazynowych z danymi znajduj\u0105cymi si\u0119 w systemach informatycznych. Z tego powodu istotnymi kryteriami oceny kandydat\u00f3w s\u0105: kreatywno\u015b\u0107, czyli zdolno\u015b\u0107 do samodzielnego poszukiwania rozwi\u0105za\u0144, odpowiedzialno\u015b\u0107, podzielno\u015b\u0107 uwagi, umiej\u0119tno\u015b\u0107 pracy pod presj\u0105.<\/p>\n<p style=\"text-align: justify;\">Praca w logistyce bardzo cz\u0119sto ma wymiar mi\u0119dzynarodowy. Dlatego <strong>znajomo\u015b\u0107 j\u0119zyk\u00f3w obcych mo\u017ce by\u0107 zar\u00f3wno warunkiem wej\u015bcia do bran\u017cy, jak i czynnikiem umo\u017cliwiaj\u0105cym dalszy rozw\u00f3j kariery<\/strong>. Wskazana jest r\u00f3wnie\u017c mobilno\u015b\u0107 geograficzna lub gotowo\u015b\u0107 do podr\u00f3\u017cowania.<\/p>\n<p><\/p>","protected":false},"excerpt":{"rendered":"<p>Rekrutacja dla logistyki TSL czyli Transport, Spedycja, Logistyka, to jeden z najszybciej rozwijaj\u0105cych si\u0119 sektor\u00f3w polskiej gospodarki. Co roku tworzy on tysi\u0105ce nowych miejsc pracy. Logart najcz\u0119\u015bciej rekrutuje kandydat\u00f3w dla: operator\u00f3w logistycznych firm spedycyjno-transportowych dzia\u0142\u00f3w logistyki przedsi\u0119biorstw produkcyjnych i handlowych &#8211; pracownicy tych dzia\u0142\u00f3w sprawuj\u0105 nadz\u00f3r nad\u00a0 prawid\u0142owym przebiegiem proces\u00f3w przemieszczania towar\u00f3w, a wi\u0119c zajmuj\u0105 &hellip; <a href=\"https:\/\/logart.com.pl\/index.php\/dla-kandydata\/rekrutacja-dla-logistyki\/\" class=\"more-link\">Czytaj dalej <span class=\"screen-reader-text\">Rekrutacja dla logistyki<\/span> <span class=\"meta-nav\">&rarr;<\/span><\/a><\/p>\n","protected":false},"author":1,"featured_media":0,"parent":117,"menu_order":22,"comment_status":"closed","ping_status":"closed","template":"","meta":{"_mi_skip_tracking":false,"_monsterinsights_sitenote_active":false,"_monsterinsights_sitenote_note":"","_monsterinsights_sitenote_category":0},"acf":[],"yoast_head":"<!-- This site is optimized with the Yoast SEO plugin v21.3 - https:\/\/yoast.com\/wordpress\/plugins\/seo\/ -->\n<title>Rekrutacja dla spedycji, TSL - Logart<\/title>\n<meta name=\"robots\" content=\"index, follow, max-snippet:-1, max-image-preview:large, max-video-preview:-1\" \/>\n<link rel=\"canonical\" href=\"https:\/\/blog.blog.wordpress.logart.com.pl\/index.php\/dla-kandydata\/rekrutacja-dla-logistyki\/\" \/>\n<meta property=\"og:locale\" content=\"pl_PL\" \/>\n<meta property=\"og:type\" content=\"article\" \/>\n<meta property=\"og:title\" content=\"Rekrutacja dla spedycji, TSL - Logart\" \/>\n<meta property=\"og:description\" content=\"Rekrutacja dla logistyki TSL czyli Transport, Spedycja, Logistyka, to jeden z najszybciej rozwijaj\u0105cych si\u0119 sektor\u00f3w polskiej gospodarki. Co roku tworzy on tysi\u0105ce nowych miejsc pracy. Logart najcz\u0119\u015bciej rekrutuje kandydat\u00f3w dla: operator\u00f3w logistycznych firm spedycyjno-transportowych dzia\u0142\u00f3w logistyki przedsi\u0119biorstw produkcyjnych i handlowych &#8211; pracownicy tych dzia\u0142\u00f3w sprawuj\u0105 nadz\u00f3r nad\u00a0 prawid\u0142owym przebiegiem proces\u00f3w przemieszczania towar\u00f3w, a wi\u0119c zajmuj\u0105 &hellip; Czytaj dalej Rekrutacja dla logistyki &rarr;\" \/>\n<meta property=\"og:url\" content=\"https:\/\/blog.blog.wordpress.logart.com.pl\/index.php\/dla-kandydata\/rekrutacja-dla-logistyki\/\" \/>\n<meta property=\"og:site_name\" content=\"Logart\" \/>\n<meta property=\"article:modified_time\" content=\"2025-05-13T12:43:11+00:00\" \/>\n<meta property=\"og:image\" content=\"http:\/\/logart.com.pl\/wp-content\/uploads\/2016\/01\/Rysunek1-1024x583.jpg\" \/>\n<meta name=\"twitter:card\" content=\"summary_large_image\" \/>\n<meta name=\"twitter:label1\" content=\"Szacowany czas czytania\" \/>\n\t<meta name=\"twitter:data1\" content=\"5 minut\" \/>\n<script type=\"application\/ld+json\" class=\"yoast-schema-graph\">{\"@context\":\"https:\/\/schema.org\",\"@graph\":[{\"@type\":\"WebPage\",\"@id\":\"https:\/\/blog.blog.wordpress.logart.com.pl\/index.php\/dla-kandydata\/rekrutacja-dla-logistyki\/\",\"url\":\"https:\/\/blog.blog.wordpress.logart.com.pl\/index.php\/dla-kandydata\/rekrutacja-dla-logistyki\/\",\"name\":\"Rekrutacja dla spedycji, TSL - Logart\",\"isPartOf\":{\"@id\":\"https:\/\/logart.com.pl\/#website\"},\"datePublished\":\"2016-01-20T22:40:03+00:00\",\"dateModified\":\"2025-05-13T12:43:11+00:00\",\"breadcrumb\":{\"@id\":\"https:\/\/blog.blog.wordpress.logart.com.pl\/index.php\/dla-kandydata\/rekrutacja-dla-logistyki\/#breadcrumb\"},\"inLanguage\":\"pl-PL\",\"potentialAction\":[{\"@type\":\"ReadAction\",\"target\":[\"https:\/\/blog.blog.wordpress.logart.com.pl\/index.php\/dla-kandydata\/rekrutacja-dla-logistyki\/\"]}]},{\"@type\":\"BreadcrumbList\",\"@id\":\"https:\/\/blog.blog.wordpress.logart.com.pl\/index.php\/dla-kandydata\/rekrutacja-dla-logistyki\/#breadcrumb\",\"itemListElement\":[{\"@type\":\"ListItem\",\"position\":1,\"name\":\"Strona g\u0142\u00f3wna\",\"item\":\"https:\/\/logart.com.pl\/\"},{\"@type\":\"ListItem\",\"position\":2,\"name\":\"Dla kandydata\",\"item\":\"https:\/\/logart.com.pl\/index.php\/dla-kandydata\/\"},{\"@type\":\"ListItem\",\"position\":3,\"name\":\"Rekrutacja dla logistyki\"}]},{\"@type\":\"WebSite\",\"@id\":\"https:\/\/logart.com.pl\/#website\",\"url\":\"https:\/\/logart.com.pl\/\",\"name\":\"Logart\",\"description\":\"Personnel Consulting\",\"potentialAction\":[{\"@type\":\"SearchAction\",\"target\":{\"@type\":\"EntryPoint\",\"urlTemplate\":\"https:\/\/logart.com.pl\/?s={search_term_string}\"},\"query-input\":\"required name=search_term_string\"}],\"inLanguage\":\"pl-PL\"}]}<\/script>\n<!-- \/ Yoast SEO plugin. -->","yoast_head_json":{"title":"Rekrutacja dla spedycji, TSL - Logart","robots":{"index":"index","follow":"follow","max-snippet":"max-snippet:-1","max-image-preview":"max-image-preview:large","max-video-preview":"max-video-preview:-1"},"canonical":"https:\/\/blog.blog.wordpress.logart.com.pl\/index.php\/dla-kandydata\/rekrutacja-dla-logistyki\/","og_locale":"pl_PL","og_type":"article","og_title":"Rekrutacja dla spedycji, TSL - Logart","og_description":"Rekrutacja dla logistyki TSL czyli Transport, Spedycja, Logistyka, to jeden z najszybciej rozwijaj\u0105cych si\u0119 sektor\u00f3w polskiej gospodarki. Co roku tworzy on tysi\u0105ce nowych miejsc pracy. Logart najcz\u0119\u015bciej rekrutuje kandydat\u00f3w dla: operator\u00f3w logistycznych firm spedycyjno-transportowych dzia\u0142\u00f3w logistyki przedsi\u0119biorstw produkcyjnych i handlowych &#8211; pracownicy tych dzia\u0142\u00f3w sprawuj\u0105 nadz\u00f3r nad\u00a0 prawid\u0142owym przebiegiem proces\u00f3w przemieszczania towar\u00f3w, a wi\u0119c zajmuj\u0105 &hellip; Czytaj dalej Rekrutacja dla logistyki &rarr;","og_url":"https:\/\/blog.blog.wordpress.logart.com.pl\/index.php\/dla-kandydata\/rekrutacja-dla-logistyki\/","og_site_name":"Logart","article_modified_time":"2025-05-13T12:43:11+00:00","og_image":[{"url":"http:\/\/logart.com.pl\/wp-content\/uploads\/2016\/01\/Rysunek1-1024x583.jpg"}],"twitter_card":"summary_large_image","twitter_misc":{"Szacowany czas czytania":"5 minut"},"schema":{"@context":"https:\/\/schema.org","@graph":[{"@type":"WebPage","@id":"https:\/\/blog.blog.wordpress.logart.com.pl\/index.php\/dla-kandydata\/rekrutacja-dla-logistyki\/","url":"https:\/\/blog.blog.wordpress.logart.com.pl\/index.php\/dla-kandydata\/rekrutacja-dla-logistyki\/","name":"Rekrutacja dla spedycji, TSL - Logart","isPartOf":{"@id":"https:\/\/logart.com.pl\/#website"},"datePublished":"2016-01-20T22:40:03+00:00","dateModified":"2025-05-13T12:43:11+00:00","breadcrumb":{"@id":"https:\/\/blog.blog.wordpress.logart.com.pl\/index.php\/dla-kandydata\/rekrutacja-dla-logistyki\/#breadcrumb"},"inLanguage":"pl-PL","potentialAction":[{"@type":"ReadAction","target":["https:\/\/blog.blog.wordpress.logart.com.pl\/index.php\/dla-kandydata\/rekrutacja-dla-logistyki\/"]}]},{"@type":"BreadcrumbList","@id":"https:\/\/blog.blog.wordpress.logart.com.pl\/index.php\/dla-kandydata\/rekrutacja-dla-logistyki\/#breadcrumb","itemListElement":[{"@type":"ListItem","position":1,"name":"Strona g\u0142\u00f3wna","item":"https:\/\/logart.com.pl\/"},{"@type":"ListItem","position":2,"name":"Dla kandydata","item":"https:\/\/logart.com.pl\/index.php\/dla-kandydata\/"},{"@type":"ListItem","position":3,"name":"Rekrutacja dla logistyki"}]},{"@type":"WebSite","@id":"https:\/\/logart.com.pl\/#website","url":"https:\/\/logart.com.pl\/","name":"Logart","description":"Personnel Consulting","potentialAction":[{"@type":"SearchAction","target":{"@type":"EntryPoint","urlTemplate":"https:\/\/logart.com.pl\/?s={search_term_string}"},"query-input":"required name=search_term_string"}],"inLanguage":"pl-PL"}]}},"_links":{"self":[{"href":"https:\/\/logart.com.pl\/index.php\/wp-json\/wp\/v2\/pages\/335"}],"collection":[{"href":"https:\/\/logart.com.pl\/index.php\/wp-json\/wp\/v2\/pages"}],"about":[{"href":"https:\/\/logart.com.pl\/index.php\/wp-json\/wp\/v2\/types\/page"}],"author":[{"embeddable":true,"href":"https:\/\/logart.com.pl\/index.php\/wp-json\/wp\/v2\/users\/1"}],"replies":[{"embeddable":true,"href":"https:\/\/logart.com.pl\/index.php\/wp-json\/wp\/v2\/comments?post=335"}],"version-history":[{"count":38,"href":"https:\/\/logart.com.pl\/index.php\/wp-json\/wp\/v2\/pages\/335\/revisions"}],"predecessor-version":[{"id":2226,"href":"https:\/\/logart.com.pl\/index.php\/wp-json\/wp\/v2\/pages\/335\/revisions\/2226"}],"up":[{"embeddable":true,"href":"https:\/\/logart.com.pl\/index.php\/wp-json\/wp\/v2\/pages\/117"}],"wp:attachment":[{"href":"https:\/\/logart.com.pl\/index.php\/wp-json\/wp\/v2\/media?parent=335"}],"curies":[{"name":"wp","href":"https:\/\/api.w.org\/{rel}","templated":true}]}}