{"id":334,"date":"2016-01-20T22:19:49","date_gmt":"2016-01-20T22:19:49","guid":{"rendered":"http:\/\/logart.com.pl\/?page_id=334"},"modified":"2019-07-11T12:14:35","modified_gmt":"2019-07-11T12:14:35","slug":"serwis-kadrowo-placowy","status":"publish","type":"page","link":"https:\/\/logart.com.pl\/index.php\/dla-pracodawcy\/serwis-kadrowo-placowy\/","title":{"rendered":"Serwis kadrowo-p\u0142acowy"},"content":{"rendered":"<p><\/p>\n<h3 style=\"text-align: justify;\">Serwis kadrowo-p\u0142acowy<\/h3>\n<p style=\"text-align: justify;\">Coraz wi\u0119cej firm decyduje si\u0119 na powierzenie obs\u0142ugi kadrowo-p\u0142acowej zewn\u0119trznemu partnerowi. \u0141\u0105czne oszcz\u0119dno\u015bci przy zastosowaniu takiego rozwi\u0105zania si\u0119gaj\u0105 30%.<\/p>\n<h4 style=\"text-align: justify;\">Nasz serwis kadrowo-p\u0142acowy obejmuje:<\/h4>\n<ul style=\"text-align: justify;\">\n<li>prowadzenie akt osobowych pracownik\u00f3w w zakresie wynikaj\u0105cym z prawa pracy<\/li>\n<li>wprowadzanie, aktualizowanie i archiwizowanie danych kadrowych w komputerowym systemie IT<\/li>\n<li>rejestrowanie pracownik\u00f3w w ZUS i wyrejestrowywanie<\/li>\n<li>prowadzenie dla pracownik\u00f3w ca\u0142o\u015bci spraw wynikaj\u0105cych ze stosunku pracy<\/li>\n<li>rozliczanie i kontrol\u0119 czasu pracy<\/li>\n<li>naliczanie wynagrodze\u0144 za prac\u0119, wynagrodze\u0144 za czas choroby, zasi\u0142k\u00f3w chorobowych, macierzy\u0144skich i opieku\u0144czych, sporz\u0105dzanie list p\u0142ac<\/li>\n<li>rejestracj\u0119 zwolnie\u0144 lekarskich<\/li>\n<li>przygotowywanie dokument\u00f3w zwi\u0105zanych z zatrudnieniem: um\u00f3w, skierowa\u0144 na badania, upomnie\u0144, \u015bwiadectw pracy, za\u015bwiadcze\u0144 o wynagrodzeniu pracownik\u00f3w oraz innych<\/li>\n<li>obs\u0142ug\u0119 zewn\u0119trznych agencji pracy tymczasowych w zakresie przekazywania zam\u00f3wie\u0144, raportowania czasu pracy oraz kontroli poprawno\u015bci rozlicze\u0144<\/li>\n<li>realizacj\u0119 zada\u0144 nak\u0142adanych na pracodawc\u00f3w przez Ustaw\u0119 o ochronie danych osobowych<\/li>\n<li>regularn\u0105 obecno\u015b\u0107 naszego pracownika w siedzibie klienta (cz\u0119stotliwo\u015b\u0107 wed\u0142ug zapotrzebowania)<\/li>\n<li>dodatkowe wsparcie eksperta w dziedzinie kadr i p\u0142ac, z mo\u017cliwo\u015bci\u0105 cotygodniowych wizyt<\/li>\n<\/ul>\n<h4 style=\"text-align: justify;\"><\/h4>\n<hr \/>\n<h4 style=\"text-align: justify;\"><\/h4>\n<h4 style=\"text-align: justify;\">Zalety korzystania z zewn\u0119trznego serwisu kadrowo-p\u0142acowego:<\/h4>\n<ul>\n<li style=\"text-align: justify;\">\n<h5><strong>Ni\u017csze koszty. Obs\u0142uga kadrowo-p\u0142acowa<\/strong>\u00a0w outsourcingu jest ta\u0144sza ni\u017c koszt zwi\u0105zany z zatrudnieniem etatowego\u00a0pracownika Dzia\u0142u Kadr i P\u0142ac<\/h5>\n<\/li>\n<li style=\"text-align: justify;\">\n<h5><strong>Dodatkowe oszcz\u0119dno\u015bci <\/strong>zwi\u0105zane z brakiem urlop\u00f3w, zwolnie\u0144 lekarskich, nadgodzin, wynagrodze\u0144 z tytu\u0142u opieki oraz innych \u015bwiadcze\u0144 nale\u017cnych etatowemu pracownikowi Dzia\u0142u Kadr i P\u0142ac<\/h5>\n<\/li>\n<li style=\"text-align: justify;\">\n<h5>Gwarantowane niezw\u0142oczne i profesjonalne <strong>zast\u0119pstwo lub dodatkowe wsparcie<\/strong> osobowe w razie potrzeby<\/h5>\n<\/li>\n<li style=\"text-align: justify;\">\n<h5>Wysokie kompetencje os\u00f3b zaanga\u017cowanych, wsparcie eksperta w zakresie prawa pracy, zmieniaj\u0105cych si\u0119 przepis\u00f3w kadrowo-p\u0142acowych oraz BHP<\/h5>\n<\/li>\n<li style=\"text-align: justify;\">\n<h5>Zachowanie ca\u0142kowitej poufno\u015bci wynagrodze\u0144 w firmie<\/h5>\n<\/li>\n<li>\n<h5 style=\"text-align: justify;\"><strong>Rabat na dodatkowe us\u0142ugi<\/strong>, takie jak: <a href=\"http:\/\/logart.com.pl\/index.php\/dla-pracodawcy\/rekrutacja-menedzerow-i-specjalistow\/\">rekrutacja<\/a> oraz <a href=\"http:\/\/logart.com.pl\/index.php\/strona-glowna\/leasing-pracowniczy\/\">udost\u0119pnianie pracownik\u00f3w tymczasowych<\/a><\/h5>\n<\/li>\n<\/ul>\n<p><\/p>","protected":false},"excerpt":{"rendered":"<p>Coraz wi\u0119cej firm decyduje si\u0119 na powierzenie obs\u0142ugi kadrowo &#8211; p\u0142acowej zewn\u0119trznemu partnerowi.<br \/>\n\u0141\u0105czne oszcz\u0119dno\u015bci przy zastosowaniu takiego rozwi\u0105zania si\u0119gaj\u0105 30%.<\/p>\n","protected":false},"author":1,"featured_media":0,"parent":114,"menu_order":12,"comment_status":"closed","ping_status":"closed","template":"","meta":{"_mi_skip_tracking":false,"_monsterinsights_sitenote_active":false,"_monsterinsights_sitenote_note":"","_monsterinsights_sitenote_category":0},"acf":[],"yoast_head":"<!-- This site is optimized with the Yoast SEO plugin v21.3 - https:\/\/yoast.com\/wordpress\/plugins\/seo\/ -->\n<title>Serwis kadrowo-p\u0142acowy - Logart<\/title>\n<meta name=\"robots\" content=\"index, follow, max-snippet:-1, max-image-preview:large, max-video-preview:-1\" \/>\n<link rel=\"canonical\" href=\"https:\/\/www.sitemaps.logart.com.pl\/index.php\/dla-pracodawcy\/serwis-kadrowo-placowy\/\" \/>\n<meta property=\"og:locale\" content=\"pl_PL\" \/>\n<meta property=\"og:type\" content=\"article\" \/>\n<meta property=\"og:title\" content=\"[:pl]Serwis kadrowo-p\u0142acowy[:en]HR and payroll services[:ru]\u041e\u0431\u0441\u043b\u0443\u0436\u0438\u0432\u0430\u043d\u0438\u0435 \u043f\u0435\u0440\u0441\u043e\u043d\u0430\u043b\u0430 \u0438 \u0440\u0430\u0441\u0447\u0435\u0442 \u0437\u0430\u0440\u0430\u0431\u043e\u0442\u043d\u043e\u0439 \u043f\u043b\u0430\u0442\u044b[:] - Logart\" \/>\n<meta property=\"og:description\" content=\"[:pl]Coraz wi\u0119cej firm decyduje si\u0119 na powierzenie obs\u0142ugi kadrowo - p\u0142acowej zewn\u0119trznemu partnerowi. \u0141\u0105czne oszcz\u0119dno\u015bci przy zastosowaniu takiego rozwi\u0105zania si\u0119gaj\u0105 30%.  [:en]More and more companies decide to entrust human resource and payroll service to outside partner. Total savings with use of such solution reaches 30%.[:ru]\u0412\u0441\u0435 \u0431\u043e\u043b\u044c\u0448\u0435 \u0444\u0438\u0440\u043c \u0440\u0435\u0448\u0430\u044e\u0442\u0441\u044f \u043d\u0430 \u043f\u043e\u0440\u0443\u0447\u0435\u043d\u0438\u0435 \u043e\u0431\u043b\u0443\u0436\u0438\u0432\u0430\u043d\u0438\u044f \u043f\u0435\u0440\u0441\u043e\u043d\u0430\u043b\u0430 \u0438 \u0440\u0430\u0441\u0447\u0435\u0442\u0430 \u0437\u0430\u0440\u0430\u0431\u043e\u0442\u043d\u043e\u0439 \u043f\u043b\u0430\u0442\u044b \u0432\u043d\u0435\u0448\u043d\u0435\u043c\u0443 \u043f\u0430\u0440\u0442\u043d\u0435\u0440\u0443. \u041e\u0431\u0449\u0430\u044f \u044d\u043a\u043e\u043d\u043e\u043c\u0438\u044f \u0441 \u0438\u0441\u043f\u043e\u043b\u044c\u0437\u043e\u0432\u0430\u043d\u0438\u0435\u043c \u0442\u0430\u043a\u0438\u0445 \u0440\u0435\u0448\u0435\u043d\u0438\u0439 \u0434\u043e\u0441\u0442\u0438\u0433\u0430\u0435\u0442 30%.[:]\" \/>\n<meta property=\"og:url\" content=\"https:\/\/www.sitemaps.logart.com.pl\/index.php\/dla-pracodawcy\/serwis-kadrowo-placowy\/\" \/>\n<meta property=\"og:site_name\" content=\"Logart\" \/>\n<meta property=\"article:modified_time\" content=\"2019-07-11T12:14:35+00:00\" \/>\n<meta name=\"twitter:card\" content=\"summary_large_image\" \/>\n<meta name=\"twitter:label1\" content=\"Szacowany czas czytania\" \/>\n\t<meta name=\"twitter:data1\" content=\"3 minuty\" \/>\n<script type=\"application\/ld+json\" class=\"yoast-schema-graph\">{\"@context\":\"https:\/\/schema.org\",\"@graph\":[{\"@type\":\"WebPage\",\"@id\":\"https:\/\/www.sitemaps.logart.com.pl\/index.php\/dla-pracodawcy\/serwis-kadrowo-placowy\/\",\"url\":\"https:\/\/www.sitemaps.logart.com.pl\/index.php\/dla-pracodawcy\/serwis-kadrowo-placowy\/\",\"name\":\"[:pl]Serwis kadrowo-p\u0142acowy[:en]HR and payroll services[:ru]\u041e\u0431\u0441\u043b\u0443\u0436\u0438\u0432\u0430\u043d\u0438\u0435 \u043f\u0435\u0440\u0441\u043e\u043d\u0430\u043b\u0430 \u0438 \u0440\u0430\u0441\u0447\u0435\u0442 \u0437\u0430\u0440\u0430\u0431\u043e\u0442\u043d\u043e\u0439 \u043f\u043b\u0430\u0442\u044b[:] - Logart\",\"isPartOf\":{\"@id\":\"https:\/\/logart.com.pl\/#website\"},\"datePublished\":\"2016-01-20T22:19:49+00:00\",\"dateModified\":\"2019-07-11T12:14:35+00:00\",\"breadcrumb\":{\"@id\":\"https:\/\/www.sitemaps.logart.com.pl\/index.php\/dla-pracodawcy\/serwis-kadrowo-placowy\/#breadcrumb\"},\"inLanguage\":\"pl-PL\",\"potentialAction\":[{\"@type\":\"ReadAction\",\"target\":[\"https:\/\/www.sitemaps.logart.com.pl\/index.php\/dla-pracodawcy\/serwis-kadrowo-placowy\/\"]}]},{\"@type\":\"BreadcrumbList\",\"@id\":\"https:\/\/www.sitemaps.logart.com.pl\/index.php\/dla-pracodawcy\/serwis-kadrowo-placowy\/#breadcrumb\",\"itemListElement\":[{\"@type\":\"ListItem\",\"position\":1,\"name\":\"Strona g\u0142\u00f3wna\",\"item\":\"https:\/\/logart.com.pl\/\"},{\"@type\":\"ListItem\",\"position\":2,\"name\":\"For employers\",\"item\":\"https:\/\/logart.com.pl\/index.php\/dla-pracodawcy\/?lang=en\"},{\"@type\":\"ListItem\",\"position\":3,\"name\":\"Serwis kadrowo-p\u0142acowy\"}]},{\"@type\":\"WebSite\",\"@id\":\"https:\/\/logart.com.pl\/#website\",\"url\":\"https:\/\/logart.com.pl\/\",\"name\":\"Logart\",\"description\":\"Personnel Consulting\",\"potentialAction\":[{\"@type\":\"SearchAction\",\"target\":{\"@type\":\"EntryPoint\",\"urlTemplate\":\"https:\/\/logart.com.pl\/?s={search_term_string}\"},\"query-input\":\"required name=search_term_string\"}],\"inLanguage\":\"pl-PL\"}]}<\/script>\n<!-- \/ Yoast SEO plugin. -->","yoast_head_json":{"title":"[:pl]Serwis kadrowo-p\u0142acowy[:en]HR and payroll services[:ru]\u041e\u0431\u0441\u043b\u0443\u0436\u0438\u0432\u0430\u043d\u0438\u0435 \u043f\u0435\u0440\u0441\u043e\u043d\u0430\u043b\u0430 \u0438 \u0440\u0430\u0441\u0447\u0435\u0442 \u0437\u0430\u0440\u0430\u0431\u043e\u0442\u043d\u043e\u0439 \u043f\u043b\u0430\u0442\u044b[:] - Logart","robots":{"index":"index","follow":"follow","max-snippet":"max-snippet:-1","max-image-preview":"max-image-preview:large","max-video-preview":"max-video-preview:-1"},"canonical":"https:\/\/www.sitemaps.logart.com.pl\/index.php\/dla-pracodawcy\/serwis-kadrowo-placowy\/","og_locale":"pl_PL","og_type":"article","og_title":"[:pl]Serwis kadrowo-p\u0142acowy[:en]HR and payroll services[:ru]\u041e\u0431\u0441\u043b\u0443\u0436\u0438\u0432\u0430\u043d\u0438\u0435 \u043f\u0435\u0440\u0441\u043e\u043d\u0430\u043b\u0430 \u0438 \u0440\u0430\u0441\u0447\u0435\u0442 \u0437\u0430\u0440\u0430\u0431\u043e\u0442\u043d\u043e\u0439 \u043f\u043b\u0430\u0442\u044b[:] - Logart","og_description":"[:pl]Coraz wi\u0119cej firm decyduje si\u0119 na powierzenie obs\u0142ugi kadrowo - p\u0142acowej zewn\u0119trznemu partnerowi. \u0141\u0105czne oszcz\u0119dno\u015bci przy zastosowaniu takiego rozwi\u0105zania si\u0119gaj\u0105 30%.  [:en]More and more companies decide to entrust human resource and payroll service to outside partner. Total savings with use of such solution reaches 30%.[:ru]\u0412\u0441\u0435 \u0431\u043e\u043b\u044c\u0448\u0435 \u0444\u0438\u0440\u043c \u0440\u0435\u0448\u0430\u044e\u0442\u0441\u044f \u043d\u0430 \u043f\u043e\u0440\u0443\u0447\u0435\u043d\u0438\u0435 \u043e\u0431\u043b\u0443\u0436\u0438\u0432\u0430\u043d\u0438\u044f \u043f\u0435\u0440\u0441\u043e\u043d\u0430\u043b\u0430 \u0438 \u0440\u0430\u0441\u0447\u0435\u0442\u0430 \u0437\u0430\u0440\u0430\u0431\u043e\u0442\u043d\u043e\u0439 \u043f\u043b\u0430\u0442\u044b \u0432\u043d\u0435\u0448\u043d\u0435\u043c\u0443 \u043f\u0430\u0440\u0442\u043d\u0435\u0440\u0443. \u041e\u0431\u0449\u0430\u044f \u044d\u043a\u043e\u043d\u043e\u043c\u0438\u044f \u0441 \u0438\u0441\u043f\u043e\u043b\u044c\u0437\u043e\u0432\u0430\u043d\u0438\u0435\u043c \u0442\u0430\u043a\u0438\u0445 \u0440\u0435\u0448\u0435\u043d\u0438\u0439 \u0434\u043e\u0441\u0442\u0438\u0433\u0430\u0435\u0442 30%.[:]","og_url":"https:\/\/www.sitemaps.logart.com.pl\/index.php\/dla-pracodawcy\/serwis-kadrowo-placowy\/","og_site_name":"Logart","article_modified_time":"2019-07-11T12:14:35+00:00","twitter_card":"summary_large_image","twitter_misc":{"Szacowany czas czytania":"3 minuty"},"schema":{"@context":"https:\/\/schema.org","@graph":[{"@type":"WebPage","@id":"https:\/\/www.sitemaps.logart.com.pl\/index.php\/dla-pracodawcy\/serwis-kadrowo-placowy\/","url":"https:\/\/www.sitemaps.logart.com.pl\/index.php\/dla-pracodawcy\/serwis-kadrowo-placowy\/","name":"[:pl]Serwis kadrowo-p\u0142acowy[:en]HR and payroll services[:ru]\u041e\u0431\u0441\u043b\u0443\u0436\u0438\u0432\u0430\u043d\u0438\u0435 \u043f\u0435\u0440\u0441\u043e\u043d\u0430\u043b\u0430 \u0438 \u0440\u0430\u0441\u0447\u0435\u0442 \u0437\u0430\u0440\u0430\u0431\u043e\u0442\u043d\u043e\u0439 \u043f\u043b\u0430\u0442\u044b[:] - Logart","isPartOf":{"@id":"https:\/\/logart.com.pl\/#website"},"datePublished":"2016-01-20T22:19:49+00:00","dateModified":"2019-07-11T12:14:35+00:00","breadcrumb":{"@id":"https:\/\/www.sitemaps.logart.com.pl\/index.php\/dla-pracodawcy\/serwis-kadrowo-placowy\/#breadcrumb"},"inLanguage":"pl-PL","potentialAction":[{"@type":"ReadAction","target":["https:\/\/www.sitemaps.logart.com.pl\/index.php\/dla-pracodawcy\/serwis-kadrowo-placowy\/"]}]},{"@type":"BreadcrumbList","@id":"https:\/\/www.sitemaps.logart.com.pl\/index.php\/dla-pracodawcy\/serwis-kadrowo-placowy\/#breadcrumb","itemListElement":[{"@type":"ListItem","position":1,"name":"Strona g\u0142\u00f3wna","item":"https:\/\/logart.com.pl\/"},{"@type":"ListItem","position":2,"name":"For employers","item":"https:\/\/logart.com.pl\/index.php\/dla-pracodawcy\/?lang=en"},{"@type":"ListItem","position":3,"name":"Serwis kadrowo-p\u0142acowy"}]},{"@type":"WebSite","@id":"https:\/\/logart.com.pl\/#website","url":"https:\/\/logart.com.pl\/","name":"Logart","description":"Personnel Consulting","potentialAction":[{"@type":"SearchAction","target":{"@type":"EntryPoint","urlTemplate":"https:\/\/logart.com.pl\/?s={search_term_string}"},"query-input":"required name=search_term_string"}],"inLanguage":"pl-PL"}]}},"_links":{"self":[{"href":"https:\/\/logart.com.pl\/index.php\/wp-json\/wp\/v2\/pages\/334"}],"collection":[{"href":"https:\/\/logart.com.pl\/index.php\/wp-json\/wp\/v2\/pages"}],"about":[{"href":"https:\/\/logart.com.pl\/index.php\/wp-json\/wp\/v2\/types\/page"}],"author":[{"embeddable":true,"href":"https:\/\/logart.com.pl\/index.php\/wp-json\/wp\/v2\/users\/1"}],"replies":[{"embeddable":true,"href":"https:\/\/logart.com.pl\/index.php\/wp-json\/wp\/v2\/comments?post=334"}],"version-history":[{"count":39,"href":"https:\/\/logart.com.pl\/index.php\/wp-json\/wp\/v2\/pages\/334\/revisions"}],"predecessor-version":[{"id":1994,"href":"https:\/\/logart.com.pl\/index.php\/wp-json\/wp\/v2\/pages\/334\/revisions\/1994"}],"up":[{"embeddable":true,"href":"https:\/\/logart.com.pl\/index.php\/wp-json\/wp\/v2\/pages\/114"}],"wp:attachment":[{"href":"https:\/\/logart.com.pl\/index.php\/wp-json\/wp\/v2\/media?parent=334"}],"curies":[{"name":"wp","href":"https:\/\/api.w.org\/{rel}","templated":true}]}}