{"id":274,"date":"2016-01-17T22:14:56","date_gmt":"2016-01-17T22:14:56","guid":{"rendered":"http:\/\/logart.com.pl\/?page_id=274"},"modified":"2019-07-11T13:28:13","modified_gmt":"2019-07-11T13:28:13","slug":"praca-tymczasowa","status":"publish","type":"page","link":"https:\/\/logart.com.pl\/index.php\/dla-kandydata\/praca-tymczasowa\/","title":{"rendered":"Praca tymczasowa"},"content":{"rendered":"<p><\/p>\n<h3 style=\"text-align: justify;\">Praca tymczasowa<\/h3>\n<p style=\"text-align: justify;\">Praca tymczasowa to forma zatrudnienia o charakterze okresowym, anga\u017cuj\u0105ca trzy podmioty: pracownika, pracodawc\u0119 u\u017cytkownika i agencj\u0119 zatrudnienia.<\/p>\n<p style=\"text-align: justify;\">Z perspektywy pracownika zatrudnienie czasowe oznacza mo\u017cliwo\u015b\u0107 podj\u0119cia pracy od zaraz, bez konieczno\u015bci posiadania do\u015bwiadczenia zawodowego w danej dziedzinie. To tak\u017ce mo\u017cliwo\u015b\u0107 uzyskania dodatkowego dochodu dla os\u00f3b ucz\u0105cych si\u0119 lub b\u0119d\u0105cych na emeryturze. Z perspektywy pracodawcy zatrudnienie pracownik\u00f3w tymczasowych oznacza mo\u017cliwo\u015b\u0107 dopasowania wielko\u015bci zatrudnienia do zmiennych potrzeb przedsi\u0119biorstwa \u2013 na przyk\u0142ad zak\u0142adu produkcyjnego lub magazynu.<\/p>\n<p style=\"text-align: justify;\"><a href=\"http:\/\/logart.com.pl\/wp-content\/uploads\/2016\/01\/Rysunek3.jpg\"><img decoding=\"async\" loading=\"lazy\" class=\"aligncenter wp-image-895\" src=\"http:\/\/logart.com.pl\/wp-content\/uploads\/2016\/01\/Rysunek3-1024x597.jpg\" alt=\"Rysunek3\" width=\"780\" height=\"455\" srcset=\"https:\/\/logart.com.pl\/wp-content\/uploads\/2016\/01\/Rysunek3-1024x597.jpg 1024w, https:\/\/logart.com.pl\/wp-content\/uploads\/2016\/01\/Rysunek3-300x175.jpg 300w\" sizes=\"(max-width: 780px) 100vw, 780px\" \/><\/a><\/p>\n<p style=\"text-align: justify;\">Praca tymczasowa wykonywana jest w miejscu wskazanym przez tzw. pracodawc\u0119 u\u017cytkownika i pod jego kierownictwem, natomiast <strong>formalnym pracodawc\u0105 jest agencja zatrudnienia<\/strong>.<\/p>\n<p style=\"text-align: justify;\">Oznacza to, \u017ce <strong>umowa o prac\u0119 tymczasow\u0105 lub umowa zlecenie zawierana jest pomi\u0119dzy pracownikiem a agencj\u0105 zatrudnienia<\/strong>. Do obowi\u0105zk\u00f3w agencji nale\u017cy mi\u0119dzy innymi ewidencja czasu pracy, wyp\u0142ata wynagrodze\u0144 oraz udost\u0119pnianie pracownikom tymczasowym dokument\u00f3w zwi\u0105zanych ze stosunkiem pracy.<\/p>\n<p style=\"text-align: justify;\">Pomi\u0119dzy agencj\u0105 zatrudnienia a pracodawc\u0105 u\u017cytkownikiem zawierana jest umowa ramowa okre\u015blaj\u0105ca warunki pracy i szkolenia pracownik\u00f3w tymczasowych oraz zasady wyp\u0142acania wynagrodze\u0144.<\/p>\n<hr \/>\n<h4><\/h4>\n<h4><span style=\"color: #800000;\">Pami\u0119taj:<\/span><\/h4>\n<h5 style=\"text-align: justify;\">Pracownik tymczasowy oddelegowany przez agencj\u0119 nie mo\u017ce mie\u0107 podstawowej stawki wynagrodzenia ni\u017cszej ni\u017c osoba zatrudniona na tym samym stanowisku w ramach umowy bezpo\u015bredniej z pracodawc\u0105.<strong> Agencja pracy tymczasowej Logart nigdy nie potr\u0105ca cz\u0119\u015bci wynagrodzenia pracownika, aby sfinansowa\u0107 swoj\u0105 dzia\u0142alno\u015b\u0107. <\/strong>Koszt wynagrodzenia za prac\u0119 agencji jest zawsze\u00a0ponosi pracodawca.<\/h5>\n<hr \/>\n<p>Logart Personnel Consulting najcz\u0119\u015bciej oferuje podj\u0119cie pracy tymczasowej w obszarach produkcji i magazynowania. Dla naszych klient\u00f3w w <strong>Warszawie<\/strong> i okolicach (m.in. <strong>Teresin<\/strong>, <strong>Grodzisk Mazowiecki<\/strong>, <strong>Sochaczew<\/strong>) wyszukujemy pracownik\u00f3w m.in. na stanowiska:<\/p>\n<ul style=\"text-align: justify;\">\n<li style=\"text-align: justify;\">\n<h5><strong>Pracownik kompletowania zam\u00f3wie\u0144<\/strong><\/h5>\n<\/li>\n<li style=\"text-align: justify;\">\n<h5><strong>Pracownik pomocniczy magazynu<\/strong><\/h5>\n<\/li>\n<li style=\"text-align: justify;\">\n<h5><strong>Pakowacz\/ka <\/strong><\/h5>\n<\/li>\n<li style=\"text-align: justify;\">\n<h5><strong>Operator linii produkcyjnej<\/strong><\/h5>\n<\/li>\n<li style=\"text-align: justify;\">\n<h5><strong>Pracownik przygotowania wysy\u0142ek<\/strong><\/h5>\n<\/li>\n<\/ul>\n<p><\/p>","protected":false},"excerpt":{"rendered":"<p>Praca tymczasowa Praca tymczasowa to forma zatrudnienia o charakterze okresowym, anga\u017cuj\u0105ca trzy podmioty: pracownika, pracodawc\u0119 u\u017cytkownika i agencj\u0119 zatrudnienia. Z perspektywy pracownika zatrudnienie czasowe oznacza mo\u017cliwo\u015b\u0107 podj\u0119cia pracy od zaraz, bez konieczno\u015bci posiadania do\u015bwiadczenia zawodowego w danej dziedzinie. To tak\u017ce mo\u017cliwo\u015b\u0107 uzyskania dodatkowego dochodu dla os\u00f3b ucz\u0105cych si\u0119 lub b\u0119d\u0105cych na emeryturze. Z perspektywy pracodawcy &hellip; <a href=\"https:\/\/logart.com.pl\/index.php\/dla-kandydata\/praca-tymczasowa\/\" class=\"more-link\">Czytaj dalej <span class=\"screen-reader-text\">Praca tymczasowa<\/span> <span class=\"meta-nav\">&rarr;<\/span><\/a><\/p>\n","protected":false},"author":1,"featured_media":0,"parent":117,"menu_order":26,"comment_status":"closed","ping_status":"closed","template":"","meta":{"_mi_skip_tracking":false,"_monsterinsights_sitenote_active":false,"_monsterinsights_sitenote_note":"","_monsterinsights_sitenote_category":0},"acf":[],"yoast_head":"<!-- This site is optimized with the Yoast SEO plugin v21.3 - https:\/\/yoast.com\/wordpress\/plugins\/seo\/ -->\n<title>Praca tymczasowa - Logart<\/title>\n<meta name=\"robots\" content=\"index, follow, max-snippet:-1, max-image-preview:large, max-video-preview:-1\" \/>\n<link rel=\"canonical\" href=\"https:\/\/logart.com.pl\/index.php\/dla-kandydata\/praca-tymczasowa\/?lang=ru\" \/>\n<meta property=\"og:locale\" content=\"pl_PL\" \/>\n<meta property=\"og:type\" content=\"article\" \/>\n<meta property=\"og:title\" content=\"[:pl]Praca tymczasowa[:en]Temporary work[:ru]\u0412\u0440\u0435\u043c\u0435\u043d\u043d\u043e\u0435 \u0442\u0440\u0443\u0434\u043e\u0443\u0441\u0442\u0440\u043e\u0439\u0441\u0442\u0432\u043e[:] - Logart\" \/>\n<meta property=\"og:description\" content=\"Praca tymczasowa Praca tymczasowa to forma zatrudnienia o charakterze okresowym, anga\u017cuj\u0105ca trzy podmioty: pracownika, pracodawc\u0119 u\u017cytkownika i agencj\u0119 zatrudnienia. Z perspektywy pracownika zatrudnienie czasowe oznacza mo\u017cliwo\u015b\u0107 podj\u0119cia pracy od zaraz, bez konieczno\u015bci posiadania do\u015bwiadczenia zawodowego w danej dziedzinie. To tak\u017ce mo\u017cliwo\u015b\u0107 uzyskania dodatkowego dochodu dla os\u00f3b ucz\u0105cych si\u0119 lub b\u0119d\u0105cych na emeryturze. Z perspektywy pracodawcy &hellip; Czytaj dalej Praca tymczasowa &rarr;\" \/>\n<meta property=\"og:url\" content=\"https:\/\/logart.com.pl\/index.php\/dla-kandydata\/praca-tymczasowa\/?lang=ru\" \/>\n<meta property=\"og:site_name\" content=\"Logart\" \/>\n<meta property=\"article:modified_time\" content=\"2019-07-11T13:28:13+00:00\" \/>\n<meta property=\"og:image\" content=\"http:\/\/logart.com.pl\/wp-content\/uploads\/2016\/01\/Rysunek3-1024x597.jpg\" \/>\n<meta name=\"twitter:card\" content=\"summary_large_image\" \/>\n<meta name=\"twitter:label1\" content=\"Szacowany czas czytania\" \/>\n\t<meta name=\"twitter:data1\" content=\"3 minuty\" \/>\n<script type=\"application\/ld+json\" class=\"yoast-schema-graph\">{\"@context\":\"https:\/\/schema.org\",\"@graph\":[{\"@type\":\"WebPage\",\"@id\":\"https:\/\/logart.com.pl\/index.php\/dla-kandydata\/praca-tymczasowa\/?lang=ru\",\"url\":\"https:\/\/logart.com.pl\/index.php\/dla-kandydata\/praca-tymczasowa\/?lang=ru\",\"name\":\"[:pl]Praca tymczasowa[:en]Temporary work[:ru]\u0412\u0440\u0435\u043c\u0435\u043d\u043d\u043e\u0435 \u0442\u0440\u0443\u0434\u043e\u0443\u0441\u0442\u0440\u043e\u0439\u0441\u0442\u0432\u043e[:] - Logart\",\"isPartOf\":{\"@id\":\"https:\/\/logart.com.pl\/#website\"},\"datePublished\":\"2016-01-17T22:14:56+00:00\",\"dateModified\":\"2019-07-11T13:28:13+00:00\",\"breadcrumb\":{\"@id\":\"https:\/\/logart.com.pl\/index.php\/dla-kandydata\/praca-tymczasowa\/?lang=ru#breadcrumb\"},\"inLanguage\":\"pl-PL\",\"potentialAction\":[{\"@type\":\"ReadAction\",\"target\":[\"https:\/\/logart.com.pl\/index.php\/dla-kandydata\/praca-tymczasowa\/?lang=ru\"]}]},{\"@type\":\"BreadcrumbList\",\"@id\":\"https:\/\/logart.com.pl\/index.php\/dla-kandydata\/praca-tymczasowa\/?lang=ru#breadcrumb\",\"itemListElement\":[{\"@type\":\"ListItem\",\"position\":1,\"name\":\"Strona g\u0142\u00f3wna\",\"item\":\"https:\/\/logart.com.pl\/\"},{\"@type\":\"ListItem\",\"position\":2,\"name\":\"Dla kandydata\",\"item\":\"https:\/\/logart.com.pl\/index.php\/dla-kandydata\/\"},{\"@type\":\"ListItem\",\"position\":3,\"name\":\"\u0412\u0440\u0435\u043c\u0435\u043d\u043d\u043e\u0435 \u0442\u0440\u0443\u0434\u043e\u0443\u0441\u0442\u0440\u043e\u0439\u0441\u0442\u0432\u043e\"}]},{\"@type\":\"WebSite\",\"@id\":\"https:\/\/logart.com.pl\/#website\",\"url\":\"https:\/\/logart.com.pl\/\",\"name\":\"Logart\",\"description\":\"Personnel Consulting\",\"potentialAction\":[{\"@type\":\"SearchAction\",\"target\":{\"@type\":\"EntryPoint\",\"urlTemplate\":\"https:\/\/logart.com.pl\/?s={search_term_string}\"},\"query-input\":\"required name=search_term_string\"}],\"inLanguage\":\"pl-PL\"}]}<\/script>\n<!-- \/ Yoast SEO plugin. -->","yoast_head_json":{"title":"[:pl]Praca tymczasowa[:en]Temporary work[:ru]\u0412\u0440\u0435\u043c\u0435\u043d\u043d\u043e\u0435 \u0442\u0440\u0443\u0434\u043e\u0443\u0441\u0442\u0440\u043e\u0439\u0441\u0442\u0432\u043e[:] - Logart","robots":{"index":"index","follow":"follow","max-snippet":"max-snippet:-1","max-image-preview":"max-image-preview:large","max-video-preview":"max-video-preview:-1"},"canonical":"https:\/\/logart.com.pl\/index.php\/dla-kandydata\/praca-tymczasowa\/?lang=ru","og_locale":"pl_PL","og_type":"article","og_title":"[:pl]Praca tymczasowa[:en]Temporary work[:ru]\u0412\u0440\u0435\u043c\u0435\u043d\u043d\u043e\u0435 \u0442\u0440\u0443\u0434\u043e\u0443\u0441\u0442\u0440\u043e\u0439\u0441\u0442\u0432\u043e[:] - Logart","og_description":"Praca tymczasowa Praca tymczasowa to forma zatrudnienia o charakterze okresowym, anga\u017cuj\u0105ca trzy podmioty: pracownika, pracodawc\u0119 u\u017cytkownika i agencj\u0119 zatrudnienia. Z perspektywy pracownika zatrudnienie czasowe oznacza mo\u017cliwo\u015b\u0107 podj\u0119cia pracy od zaraz, bez konieczno\u015bci posiadania do\u015bwiadczenia zawodowego w danej dziedzinie. To tak\u017ce mo\u017cliwo\u015b\u0107 uzyskania dodatkowego dochodu dla os\u00f3b ucz\u0105cych si\u0119 lub b\u0119d\u0105cych na emeryturze. Z perspektywy pracodawcy &hellip; Czytaj dalej Praca tymczasowa &rarr;","og_url":"https:\/\/logart.com.pl\/index.php\/dla-kandydata\/praca-tymczasowa\/?lang=ru","og_site_name":"Logart","article_modified_time":"2019-07-11T13:28:13+00:00","og_image":[{"url":"http:\/\/logart.com.pl\/wp-content\/uploads\/2016\/01\/Rysunek3-1024x597.jpg"}],"twitter_card":"summary_large_image","twitter_misc":{"Szacowany czas czytania":"3 minuty"},"schema":{"@context":"https:\/\/schema.org","@graph":[{"@type":"WebPage","@id":"https:\/\/logart.com.pl\/index.php\/dla-kandydata\/praca-tymczasowa\/?lang=ru","url":"https:\/\/logart.com.pl\/index.php\/dla-kandydata\/praca-tymczasowa\/?lang=ru","name":"[:pl]Praca tymczasowa[:en]Temporary work[:ru]\u0412\u0440\u0435\u043c\u0435\u043d\u043d\u043e\u0435 \u0442\u0440\u0443\u0434\u043e\u0443\u0441\u0442\u0440\u043e\u0439\u0441\u0442\u0432\u043e[:] - Logart","isPartOf":{"@id":"https:\/\/logart.com.pl\/#website"},"datePublished":"2016-01-17T22:14:56+00:00","dateModified":"2019-07-11T13:28:13+00:00","breadcrumb":{"@id":"https:\/\/logart.com.pl\/index.php\/dla-kandydata\/praca-tymczasowa\/?lang=ru#breadcrumb"},"inLanguage":"pl-PL","potentialAction":[{"@type":"ReadAction","target":["https:\/\/logart.com.pl\/index.php\/dla-kandydata\/praca-tymczasowa\/?lang=ru"]}]},{"@type":"BreadcrumbList","@id":"https:\/\/logart.com.pl\/index.php\/dla-kandydata\/praca-tymczasowa\/?lang=ru#breadcrumb","itemListElement":[{"@type":"ListItem","position":1,"name":"Strona g\u0142\u00f3wna","item":"https:\/\/logart.com.pl\/"},{"@type":"ListItem","position":2,"name":"Dla kandydata","item":"https:\/\/logart.com.pl\/index.php\/dla-kandydata\/"},{"@type":"ListItem","position":3,"name":"\u0412\u0440\u0435\u043c\u0435\u043d\u043d\u043e\u0435 \u0442\u0440\u0443\u0434\u043e\u0443\u0441\u0442\u0440\u043e\u0439\u0441\u0442\u0432\u043e"}]},{"@type":"WebSite","@id":"https:\/\/logart.com.pl\/#website","url":"https:\/\/logart.com.pl\/","name":"Logart","description":"Personnel Consulting","potentialAction":[{"@type":"SearchAction","target":{"@type":"EntryPoint","urlTemplate":"https:\/\/logart.com.pl\/?s={search_term_string}"},"query-input":"required name=search_term_string"}],"inLanguage":"pl-PL"}]}},"_links":{"self":[{"href":"https:\/\/logart.com.pl\/index.php\/wp-json\/wp\/v2\/pages\/274"}],"collection":[{"href":"https:\/\/logart.com.pl\/index.php\/wp-json\/wp\/v2\/pages"}],"about":[{"href":"https:\/\/logart.com.pl\/index.php\/wp-json\/wp\/v2\/types\/page"}],"author":[{"embeddable":true,"href":"https:\/\/logart.com.pl\/index.php\/wp-json\/wp\/v2\/users\/1"}],"replies":[{"embeddable":true,"href":"https:\/\/logart.com.pl\/index.php\/wp-json\/wp\/v2\/comments?post=274"}],"version-history":[{"count":55,"href":"https:\/\/logart.com.pl\/index.php\/wp-json\/wp\/v2\/pages\/274\/revisions"}],"predecessor-version":[{"id":2006,"href":"https:\/\/logart.com.pl\/index.php\/wp-json\/wp\/v2\/pages\/274\/revisions\/2006"}],"up":[{"embeddable":true,"href":"https:\/\/logart.com.pl\/index.php\/wp-json\/wp\/v2\/pages\/117"}],"wp:attachment":[{"href":"https:\/\/logart.com.pl\/index.php\/wp-json\/wp\/v2\/media?parent=274"}],"curies":[{"name":"wp","href":"https:\/\/api.w.org\/{rel}","templated":true}]}}