{"id":2210,"date":"2024-10-09T12:35:50","date_gmt":"2024-10-09T12:35:50","guid":{"rendered":"https:\/\/logart.com.pl\/?page_id=2210"},"modified":"2024-10-09T12:35:50","modified_gmt":"2024-10-09T12:35:50","slug":"sygnalisci","status":"publish","type":"page","link":"https:\/\/logart.com.pl\/index.php\/dla-kandydata\/sygnalisci\/","title":{"rendered":"Sygnali\u015bci"},"content":{"rendered":"<p><\/p>\n<h3 style=\"text-align: justify;\">Sygnali\u015bci<\/h3>\n<div>\n<p style=\"font-weight: 400;\">Z dniem 25.09.2024 r. wesz\u0142a w \u017cycie Ustawa o ochronie sygnalist\u00f3w, kt\u00f3ra zosta\u0142a wdro\u017cona w Logart Sp. z o.o., zgodnie z wymaganiami prawa.<\/p>\n<p style=\"font-weight: 400;\">Zg\u0142oszenia narusze\u0144:\u00a0<a href=\"mailto:sygnalista@logart.com.pl\">sygnalista@logart.com.pl<\/a><\/p>\n<p style=\"font-weight: 400;\">Procedura zg\u0142osze\u0144 wew.: <a href=\"https:\/\/logart.com.pl\/wp-content\/uploads\/2024\/10\/Logart_Sp_z_o_o_ochrona_sygnalistow.pdf\">pobierz<\/a><\/p>\n<\/div>\n<p><\/p>","protected":false},"excerpt":{"rendered":"<p>Sygnali\u015bci Z dniem 25.09.2024 r. wesz\u0142a w \u017cycie Ustawa o ochronie sygnalist\u00f3w, kt\u00f3ra zosta\u0142a wdro\u017cona w Logart Sp. z o.o., zgodnie z wymaganiami prawa. Zg\u0142oszenia narusze\u0144:\u00a0sygnalista@logart.com.pl Procedura zg\u0142osze\u0144 wew.: pobierz<\/p>\n","protected":false},"author":1,"featured_media":0,"parent":117,"menu_order":54,"comment_status":"closed","ping_status":"closed","template":"","meta":{"_mi_skip_tracking":false,"_monsterinsights_sitenote_active":false,"_monsterinsights_sitenote_note":"","_monsterinsights_sitenote_category":0},"acf":[],"yoast_head":"<!-- This site is optimized with the Yoast SEO plugin v21.3 - https:\/\/yoast.com\/wordpress\/plugins\/seo\/ -->\n<title>Sygnali\u015bci - Logart<\/title>\n<meta name=\"robots\" content=\"index, follow, max-snippet:-1, max-image-preview:large, max-video-preview:-1\" \/>\n<link rel=\"canonical\" href=\"https:\/\/shop.wp.logart.com.pl\/index.php\/dla-kandydata\/sygnalisci\/\" \/>\n<meta property=\"og:locale\" content=\"pl_PL\" \/>\n<meta property=\"og:type\" content=\"article\" \/>\n<meta property=\"og:title\" content=\"[:pl]Sygnali\u015bci[:en]How to write a CV?[:] - Logart\" \/>\n<meta property=\"og:description\" content=\"Sygnali\u015bci Z dniem 25.09.2024 r. wesz\u0142a w \u017cycie Ustawa o ochronie sygnalist\u00f3w, kt\u00f3ra zosta\u0142a wdro\u017cona w Logart Sp. z o.o., zgodnie z wymaganiami prawa. Zg\u0142oszenia narusze\u0144:\u00a0sygnalista@logart.com.pl Procedura zg\u0142osze\u0144 wew.: pobierz\" \/>\n<meta property=\"og:url\" content=\"https:\/\/shop.wp.logart.com.pl\/index.php\/dla-kandydata\/sygnalisci\/\" \/>\n<meta property=\"og:site_name\" content=\"Logart\" \/>\n<meta property=\"og:image\" content=\"http:\/\/logart.com.pl\/wp-content\/uploads\/2016\/01\/Rysunek7-1024x646.jpg\" \/>\n<meta name=\"twitter:card\" content=\"summary_large_image\" \/>\n<meta name=\"twitter:label1\" content=\"Szacowany czas czytania\" \/>\n\t<meta name=\"twitter:data1\" content=\"1 minuta\" \/>\n<script type=\"application\/ld+json\" class=\"yoast-schema-graph\">{\"@context\":\"https:\/\/schema.org\",\"@graph\":[{\"@type\":\"WebPage\",\"@id\":\"https:\/\/shop.wp.logart.com.pl\/index.php\/dla-kandydata\/sygnalisci\/\",\"url\":\"https:\/\/shop.wp.logart.com.pl\/index.php\/dla-kandydata\/sygnalisci\/\",\"name\":\"[:pl]Sygnali\u015bci[:en]How to write a CV?[:] - Logart\",\"isPartOf\":{\"@id\":\"https:\/\/logart.com.pl\/#website\"},\"datePublished\":\"2024-10-09T12:35:50+00:00\",\"dateModified\":\"2024-10-09T12:35:50+00:00\",\"breadcrumb\":{\"@id\":\"https:\/\/shop.wp.logart.com.pl\/index.php\/dla-kandydata\/sygnalisci\/#breadcrumb\"},\"inLanguage\":\"pl-PL\",\"potentialAction\":[{\"@type\":\"ReadAction\",\"target\":[\"https:\/\/shop.wp.logart.com.pl\/index.php\/dla-kandydata\/sygnalisci\/\"]}]},{\"@type\":\"BreadcrumbList\",\"@id\":\"https:\/\/shop.wp.logart.com.pl\/index.php\/dla-kandydata\/sygnalisci\/#breadcrumb\",\"itemListElement\":[{\"@type\":\"ListItem\",\"position\":1,\"name\":\"Strona g\u0142\u00f3wna\",\"item\":\"https:\/\/logart.com.pl\/\"},{\"@type\":\"ListItem\",\"position\":2,\"name\":\"Dla kandydata\",\"item\":\"https:\/\/logart.com.pl\/index.php\/dla-kandydata\/\"},{\"@type\":\"ListItem\",\"position\":3,\"name\":\"Sygnali\u015bci\"}]},{\"@type\":\"WebSite\",\"@id\":\"https:\/\/logart.com.pl\/#website\",\"url\":\"https:\/\/logart.com.pl\/\",\"name\":\"Logart\",\"description\":\"Personnel Consulting\",\"potentialAction\":[{\"@type\":\"SearchAction\",\"target\":{\"@type\":\"EntryPoint\",\"urlTemplate\":\"https:\/\/logart.com.pl\/?s={search_term_string}\"},\"query-input\":\"required name=search_term_string\"}],\"inLanguage\":\"pl-PL\"}]}<\/script>\n<!-- \/ Yoast SEO plugin. -->","yoast_head_json":{"title":"[:pl]Sygnali\u015bci[:en]How to write a CV?[:] - Logart","robots":{"index":"index","follow":"follow","max-snippet":"max-snippet:-1","max-image-preview":"max-image-preview:large","max-video-preview":"max-video-preview:-1"},"canonical":"https:\/\/shop.wp.logart.com.pl\/index.php\/dla-kandydata\/sygnalisci\/","og_locale":"pl_PL","og_type":"article","og_title":"[:pl]Sygnali\u015bci[:en]How to write a CV?[:] - Logart","og_description":"Sygnali\u015bci Z dniem 25.09.2024 r. wesz\u0142a w \u017cycie Ustawa o ochronie sygnalist\u00f3w, kt\u00f3ra zosta\u0142a wdro\u017cona w Logart Sp. z o.o., zgodnie z wymaganiami prawa. Zg\u0142oszenia narusze\u0144:\u00a0sygnalista@logart.com.pl Procedura zg\u0142osze\u0144 wew.: pobierz","og_url":"https:\/\/shop.wp.logart.com.pl\/index.php\/dla-kandydata\/sygnalisci\/","og_site_name":"Logart","og_image":[{"url":"http:\/\/logart.com.pl\/wp-content\/uploads\/2016\/01\/Rysunek7-1024x646.jpg"}],"twitter_card":"summary_large_image","twitter_misc":{"Szacowany czas czytania":"1 minuta"},"schema":{"@context":"https:\/\/schema.org","@graph":[{"@type":"WebPage","@id":"https:\/\/shop.wp.logart.com.pl\/index.php\/dla-kandydata\/sygnalisci\/","url":"https:\/\/shop.wp.logart.com.pl\/index.php\/dla-kandydata\/sygnalisci\/","name":"[:pl]Sygnali\u015bci[:en]How to write a CV?[:] - Logart","isPartOf":{"@id":"https:\/\/logart.com.pl\/#website"},"datePublished":"2024-10-09T12:35:50+00:00","dateModified":"2024-10-09T12:35:50+00:00","breadcrumb":{"@id":"https:\/\/shop.wp.logart.com.pl\/index.php\/dla-kandydata\/sygnalisci\/#breadcrumb"},"inLanguage":"pl-PL","potentialAction":[{"@type":"ReadAction","target":["https:\/\/shop.wp.logart.com.pl\/index.php\/dla-kandydata\/sygnalisci\/"]}]},{"@type":"BreadcrumbList","@id":"https:\/\/shop.wp.logart.com.pl\/index.php\/dla-kandydata\/sygnalisci\/#breadcrumb","itemListElement":[{"@type":"ListItem","position":1,"name":"Strona g\u0142\u00f3wna","item":"https:\/\/logart.com.pl\/"},{"@type":"ListItem","position":2,"name":"Dla kandydata","item":"https:\/\/logart.com.pl\/index.php\/dla-kandydata\/"},{"@type":"ListItem","position":3,"name":"Sygnali\u015bci"}]},{"@type":"WebSite","@id":"https:\/\/logart.com.pl\/#website","url":"https:\/\/logart.com.pl\/","name":"Logart","description":"Personnel Consulting","potentialAction":[{"@type":"SearchAction","target":{"@type":"EntryPoint","urlTemplate":"https:\/\/logart.com.pl\/?s={search_term_string}"},"query-input":"required name=search_term_string"}],"inLanguage":"pl-PL"}]}},"_links":{"self":[{"href":"https:\/\/logart.com.pl\/index.php\/wp-json\/wp\/v2\/pages\/2210"}],"collection":[{"href":"https:\/\/logart.com.pl\/index.php\/wp-json\/wp\/v2\/pages"}],"about":[{"href":"https:\/\/logart.com.pl\/index.php\/wp-json\/wp\/v2\/types\/page"}],"author":[{"embeddable":true,"href":"https:\/\/logart.com.pl\/index.php\/wp-json\/wp\/v2\/users\/1"}],"replies":[{"embeddable":true,"href":"https:\/\/logart.com.pl\/index.php\/wp-json\/wp\/v2\/comments?post=2210"}],"version-history":[{"count":3,"href":"https:\/\/logart.com.pl\/index.php\/wp-json\/wp\/v2\/pages\/2210\/revisions"}],"predecessor-version":[{"id":2214,"href":"https:\/\/logart.com.pl\/index.php\/wp-json\/wp\/v2\/pages\/2210\/revisions\/2214"}],"up":[{"embeddable":true,"href":"https:\/\/logart.com.pl\/index.php\/wp-json\/wp\/v2\/pages\/117"}],"wp:attachment":[{"href":"https:\/\/logart.com.pl\/index.php\/wp-json\/wp\/v2\/media?parent=2210"}],"curies":[{"name":"wp","href":"https:\/\/api.w.org\/{rel}","templated":true}]}}