{"id":175,"date":"2016-01-17T16:22:34","date_gmt":"2016-01-17T16:22:34","guid":{"rendered":"http:\/\/logart.com.pl\/?page_id=175"},"modified":"2019-07-11T14:04:26","modified_gmt":"2019-07-11T14:04:26","slug":"jak-przygotowac-cv","status":"publish","type":"page","link":"https:\/\/logart.com.pl\/index.php\/dla-kandydata\/jak-przygotowac-cv\/","title":{"rendered":"Jak przygotowa\u0107 CV?"},"content":{"rendered":"<p><\/p>\n<h3 style=\"text-align: justify;\">Jak przygotowa\u0107 CV?<\/h3>\n<p style=\"text-align: justify;\">Warunkiem szybkiego znalezienia dobrej pracy jest odpowiednie przygotowanie \u017cyciorysu zawodowego, czyli CV. Cz\u0119sto podkre\u015bla si\u0119, \u017ce Curriculum Vitae, kt\u00f3re przyci\u0105gnie uwag\u0119 rekruter\u00f3w powinno by\u0107 atrakcyjne wizualnie. Naszym zdaniem to nie do ko\u0144ca prawda, poniewa\u017c CV jest przede wszystkim dokumentem. Przygotowanie \u017cyciorysu zawodowego jest wa\u017cnym etapem procesu rekutacji &#8211; jest okazj\u0105 do tego, by sprawdzi\u0107, czy potrafisz w klarowny i adekwatny do sytuacji spos\u00f3b przedstawi\u0107 najwa\u017cniejsze informacje na sw\u00f3j temat.<\/p>\n<p style=\"text-align: justify;\"><strong><a href=\"http:\/\/logart.com.pl\/wp-content\/uploads\/2016\/01\/Rysunek7.jpg\"><img decoding=\"async\" loading=\"lazy\" class=\"aligncenter wp-image-901\" src=\"http:\/\/logart.com.pl\/wp-content\/uploads\/2016\/01\/Rysunek7-1024x646.jpg\" alt=\"Rysunek7\" width=\"780\" height=\"492\" srcset=\"https:\/\/logart.com.pl\/wp-content\/uploads\/2016\/01\/Rysunek7-1024x646.jpg 1024w, https:\/\/logart.com.pl\/wp-content\/uploads\/2016\/01\/Rysunek7-300x189.jpg 300w\" sizes=\"(max-width: 780px) 100vw, 780px\" \/><\/a><\/strong><\/p>\n<h4 style=\"text-align: justify;\">Jakie informacje powinny znale\u017a\u0107 si\u0119 w CV?<\/h4>\n<h4>1. Dane personalne<\/h4>\n<p style=\"text-align: justify;\">Zacznij od podania podstawowych informacji takich, jak: imi\u0119 i nazwisko, miejsce zamieszkania (zw\u0142aszcza miejscowo\u015b\u0107), numer telefonu i adres e-mail.<\/p>\n<p style=\"text-align: justify;\">Zwr\u00f3\u0107 uwag\u0119 na to, czy numer telefonu i adres e-mail zosta\u0142y uzupe\u0142nione poprawnie. Liter\u00f3wka lub pomylona cyfra mog\u0105 uniemo\u017cliwi\u0107 osobie dokonuj\u0105cej wst\u0119pnej selekcji kandydat\u00f3w kontakt z Tob\u0105. To wa\u017cne zw\u0142aszcza wtedy, gdy Tw\u00f3j <strong>adres mailowy<\/strong> nie nale\u017cy do standardowych i zalecanych (imi\u0119.nazwisko@nazwaserwera.pl).<\/p>\n<p style=\"text-align: justify;\">Czasem zdarza si\u0119, \u017ce kandydaci podaj\u0105 w CV <strong>s\u0142u\u017cbowy numer telefonu<\/strong>. Warto zastanowi\u0107 si\u0119, czy to dobre wyj\u015bcie. Pami\u0119taj, \u017ce Twoje CV mo\u017ce zosta\u0107 przez pracodawc\u0119 wykorzystane tu\u017c po Twojej aplikacji, ale w szczeg\u00f3lnych okoliczno\u015bciach telefon w sprawie pracy mo\u017ce op\u00f3\u017ani\u0107 si\u0119 (na przyk\u0142ad z powodu zawieszenia procesu rekrutacyjnego i wznowienia go po pewnym czasie). Z tego powodu bezpieczniejszym rozwi\u0105zaniem jest umieszczenie w CV prywatnego numeru kontaktowego &#8211; takiego, kt\u00f3ry nie zmieni si\u0119, gdy Ty zdecydujesz si\u0119 na rozstanie z obecnym pracodawc\u0105.<\/p>\n<h4 style=\"text-align: justify;\">2. Wykszta\u0142cenie<\/h4>\n<p style=\"text-align: justify;\">Informacje o wykszta\u0142ceniu mo\u017cesz poda\u0107 przed sprawozdaniem ze swoich do\u015bwiadcze\u0144 zawodowych lub po nich. Je\u017celi nie masz za sob\u0105 wielu do\u015bwiadcze\u0144 zawodowych, o kt\u00f3rych warto by\u0142oby poinformowa\u0107 pracodawc\u0119, prawdopodobnie lepiej b\u0119dzie rozpocz\u0105\u0107 od edukacji. Je\u017celi masz za sob\u0105 bogate do\u015bwiadczenie na rynku pracy, o swojej \u015bcie\u017cce edukacji napisz w dalszej cz\u0119\u015bci \u017cyciorysu.<\/p>\n<p style=\"text-align: justify;\"><strong>Pami\u0119taj, by informacje uporz\u0105dkowa\u0107 chronologicznie &#8211; koniecznie tak, by wydarzenia naj\u015bwie\u017csze znalaz\u0142y si\u0119 na samej g\u00f3rze.<\/strong> Na samym dole umie\u015b\u0107 informacje o szkole \u015bredniej (liceum, technikum, szkole zawodowej) takie, jak: rok rozpocz\u0119cia i rok zako\u0144czenia edukacji, numer szko\u0142y, miejscowo\u015b\u0107 i profil klasy lub specjalizacja. Powy\u017cej dodaj ewentualne informacje o studiach licencjackich, magisterskich i\/lub kolejnych, podaj\u0105c: rok rozpocz\u0119cia i zako\u0144czenia edukacji, nazw\u0119 uczelni, miejscowo\u015b\u0107, kierunek studi\u00f3w i informacj\u0119 o specjalizacji. Je\u017celi w dalszym ci\u0105gu si\u0119 uczysz, uwzgl\u0119dnij t\u0119 informacj\u0119 (pisz\u0105c na przyk\u0142ad &#8222;2014 &#8211; obecnie&#8221;).<\/p>\n<h4>3. Do\u015bwiadczenie zawodowe<\/h4>\n<p><strong>To najwa\u017cniejszy punkt Twojego CV &#8211; na jego przygotowanie po\u015bwi\u0119\u0107 najwi\u0119cej czasu.<\/strong> Swoje do\u015bwiadczenia zawodowe opisz w porz\u0105dku chronologicznym \u2013 najdawniejsze umie\u015b\u0107 na dole, a najbardziej aktualne na g\u00f3rze. Zadbaj o to, by w przypadku ka\u017cdego miejsca pracy poda\u0107:<\/p>\n<ul style=\"text-align: justify; line-height: 1.5;\">\n<li>\n<h5>dok\u0142adne daty rozpocz\u0119cia i zako\u0144czenia zatrudnienia (na przyk\u0142ad: marzec 2007 \u2013 czerwiec 2010)<\/h5>\n<\/li>\n<li>\n<h5>nazw\u0119 pracodawcy<\/h5>\n<\/li>\n<li>\n<h5>nazw\u0119 stanowiska<\/h5>\n<\/li>\n<li>\n<h5>zakres obowi\u0105zk\u00f3w.<\/h5>\n<\/li>\n<\/ul>\n<p style=\"text-align: justify; line-height: 1.5;\"><strong>Staranne przygotowanie informacji na temat najwa\u017cniejszych zada\u0144 wykonywanych w danym miejscu pracy<\/strong> u\u0142atwi prac\u0119 rekruterowi i pozwoli wst\u0119pnie zweryfikowa\u0107, czy Twoje kwalifikacje zawodowe odpowiadaj\u0105 wymaganiom stawianym przez\u00a0pracodawc\u0119. Opis zakresu obowi\u0105zk\u00f3w jest wa\u017cn\u0105 cz\u0119\u015bci\u0105 CV, poniewa\u017c w przypadku r\u00f3\u017cnych firm osoby zatrudnione na podobnych stanowiskach (na przyk\u0142ad Spedytora) mog\u0105 wykonywa\u0107 r\u00f3\u017cne czynno\u015bci. Na przyk\u0142ad spedytor w jednej firmie mo\u017ce by\u0107 odpowiedzialny wy\u0142\u0105cznie za organizacj\u0119 transport\u00f3w, w innej natomiast mog\u0105 dodatkowo odpowiada\u0107 tak\u017ce za\u00a0pozyskiwanie nowych klient\u00f3w klient\u00f3w.<\/p>\n<h4 style=\"text-align: justify;\">4.\u00a0Znajomo\u015b\u0107 j\u0119zyk\u00f3w obcych<\/h4>\n<p style=\"text-align: justify;\">Znajomo\u015b\u0107 przynajmniej jednego j\u0119zyka obcego jest dzi\u015b wymagana lub mile widziana w przypadku du\u017cej cz\u0119\u015bci ofert pracy. Ten fakt sk\u0142ania cz\u0119\u015b\u0107 kandydat\u00f3w do deklarowania w CV wy\u017cszego poziomu znajomo\u015bci j\u0119zykowych ni\u017c posiadaj\u0105 w rzeczywisto\u015bci. Nie zawsze jest to dobra strategia. Warto pami\u0119ta\u0107 o tym, \u017ce informacje podane w CV zostan\u0105 zweryfikowane podczas rozmowy rekrutacyjnej.<\/p>\n<hr \/>\n<h4>Cz\u0119ste b\u0142\u0119dy pope\u0142niane przez kandydat\u00f3w:<\/h4>\n<div>\n<h5 style=\"text-align: justify;\">1. Zamieszczanie w CV zbyt ma\u0142ej ilo\u015bci informacji<\/h5>\n<ul>\n<li style=\"text-align: justify;\">brak nazw pe\u0142nionych stanowisk<\/li>\n<li style=\"text-align: justify;\">brak dat rozpocz\u0119cia i zako\u0144czenia pracy u poprzednich pracodawc\u00f3w<\/li>\n<li style=\"text-align: justify;\">brak opisu wykonywanych obowi\u0105zk\u00f3w<\/li>\n<\/ul>\n<h5 style=\"text-align: justify;\">2. B\u0142\u0119dy w tek\u015bcie \u017cyciorysu<\/h5>\n<ul>\n<li style=\"text-align: justify;\">\u201eliter\u00f3wki\u201d, b\u0142\u0119dy ortograficzne<\/li>\n<li style=\"text-align: justify;\">b\u0142\u0119dnie wpisany numer telefonu<\/li>\n<li style=\"text-align: justify;\">b\u0142\u0119dy w t\u0142umaczeniu<\/li>\n<\/ul>\n<h5 style=\"text-align: justify;\">3. Wady estetyczne CV<\/h5>\n<ul>\n<li style=\"text-align: justify;\">nier\u00f3wne odst\u0119py pomi\u0119dzy wierszami<\/li>\n<li style=\"text-align: justify;\">nier\u00f3wne kolumny tekstu<\/li>\n<\/ul>\n<\/div>\n<p><\/p>","protected":false},"excerpt":{"rendered":"<p>Jak przygotowa\u0107 CV? Warunkiem szybkiego znalezienia dobrej pracy jest odpowiednie przygotowanie \u017cyciorysu zawodowego, czyli CV. Cz\u0119sto podkre\u015bla si\u0119, \u017ce Curriculum Vitae, kt\u00f3re przyci\u0105gnie uwag\u0119 rekruter\u00f3w powinno by\u0107 atrakcyjne wizualnie. Naszym zdaniem to nie do ko\u0144ca prawda, poniewa\u017c CV jest przede wszystkim dokumentem. Przygotowanie \u017cyciorysu zawodowego jest wa\u017cnym etapem procesu rekutacji &#8211; jest okazj\u0105 do tego, &hellip; <a href=\"https:\/\/logart.com.pl\/index.php\/dla-kandydata\/jak-przygotowac-cv\/\" class=\"more-link\">Czytaj dalej <span class=\"screen-reader-text\">Jak przygotowa\u0107 CV?<\/span> <span class=\"meta-nav\">&rarr;<\/span><\/a><\/p>\n","protected":false},"author":1,"featured_media":0,"parent":117,"menu_order":27,"comment_status":"closed","ping_status":"closed","template":"","meta":{"_mi_skip_tracking":false,"_monsterinsights_sitenote_active":false,"_monsterinsights_sitenote_note":"","_monsterinsights_sitenote_category":0},"acf":[],"yoast_head":"<!-- This site is optimized with the Yoast SEO plugin v21.3 - https:\/\/yoast.com\/wordpress\/plugins\/seo\/ -->\n<title>Jak przygotowa\u0107 CV? - Logart<\/title>\n<meta name=\"robots\" content=\"index, follow, max-snippet:-1, max-image-preview:large, max-video-preview:-1\" \/>\n<link rel=\"canonical\" href=\"https:\/\/shop.wp.og.wordpress.logart.com.pl\/index.php\/dla-kandydata\/jak-przygotowac-cv\/\" \/>\n<meta property=\"og:locale\" content=\"pl_PL\" \/>\n<meta property=\"og:type\" content=\"article\" \/>\n<meta property=\"og:title\" content=\"[:pl]Jak przygotowa\u0107 CV?[:en]How to write a CV?[:] - Logart\" \/>\n<meta property=\"og:description\" content=\"Jak przygotowa\u0107 CV? Warunkiem szybkiego znalezienia dobrej pracy jest odpowiednie przygotowanie \u017cyciorysu zawodowego, czyli CV. Cz\u0119sto podkre\u015bla si\u0119, \u017ce Curriculum Vitae, kt\u00f3re przyci\u0105gnie uwag\u0119 rekruter\u00f3w powinno by\u0107 atrakcyjne wizualnie. Naszym zdaniem to nie do ko\u0144ca prawda, poniewa\u017c CV jest przede wszystkim dokumentem. Przygotowanie \u017cyciorysu zawodowego jest wa\u017cnym etapem procesu rekutacji &#8211; jest okazj\u0105 do tego, &hellip; Czytaj dalej Jak przygotowa\u0107 CV? &rarr;\" \/>\n<meta property=\"og:url\" content=\"https:\/\/shop.wp.og.wordpress.logart.com.pl\/index.php\/dla-kandydata\/jak-przygotowac-cv\/\" \/>\n<meta property=\"og:site_name\" content=\"Logart\" \/>\n<meta property=\"article:modified_time\" content=\"2019-07-11T14:04:26+00:00\" \/>\n<meta property=\"og:image\" content=\"http:\/\/logart.com.pl\/wp-content\/uploads\/2016\/01\/Rysunek7-1024x646.jpg\" \/>\n<meta name=\"twitter:card\" content=\"summary_large_image\" \/>\n<meta name=\"twitter:label1\" content=\"Szacowany czas czytania\" \/>\n\t<meta name=\"twitter:data1\" content=\"7 minut\" \/>\n<script type=\"application\/ld+json\" class=\"yoast-schema-graph\">{\"@context\":\"https:\/\/schema.org\",\"@graph\":[{\"@type\":\"WebPage\",\"@id\":\"https:\/\/shop.wp.og.wordpress.logart.com.pl\/index.php\/dla-kandydata\/jak-przygotowac-cv\/\",\"url\":\"https:\/\/shop.wp.og.wordpress.logart.com.pl\/index.php\/dla-kandydata\/jak-przygotowac-cv\/\",\"name\":\"[:pl]Jak przygotowa\u0107 CV?[:en]How to write a CV?[:] - Logart\",\"isPartOf\":{\"@id\":\"https:\/\/blogs.wp.og.logart.com.pl\/#website\"},\"datePublished\":\"2016-01-17T16:22:34+00:00\",\"dateModified\":\"2019-07-11T14:04:26+00:00\",\"breadcrumb\":{\"@id\":\"https:\/\/shop.wp.og.wordpress.logart.com.pl\/index.php\/dla-kandydata\/jak-przygotowac-cv\/#breadcrumb\"},\"inLanguage\":\"pl-PL\",\"potentialAction\":[{\"@type\":\"ReadAction\",\"target\":[\"https:\/\/shop.wp.og.wordpress.logart.com.pl\/index.php\/dla-kandydata\/jak-przygotowac-cv\/\"]}]},{\"@type\":\"BreadcrumbList\",\"@id\":\"https:\/\/shop.wp.og.wordpress.logart.com.pl\/index.php\/dla-kandydata\/jak-przygotowac-cv\/#breadcrumb\",\"itemListElement\":[{\"@type\":\"ListItem\",\"position\":1,\"name\":\"Strona g\u0142\u00f3wna\",\"item\":\"https:\/\/blogs.wp.og.logart.com.pl\/\"},{\"@type\":\"ListItem\",\"position\":2,\"name\":\"Dla kandydata\",\"item\":\"https:\/\/blog.wp.blog.wordpress.logart.com.pl\/index.php\/dla-kandydata\/\"},{\"@type\":\"ListItem\",\"position\":3,\"name\":\"Jak przygotowa\u0107 CV?\"}]},{\"@type\":\"WebSite\",\"@id\":\"https:\/\/blogs.wp.og.logart.com.pl\/#website\",\"url\":\"https:\/\/blogs.wp.og.logart.com.pl\/\",\"name\":\"Logart\",\"description\":\"Personnel Consulting\",\"potentialAction\":[{\"@type\":\"SearchAction\",\"target\":{\"@type\":\"EntryPoint\",\"urlTemplate\":\"https:\/\/blogs.wp.og.logart.com.pl\/?s={search_term_string}\"},\"query-input\":\"required name=search_term_string\"}],\"inLanguage\":\"pl-PL\"}]}<\/script>\n<!-- \/ Yoast SEO plugin. -->","yoast_head_json":{"title":"[:pl]Jak przygotowa\u0107 CV?[:en]How to write a CV?[:] - Logart","robots":{"index":"index","follow":"follow","max-snippet":"max-snippet:-1","max-image-preview":"max-image-preview:large","max-video-preview":"max-video-preview:-1"},"canonical":"https:\/\/shop.wp.og.wordpress.logart.com.pl\/index.php\/dla-kandydata\/jak-przygotowac-cv\/","og_locale":"pl_PL","og_type":"article","og_title":"[:pl]Jak przygotowa\u0107 CV?[:en]How to write a CV?[:] - Logart","og_description":"Jak przygotowa\u0107 CV? Warunkiem szybkiego znalezienia dobrej pracy jest odpowiednie przygotowanie \u017cyciorysu zawodowego, czyli CV. Cz\u0119sto podkre\u015bla si\u0119, \u017ce Curriculum Vitae, kt\u00f3re przyci\u0105gnie uwag\u0119 rekruter\u00f3w powinno by\u0107 atrakcyjne wizualnie. Naszym zdaniem to nie do ko\u0144ca prawda, poniewa\u017c CV jest przede wszystkim dokumentem. Przygotowanie \u017cyciorysu zawodowego jest wa\u017cnym etapem procesu rekutacji &#8211; jest okazj\u0105 do tego, &hellip; Czytaj dalej Jak przygotowa\u0107 CV? &rarr;","og_url":"https:\/\/shop.wp.og.wordpress.logart.com.pl\/index.php\/dla-kandydata\/jak-przygotowac-cv\/","og_site_name":"Logart","article_modified_time":"2019-07-11T14:04:26+00:00","og_image":[{"url":"http:\/\/logart.com.pl\/wp-content\/uploads\/2016\/01\/Rysunek7-1024x646.jpg"}],"twitter_card":"summary_large_image","twitter_misc":{"Szacowany czas czytania":"7 minut"},"schema":{"@context":"https:\/\/schema.org","@graph":[{"@type":"WebPage","@id":"https:\/\/shop.wp.og.wordpress.logart.com.pl\/index.php\/dla-kandydata\/jak-przygotowac-cv\/","url":"https:\/\/shop.wp.og.wordpress.logart.com.pl\/index.php\/dla-kandydata\/jak-przygotowac-cv\/","name":"[:pl]Jak przygotowa\u0107 CV?[:en]How to write a CV?[:] - Logart","isPartOf":{"@id":"https:\/\/blogs.wp.og.logart.com.pl\/#website"},"datePublished":"2016-01-17T16:22:34+00:00","dateModified":"2019-07-11T14:04:26+00:00","breadcrumb":{"@id":"https:\/\/shop.wp.og.wordpress.logart.com.pl\/index.php\/dla-kandydata\/jak-przygotowac-cv\/#breadcrumb"},"inLanguage":"pl-PL","potentialAction":[{"@type":"ReadAction","target":["https:\/\/shop.wp.og.wordpress.logart.com.pl\/index.php\/dla-kandydata\/jak-przygotowac-cv\/"]}]},{"@type":"BreadcrumbList","@id":"https:\/\/shop.wp.og.wordpress.logart.com.pl\/index.php\/dla-kandydata\/jak-przygotowac-cv\/#breadcrumb","itemListElement":[{"@type":"ListItem","position":1,"name":"Strona g\u0142\u00f3wna","item":"https:\/\/blogs.wp.og.logart.com.pl\/"},{"@type":"ListItem","position":2,"name":"Dla kandydata","item":"https:\/\/blog.wp.blog.wordpress.logart.com.pl\/index.php\/dla-kandydata\/"},{"@type":"ListItem","position":3,"name":"Jak przygotowa\u0107 CV?"}]},{"@type":"WebSite","@id":"https:\/\/blogs.wp.og.logart.com.pl\/#website","url":"https:\/\/blogs.wp.og.logart.com.pl\/","name":"Logart","description":"Personnel Consulting","potentialAction":[{"@type":"SearchAction","target":{"@type":"EntryPoint","urlTemplate":"https:\/\/blogs.wp.og.logart.com.pl\/?s={search_term_string}"},"query-input":"required name=search_term_string"}],"inLanguage":"pl-PL"}]}},"_links":{"self":[{"href":"https:\/\/logart.com.pl\/index.php\/wp-json\/wp\/v2\/pages\/175"}],"collection":[{"href":"https:\/\/logart.com.pl\/index.php\/wp-json\/wp\/v2\/pages"}],"about":[{"href":"https:\/\/logart.com.pl\/index.php\/wp-json\/wp\/v2\/types\/page"}],"author":[{"embeddable":true,"href":"https:\/\/logart.com.pl\/index.php\/wp-json\/wp\/v2\/users\/1"}],"replies":[{"embeddable":true,"href":"https:\/\/logart.com.pl\/index.php\/wp-json\/wp\/v2\/comments?post=175"}],"version-history":[{"count":47,"href":"https:\/\/logart.com.pl\/index.php\/wp-json\/wp\/v2\/pages\/175\/revisions"}],"predecessor-version":[{"id":2007,"href":"https:\/\/logart.com.pl\/index.php\/wp-json\/wp\/v2\/pages\/175\/revisions\/2007"}],"up":[{"embeddable":true,"href":"https:\/\/logart.com.pl\/index.php\/wp-json\/wp\/v2\/pages\/117"}],"wp:attachment":[{"href":"https:\/\/logart.com.pl\/index.php\/wp-json\/wp\/v2\/media?parent=175"}],"curies":[{"name":"wp","href":"https:\/\/api.w.org\/{rel}","templated":true}]}}