{"id":1597,"date":"2018-09-29T15:11:44","date_gmt":"2018-09-29T15:11:44","guid":{"rendered":"http:\/\/logart.com.pl\/?page_id=1597"},"modified":"2019-07-11T10:56:24","modified_gmt":"2019-07-11T10:56:24","slug":"historia","status":"publish","type":"page","link":"https:\/\/logart.com.pl\/index.php\/o-firmie\/historia\/","title":{"rendered":"Historia"},"content":{"rendered":"<p><\/p>\n<h4 style=\"text-align: justify;\">Historia<\/h4>\n<p style=\"text-align: justify;\">Firma Logart zosta\u0142a za\u0142o\u017cona w 2003 roku przez osoby posiadaj\u0105ce wieloletnie do\u015bwiadczenie mened\u017cerskie w sektorach: produkcji i logistyki.<\/p>\n<p style=\"text-align: justify;\">W latach 2003- 2004 istotn\u0105 sfer\u0105 dzia\u0142alno\u015bci by\u0142o po\u015brednictwo w zakresie zatrudniania polskich pracownik\u00f3w u pracodawc\u00f3w zagranicznych. W tym czasie kierowali\u015bmy pracownik\u00f3w przede wszystkim do takich kraj\u00f3w jak: Wielka Brytania, Irlandia, USA, Zjednoczone Emiraty Arabskie, Jordania.<\/p>\n<h5 style=\"text-align: justify;\">Od 2005 nasza firma jest jednym z lider\u00f3w w zakresie obs\u0142ugi sektora TSL (transport, spedycja, logistyka). \u00a0O takiej specjalizacji na rynku polskim zadecydowa\u0142y dwa czynniki:<\/h5>\n<ul style=\"text-align: justify;\">\n<li>zidentyfikowany brak na rynku agencji rekrutacyjnych podmiotu znaj\u0105cego nie tylko zasady profesjonalnej rekrutacji ale r\u00f3wnie\u017c b\u0119d\u0105cego ekspertem w zakresie us\u0142ug i proces\u00f3w logistycznych,<\/li>\n<li>doskona\u0142a znajomo\u015b\u0107 rynku, zar\u00f3wno pracownik\u00f3w jak i pracodawc\u00f3w, dzia\u0142aj\u0105cych w sektorze TSL.<\/li>\n<\/ul>\n<p style=\"text-align: justify;\">Zaufa\u0142o nam ponad 50 znanych przedsi\u0119biorstw funkcjonuj\u0105cych w bran\u017cy logistycznej. S\u0105 w\u015br\u00f3d nich renomowane korporacje spedycyjne, mi\u0119dzynarodowi przewo\u017anicy oraz globalni operatorzy logistyczni.<\/p>\n<p style=\"text-align: justify;\">Od 2007 roku zakres us\u0142ug firmy zosta\u0142 poszerzony o us\u0142ugi udost\u0119pniania pracownik\u00f3w tymczasowych. W ramach <a href=\"http:\/\/logart.com.pl\/index.php\/strona-glowna\/leasing-pracowniczy\/\">leasingu pracowniczego<\/a>\u00a0naszym klientom dostarczamy do\u015bwiadczonych pracownik\u00f3w, g\u0142\u00f3wnie na stanowiska zwi\u0105zane z produkcj\u0105, konfekcjonowaniem i magazynowaniem towar\u00f3w.<\/p>\n<p style=\"text-align: justify;\">Wysoka jako\u015b\u0107 \u015bwiadczonych us\u0142ug sprawia, \u017ce coraz cz\u0119\u015bciej zadania rekrutacyjne powierzaj\u0105 nam uznane marki, reprezentuj\u0105ce r\u00f3\u017cnorodne bran\u017ce. Do naszych klient\u00f3w do\u0142\u0105czy\u0142y mi\u0119dzy innymi: najwi\u0119ksze w Europie sieci handlowe, renomowane kluby sportowe oraz mi\u0119dzynarodowe linie lotnicze.<\/p>\n<p><\/p>","protected":false},"excerpt":{"rendered":"<p>Historia Firma Logart zosta\u0142a za\u0142o\u017cona w 2003 roku przez osoby posiadaj\u0105ce wieloletnie do\u015bwiadczenie mened\u017cerskie w sektorach: produkcji i logistyki. W latach 2003- 2004 istotn\u0105 sfer\u0105 dzia\u0142alno\u015bci by\u0142o po\u015brednictwo w zakresie zatrudniania polskich pracownik\u00f3w u pracodawc\u00f3w zagranicznych. W tym czasie kierowali\u015bmy pracownik\u00f3w przede wszystkim do takich kraj\u00f3w jak: Wielka Brytania, Irlandia, USA, Zjednoczone Emiraty Arabskie, Jordania. &hellip; <a href=\"https:\/\/logart.com.pl\/index.php\/o-firmie\/historia\/\" class=\"more-link\">Czytaj dalej <span class=\"screen-reader-text\">Historia<\/span> <span class=\"meta-nav\">&rarr;<\/span><\/a><\/p>\n","protected":false},"author":1,"featured_media":0,"parent":2,"menu_order":6,"comment_status":"closed","ping_status":"closed","template":"","meta":{"_mi_skip_tracking":false,"_monsterinsights_sitenote_active":false,"_monsterinsights_sitenote_note":"","_monsterinsights_sitenote_category":0},"acf":[],"yoast_head":"<!-- This site is optimized with the Yoast SEO plugin v21.3 - https:\/\/yoast.com\/wordpress\/plugins\/seo\/ -->\n<title>Historia - Logart<\/title>\n<meta name=\"robots\" content=\"index, follow, max-snippet:-1, max-image-preview:large, max-video-preview:-1\" \/>\n<link rel=\"canonical\" href=\"https:\/\/blog.wp.blog.autodiscover.logart.com.pl\/index.php\/o-firmie\/historia\/\" \/>\n<meta property=\"og:locale\" content=\"pl_PL\" \/>\n<meta property=\"og:type\" content=\"article\" \/>\n<meta property=\"og:title\" content=\"[:pl]Historia[:en]Company history[:ru]\u0418\u0441\u0442\u043e\u0440\u0438\u044f \u043a\u043e\u043c\u043f\u0430\u043d\u0438\u0438[:] - Logart\" \/>\n<meta property=\"og:description\" content=\"Historia Firma Logart zosta\u0142a za\u0142o\u017cona w 2003 roku przez osoby posiadaj\u0105ce wieloletnie do\u015bwiadczenie mened\u017cerskie w sektorach: produkcji i logistyki. W latach 2003- 2004 istotn\u0105 sfer\u0105 dzia\u0142alno\u015bci by\u0142o po\u015brednictwo w zakresie zatrudniania polskich pracownik\u00f3w u pracodawc\u00f3w zagranicznych. W tym czasie kierowali\u015bmy pracownik\u00f3w przede wszystkim do takich kraj\u00f3w jak: Wielka Brytania, Irlandia, USA, Zjednoczone Emiraty Arabskie, Jordania. &hellip; Czytaj dalej Historia &rarr;\" \/>\n<meta property=\"og:url\" content=\"https:\/\/blog.wp.blog.autodiscover.logart.com.pl\/index.php\/o-firmie\/historia\/\" \/>\n<meta property=\"og:site_name\" content=\"Logart\" \/>\n<meta property=\"article:modified_time\" content=\"2019-07-11T10:56:24+00:00\" \/>\n<meta name=\"twitter:card\" content=\"summary_large_image\" \/>\n<meta name=\"twitter:label1\" content=\"Szacowany czas czytania\" \/>\n\t<meta name=\"twitter:data1\" content=\"2 minuty\" \/>\n<script type=\"application\/ld+json\" class=\"yoast-schema-graph\">{\"@context\":\"https:\/\/schema.org\",\"@graph\":[{\"@type\":\"WebPage\",\"@id\":\"https:\/\/blog.wp.blog.autodiscover.logart.com.pl\/index.php\/o-firmie\/historia\/\",\"url\":\"https:\/\/blog.wp.blog.autodiscover.logart.com.pl\/index.php\/o-firmie\/historia\/\",\"name\":\"[:pl]Historia[:en]Company history[:ru]\u0418\u0441\u0442\u043e\u0440\u0438\u044f \u043a\u043e\u043c\u043f\u0430\u043d\u0438\u0438[:] - Logart\",\"isPartOf\":{\"@id\":\"https:\/\/logart.com.pl\/#website\"},\"datePublished\":\"2018-09-29T15:11:44+00:00\",\"dateModified\":\"2019-07-11T10:56:24+00:00\",\"breadcrumb\":{\"@id\":\"https:\/\/blog.wp.blog.autodiscover.logart.com.pl\/index.php\/o-firmie\/historia\/#breadcrumb\"},\"inLanguage\":\"pl-PL\",\"potentialAction\":[{\"@type\":\"ReadAction\",\"target\":[\"https:\/\/blog.wp.blog.autodiscover.logart.com.pl\/index.php\/o-firmie\/historia\/\"]}]},{\"@type\":\"BreadcrumbList\",\"@id\":\"https:\/\/blog.wp.blog.autodiscover.logart.com.pl\/index.php\/o-firmie\/historia\/#breadcrumb\",\"itemListElement\":[{\"@type\":\"ListItem\",\"position\":1,\"name\":\"Strona g\u0142\u00f3wna\",\"item\":\"https:\/\/logart.com.pl\/\"},{\"@type\":\"ListItem\",\"position\":2,\"name\":\"O Nas\",\"item\":\"https:\/\/blog.wp.blog.autodiscover.logart.com.pl\/index.php\/o-firmie\/\"},{\"@type\":\"ListItem\",\"position\":3,\"name\":\"Historia\"}]},{\"@type\":\"WebSite\",\"@id\":\"https:\/\/logart.com.pl\/#website\",\"url\":\"https:\/\/logart.com.pl\/\",\"name\":\"Logart\",\"description\":\"Personnel Consulting\",\"potentialAction\":[{\"@type\":\"SearchAction\",\"target\":{\"@type\":\"EntryPoint\",\"urlTemplate\":\"https:\/\/logart.com.pl\/?s={search_term_string}\"},\"query-input\":\"required name=search_term_string\"}],\"inLanguage\":\"pl-PL\"}]}<\/script>\n<!-- \/ Yoast SEO plugin. -->","yoast_head_json":{"title":"[:pl]Historia[:en]Company history[:ru]\u0418\u0441\u0442\u043e\u0440\u0438\u044f \u043a\u043e\u043c\u043f\u0430\u043d\u0438\u0438[:] - Logart","robots":{"index":"index","follow":"follow","max-snippet":"max-snippet:-1","max-image-preview":"max-image-preview:large","max-video-preview":"max-video-preview:-1"},"canonical":"https:\/\/blog.wp.blog.autodiscover.logart.com.pl\/index.php\/o-firmie\/historia\/","og_locale":"pl_PL","og_type":"article","og_title":"[:pl]Historia[:en]Company history[:ru]\u0418\u0441\u0442\u043e\u0440\u0438\u044f \u043a\u043e\u043c\u043f\u0430\u043d\u0438\u0438[:] - Logart","og_description":"Historia Firma Logart zosta\u0142a za\u0142o\u017cona w 2003 roku przez osoby posiadaj\u0105ce wieloletnie do\u015bwiadczenie mened\u017cerskie w sektorach: produkcji i logistyki. W latach 2003- 2004 istotn\u0105 sfer\u0105 dzia\u0142alno\u015bci by\u0142o po\u015brednictwo w zakresie zatrudniania polskich pracownik\u00f3w u pracodawc\u00f3w zagranicznych. W tym czasie kierowali\u015bmy pracownik\u00f3w przede wszystkim do takich kraj\u00f3w jak: Wielka Brytania, Irlandia, USA, Zjednoczone Emiraty Arabskie, Jordania. &hellip; Czytaj dalej Historia &rarr;","og_url":"https:\/\/blog.wp.blog.autodiscover.logart.com.pl\/index.php\/o-firmie\/historia\/","og_site_name":"Logart","article_modified_time":"2019-07-11T10:56:24+00:00","twitter_card":"summary_large_image","twitter_misc":{"Szacowany czas czytania":"2 minuty"},"schema":{"@context":"https:\/\/schema.org","@graph":[{"@type":"WebPage","@id":"https:\/\/blog.wp.blog.autodiscover.logart.com.pl\/index.php\/o-firmie\/historia\/","url":"https:\/\/blog.wp.blog.autodiscover.logart.com.pl\/index.php\/o-firmie\/historia\/","name":"[:pl]Historia[:en]Company history[:ru]\u0418\u0441\u0442\u043e\u0440\u0438\u044f \u043a\u043e\u043c\u043f\u0430\u043d\u0438\u0438[:] - Logart","isPartOf":{"@id":"https:\/\/logart.com.pl\/#website"},"datePublished":"2018-09-29T15:11:44+00:00","dateModified":"2019-07-11T10:56:24+00:00","breadcrumb":{"@id":"https:\/\/blog.wp.blog.autodiscover.logart.com.pl\/index.php\/o-firmie\/historia\/#breadcrumb"},"inLanguage":"pl-PL","potentialAction":[{"@type":"ReadAction","target":["https:\/\/blog.wp.blog.autodiscover.logart.com.pl\/index.php\/o-firmie\/historia\/"]}]},{"@type":"BreadcrumbList","@id":"https:\/\/blog.wp.blog.autodiscover.logart.com.pl\/index.php\/o-firmie\/historia\/#breadcrumb","itemListElement":[{"@type":"ListItem","position":1,"name":"Strona g\u0142\u00f3wna","item":"https:\/\/logart.com.pl\/"},{"@type":"ListItem","position":2,"name":"O Nas","item":"https:\/\/blog.wp.blog.autodiscover.logart.com.pl\/index.php\/o-firmie\/"},{"@type":"ListItem","position":3,"name":"Historia"}]},{"@type":"WebSite","@id":"https:\/\/logart.com.pl\/#website","url":"https:\/\/logart.com.pl\/","name":"Logart","description":"Personnel Consulting","potentialAction":[{"@type":"SearchAction","target":{"@type":"EntryPoint","urlTemplate":"https:\/\/logart.com.pl\/?s={search_term_string}"},"query-input":"required name=search_term_string"}],"inLanguage":"pl-PL"}]}},"_links":{"self":[{"href":"https:\/\/logart.com.pl\/index.php\/wp-json\/wp\/v2\/pages\/1597"}],"collection":[{"href":"https:\/\/logart.com.pl\/index.php\/wp-json\/wp\/v2\/pages"}],"about":[{"href":"https:\/\/logart.com.pl\/index.php\/wp-json\/wp\/v2\/types\/page"}],"author":[{"embeddable":true,"href":"https:\/\/logart.com.pl\/index.php\/wp-json\/wp\/v2\/users\/1"}],"replies":[{"embeddable":true,"href":"https:\/\/logart.com.pl\/index.php\/wp-json\/wp\/v2\/comments?post=1597"}],"version-history":[{"count":9,"href":"https:\/\/logart.com.pl\/index.php\/wp-json\/wp\/v2\/pages\/1597\/revisions"}],"predecessor-version":[{"id":2120,"href":"https:\/\/logart.com.pl\/index.php\/wp-json\/wp\/v2\/pages\/1597\/revisions\/2120"}],"up":[{"embeddable":true,"href":"https:\/\/logart.com.pl\/index.php\/wp-json\/wp\/v2\/pages\/2"}],"wp:attachment":[{"href":"https:\/\/logart.com.pl\/index.php\/wp-json\/wp\/v2\/media?parent=1597"}],"curies":[{"name":"wp","href":"https:\/\/api.w.org\/{rel}","templated":true}]}}