{"id":1543,"date":"2018-09-29T15:39:42","date_gmt":"2018-09-29T15:39:42","guid":{"rendered":"http:\/\/logart.com.pl\/?page_id=1543"},"modified":"2019-07-11T14:42:34","modified_gmt":"2019-07-11T14:42:34","slug":"nasz-zespol","status":"publish","type":"page","link":"https:\/\/logart.com.pl\/index.php\/o-firmie\/nasz-zespol\/","title":{"rendered":"Nasz zesp\u00f3\u0142"},"content":{"rendered":"<p><\/p>\n<h4>Nasz zesp\u00f3\u0142<\/h4>\n<p>&nbsp;<\/p>\n<p><div id=\"awsm-team-1620\" class=\"awsm-grid-wrapper\">\n\t\t\t<div class=\"awsm-grid list-style style-1 grid-2-col \">\n\t\t\t\t\t\t<div id=\"awsm-member-1620-1621\" class=\"awsm-grid-card\">\n\t\t\t\t   <figure>\n\t\t\t\t\t\t <img width=\"500\" height=\"500\" src=\"https:\/\/logart.com.pl\/wp-content\/uploads\/2018\/07\/Robert-500x500-1538680409.jpg\" class=\"attachment-awsm_team size-awsm_team wp-post-image\" alt=\"\" decoding=\"async\" loading=\"lazy\" srcset=\"https:\/\/logart.com.pl\/wp-content\/uploads\/2018\/07\/Robert-500x500-1538680409.jpg 500w, https:\/\/logart.com.pl\/wp-content\/uploads\/2018\/07\/Robert-150x150.jpg 150w\" sizes=\"(max-width: 500px) 100vw, 500px\" \/>\t\t\t\t\t\t <figcaption>\n\t\t\t\t\t\t\t<div class=\"awsm-personal-info\">\n\t\t\t\t\t\t\t   <h3>Robert Pindor<\/h3>\n\t\t\t\t\t\t\t   <span>General Manager<\/span>\t\t\t\t\t\t\t<\/div> <!-- .awsm-personal-info -->\n\t\t\t\t\t\t\t<div class=\"awsm-contact-info\">\n\t\t\t\t\t\t\t\t<p style=\"text-align: justify;\">Absolwent Szko\u0142y G\u0142\u00f3wnej Handlowej. W latach 1999 &#8211; 2005 by\u0142 mened\u017cerem logistyki i spedycji w mi\u0119dzynarodowych firmach Thomson oraz Gefco. Od 2005 roku kieruje sp\u00f3\u0142kami dzia\u0142aj\u0105cymi w grupie Logart. Uwa\u017ca, \u017ce podstaw\u0105 sukcesu naszej firmy i grupy jest powi\u0105zanie dobrego warsztatu rekrutacyjnego z zaawansowan\u0105 wiedz\u0105 na temat us\u0142ug, klient\u00f3w i rynk\u00f3w dla kt\u00f3rych pracujemy.<\/p>\n\t\t\t\t\t\t\t<\/div> <!-- .awsm-contact-info -->\n\t\t\t\t\t\t <\/figcaption>\n\t\t\t\t\t  <!-- <\/span> -->\n\t\t\t\t   <\/figure>\n\t\t\t\t<\/div>\n\t\t\t\t\t\t\t<div id=\"awsm-member-1620-1625\" class=\"awsm-grid-card\">\n\t\t\t\t   <figure>\n\t\t\t\t\t\t <img width=\"500\" height=\"500\" src=\"https:\/\/logart.com.pl\/wp-content\/uploads\/2018\/07\/Kasia-Szkop-500x500-1538680508.jpg\" class=\"attachment-awsm_team size-awsm_team wp-post-image\" alt=\"\" decoding=\"async\" loading=\"lazy\" srcset=\"https:\/\/logart.com.pl\/wp-content\/uploads\/2018\/07\/Kasia-Szkop-500x500-1538680508.jpg 500w, https:\/\/logart.com.pl\/wp-content\/uploads\/2018\/07\/Kasia-Szkop-150x150.jpg 150w\" sizes=\"(max-width: 500px) 100vw, 500px\" \/>\t\t\t\t\t\t <figcaption>\n\t\t\t\t\t\t\t<div class=\"awsm-personal-info\">\n\t\t\t\t\t\t\t   <h3>Katarzyna Szkop<\/h3>\n\t\t\t\t\t\t\t   <span>Kierownik oddzia\u0142u \/ HR Manager<\/span>\t\t\t\t\t\t\t<\/div> <!-- .awsm-personal-info -->\n\t\t\t\t\t\t\t<div class=\"awsm-contact-info\">\n\t\t\t\t\t\t\t\t<p style=\"text-align: justify;\">Magister Zarz\u0105dzania Zasobami Ludzkimi. Z firm\u0105 zwi\u0105zana od 2014 roku. Kierownik trzymaj\u0105cy piecz\u0119 nad funkcjonowaniem oddzia\u0142u w \u017byrardowie oraz proces\u00f3w HR w przedsi\u0119biorstwie. Nadzoruje procesy zwi\u0105zane z naliczaniem wynagrodze\u0144 \u2013 zar\u00f3wno wew. firmy, jak i dla zew. klient\u00f3w. Przez zesp\u00f3\u0142 okre\u015blana jako charyzmatyczna, szczera i asertywna. Zawsze s\u0142u\u017cy pomoc\u0105 oraz dobr\u0105 rad\u0105. Prac\u0119 \u0142\u0105czy z pasj\u0105 w szeroko poj\u0119tym obszarze HR.<\/p>\n\t\t\t\t\t\t\t<\/div> <!-- .awsm-contact-info -->\n\t\t\t\t\t\t <\/figcaption>\n\t\t\t\t\t  <!-- <\/span> -->\n\t\t\t\t   <\/figure>\n\t\t\t\t<\/div>\n\t\t\t\t\t\t\t<div id=\"awsm-member-1620-2135\" class=\"awsm-grid-card\">\n\t\t\t\t   <figure>\n\t\t\t\t\t\t <img src=\"https:\/\/logart.com.pl\/wp-content\/plugins\/awsm-team\/images\/default-user.png\" alt=\"Dorota W\u0142odek\">\t\t\t\t\t\t <figcaption>\n\t\t\t\t\t\t\t<div class=\"awsm-personal-info\">\n\t\t\t\t\t\t\t   <h3>Dorota W\u0142odek<\/h3>\n\t\t\t\t\t\t\t   <span>G\u0142\u00f3wna Ksi\u0119gowa<\/span>\t\t\t\t\t\t\t<\/div> <!-- .awsm-personal-info -->\n\t\t\t\t\t\t\t<div class=\"awsm-contact-info\">\n\t\t\t\t\t\t\t\t\t\t\t\t\t\t\t<\/div> <!-- .awsm-contact-info -->\n\t\t\t\t\t\t <\/figcaption>\n\t\t\t\t\t  <!-- <\/span> -->\n\t\t\t\t   <\/figure>\n\t\t\t\t<\/div>\n\t\t\t\t\t\t\t<div id=\"awsm-member-1620-1632\" class=\"awsm-grid-card\">\n\t\t\t\t   <figure>\n\t\t\t\t\t\t <img width=\"500\" height=\"500\" src=\"https:\/\/logart.com.pl\/wp-content\/uploads\/2018\/07\/Tomek-500x500-1538680378.jpg\" class=\"attachment-awsm_team size-awsm_team wp-post-image\" alt=\"\" decoding=\"async\" loading=\"lazy\" srcset=\"https:\/\/logart.com.pl\/wp-content\/uploads\/2018\/07\/Tomek-500x500-1538680378.jpg 500w, https:\/\/logart.com.pl\/wp-content\/uploads\/2018\/07\/Tomek-150x150.jpg 150w\" sizes=\"(max-width: 500px) 100vw, 500px\" \/>\t\t\t\t\t\t <figcaption>\n\t\t\t\t\t\t\t<div class=\"awsm-personal-info\">\n\t\t\t\t\t\t\t   <h3>Tomasz Szewczyk<\/h3>\n\t\t\t\t\t\t\t   <span>Kierownik ds. rekrutacji i rozwoju \/ Recruitment and development Manager<\/span>\t\t\t\t\t\t\t<\/div> <!-- .awsm-personal-info -->\n\t\t\t\t\t\t\t<div class=\"awsm-contact-info\">\n\t\t\t\t\t\t\t\t<p style=\"text-align: justify;\">Absolwent wydzia\u0142u Administracji Politechniki Warszawskiej. Swoj\u0105 przygod\u0119 z rekrutacj\u0105 rozpocz\u0105\u0142 2014 roku. Specjalizuje si\u0119 w rekrutacjach pracownik\u00f3w \u015bredniego i ni\u017cszego szczebla dla bran\u017cy sprzeda\u017cowej, produkcyjnej (g\u0142\u00f3wnie rynek poligraficzny), logistycznej. W ramach grupy Logart odpowiedzialny jest m.in. za rekrutacj\u0119 i obs\u0142ug\u0119 kadrow\u0105 pracownik\u00f3w tymczasowych. Wyspecjalizowa\u0142 si\u0119 r\u00f3wnie\u017c w prowadzeniu kompleksowego procesu zatrudniania obcokrajowc\u00f3w w Polsce.<\/p>\n\t\t\t\t\t\t\t<\/div> <!-- .awsm-contact-info -->\n\t\t\t\t\t\t <\/figcaption>\n\t\t\t\t\t  <!-- <\/span> -->\n\t\t\t\t   <\/figure>\n\t\t\t\t<\/div>\n\t\t\t\t\t\t\t<div id=\"awsm-member-1620-1633\" class=\"awsm-grid-card\">\n\t\t\t\t   <figure>\n\t\t\t\t\t\t <img width=\"500\" height=\"500\" src=\"https:\/\/logart.com.pl\/wp-content\/uploads\/2018\/07\/Kamil-500x500-1538680568.jpg\" class=\"attachment-awsm_team size-awsm_team wp-post-image\" alt=\"\" decoding=\"async\" loading=\"lazy\" srcset=\"https:\/\/logart.com.pl\/wp-content\/uploads\/2018\/07\/Kamil-500x500-1538680568.jpg 500w, https:\/\/logart.com.pl\/wp-content\/uploads\/2018\/07\/Kamil-150x150.jpg 150w\" sizes=\"(max-width: 500px) 100vw, 500px\" \/>\t\t\t\t\t\t <figcaption>\n\t\t\t\t\t\t\t<div class=\"awsm-personal-info\">\n\t\t\t\t\t\t\t   <h3>Kamil Fok<\/h3>\n\t\t\t\t\t\t\t   <span>Specjalista ds. rekrutacji \/ Recruitment Specialist<\/span>\t\t\t\t\t\t\t<\/div> <!-- .awsm-personal-info -->\n\t\t\t\t\t\t\t<div class=\"awsm-contact-info\">\n\t\t\t\t\t\t\t\t<p style=\"text-align: justify;\">W firmie Logart od 2016 roku. Specjalizuje si\u0119 w prowadzeniu projekt\u00f3w rekrutacyjnych w bran\u017cy TSL na stanowiska mened\u017cerskie i specjalistyczne.<\/p>\n\t\t\t\t\t\t\t<\/div> <!-- .awsm-contact-info -->\n\t\t\t\t\t\t <\/figcaption>\n\t\t\t\t\t  <!-- <\/span> -->\n\t\t\t\t   <\/figure>\n\t\t\t\t<\/div>\n\t\t\t\t\t\t\t<div id=\"awsm-member-1620-2107\" class=\"awsm-grid-card\">\n\t\t\t\t   <figure>\n\t\t\t\t\t\t <img width=\"500\" height=\"500\" src=\"https:\/\/logart.com.pl\/wp-content\/uploads\/2022\/01\/zdjecie-na-strone-500x500.jpeg\" class=\"attachment-awsm_team size-awsm_team wp-post-image\" alt=\"\" decoding=\"async\" loading=\"lazy\" srcset=\"https:\/\/logart.com.pl\/wp-content\/uploads\/2022\/01\/zdjecie-na-strone-500x500.jpeg 500w, https:\/\/logart.com.pl\/wp-content\/uploads\/2022\/01\/zdjecie-na-strone-150x150.jpeg 150w\" sizes=\"(max-width: 500px) 100vw, 500px\" \/>\t\t\t\t\t\t <figcaption>\n\t\t\t\t\t\t\t<div class=\"awsm-personal-info\">\n\t\t\t\t\t\t\t   <h3>Julia Murawiec<\/h3>\n\t\t\t\t\t\t\t   <span>KIEROWNIK DS. REKRUTACJI I ROZWOJU \/ RECRUITMENT AND DEVELOPMENT MANAGER<\/span>\t\t\t\t\t\t\t<\/div> <!-- .awsm-personal-info -->\n\t\t\t\t\t\t\t<div class=\"awsm-contact-info\">\n\t\t\t\t\t\t\t\t<p style=\"text-align: justify;\">Absolwentka Stosunk\u00f3w Mi\u0119dzynarodowych na Uniwersytecie Kardyna\u0142a Stefana Wyszy\u0144skiego w Warszawie oraz kierunku: Branding i Content Marketing na Wy\u017cszej Szkole Bankowej, do\u015bwiadczona w pracy w \u015brodowisku mi\u0119dzynarodowym i w prowadzeniu proces\u00f3w rekrutacyjnych dla kandydat\u00f3w z Europy, Azji i Ameryki P\u00f3\u0142nocnej. Specjalista ds. budowania wizerunku w mediach spo\u0142eczno\u015bciowych. W zespole Logart od 2021 roku, zajmuje si\u0119 rekrutacjami specjalist\u00f3w wy\u017cszego szczebla oraz planowaniem strategii rozwoju firmy.<\/p>\n\t\t\t\t\t\t\t<\/div> <!-- .awsm-contact-info -->\n\t\t\t\t\t\t <\/figcaption>\n\t\t\t\t\t  <!-- <\/span> -->\n\t\t\t\t   <\/figure>\n\t\t\t\t<\/div>\n\t\t\t\t\t\t\t<div id=\"awsm-member-1620-2127\" class=\"awsm-grid-card\">\n\t\t\t\t   <figure>\n\t\t\t\t\t\t <img width=\"500\" height=\"500\" src=\"https:\/\/logart.com.pl\/wp-content\/uploads\/2022\/05\/A.-Karasi\u0144ski-2-500x500.jpg\" class=\"attachment-awsm_team size-awsm_team wp-post-image\" alt=\"\" decoding=\"async\" loading=\"lazy\" srcset=\"https:\/\/logart.com.pl\/wp-content\/uploads\/2022\/05\/A.-Karasi\u0144ski-2-500x500.jpg 500w, https:\/\/logart.com.pl\/wp-content\/uploads\/2022\/05\/A.-Karasi\u0144ski-2-150x150.jpg 150w, https:\/\/logart.com.pl\/wp-content\/uploads\/2022\/05\/A.-Karasi\u0144ski-2-200x200.jpg 200w, https:\/\/logart.com.pl\/wp-content\/uploads\/2022\/05\/A.-Karasi\u0144ski-2-768x768.jpg 768w, https:\/\/logart.com.pl\/wp-content\/uploads\/2022\/05\/A.-Karasi\u0144ski-2-1024x1024.jpg 1024w\" sizes=\"(max-width: 500px) 100vw, 500px\" \/>\t\t\t\t\t\t <figcaption>\n\t\t\t\t\t\t\t<div class=\"awsm-personal-info\">\n\t\t\t\t\t\t\t   <h3>Adrian Karasi\u0144ski<\/h3>\n\t\t\t\t\t\t\t   <span>Specjalista ds. kadr i p\u0142ac \/ HR & PAYROLL Specialist<\/span>\t\t\t\t\t\t\t<\/div> <!-- .awsm-personal-info -->\n\t\t\t\t\t\t\t<div class=\"awsm-contact-info\">\n\t\t\t\t\t\t\t\t<p style=\"text-align: justify;\">Uko\u0144czy\u0142 studia na Wydziale Prawa i Administracji Uniwersytetu Warszawskiego. W codziennej pracy zajmuje si\u0119 obs\u0142ug\u0105 proces\u00f3w kadrowo-p\u0142acowych dla klient\u00f3w zewn\u0119trznych. Do\u015bwiadczenie zawodowe zdobywa\u0142 wsp\u00f3\u0142pracuj\u0105c mi\u0119dzy innymi z firmami z bran\u017cy motoryzacyjnej oraz IT.<\/p>\n\t\t\t\t\t\t\t<\/div> <!-- .awsm-contact-info -->\n\t\t\t\t\t\t <\/figcaption>\n\t\t\t\t\t  <!-- <\/span> -->\n\t\t\t\t   <\/figure>\n\t\t\t\t<\/div>\n\t\t\t\t\t\t\t<div id=\"awsm-member-1620-2129\" class=\"awsm-grid-card\">\n\t\t\t\t   <figure>\n\t\t\t\t\t\t <img width=\"500\" height=\"500\" src=\"https:\/\/logart.com.pl\/wp-content\/uploads\/2022\/08\/IMG_2258-1-e1676551931265-500x500.jpg\" class=\"attachment-awsm_team size-awsm_team wp-post-image\" alt=\"\" decoding=\"async\" loading=\"lazy\" srcset=\"https:\/\/logart.com.pl\/wp-content\/uploads\/2022\/08\/IMG_2258-1-e1676551931265-500x500.jpg 500w, https:\/\/logart.com.pl\/wp-content\/uploads\/2022\/08\/IMG_2258-1-e1676551931265-150x150.jpg 150w\" sizes=\"(max-width: 500px) 100vw, 500px\" \/>\t\t\t\t\t\t <figcaption>\n\t\t\t\t\t\t\t<div class=\"awsm-personal-info\">\n\t\t\t\t\t\t\t   <h3>Yuliia Daladuda<\/h3>\n\t\t\t\t\t\t\t   <span>Specjalista ds. rekrutacji i administracji \/ Recruitment and Administration Specialist<\/span>\t\t\t\t\t\t\t<\/div> <!-- .awsm-personal-info -->\n\t\t\t\t\t\t\t<div class=\"awsm-contact-info\">\n\t\t\t\t\t\t\t\t<p style=\"text-align: justify;\">Uko\u0144czy\u0142a studia na Wydziale In\u017cynierstwa G\u00f3rnictwa Narodowego Uniwersytetu Gospodarki Wodnej i Zarz\u0105dzania Zasobami Naturalnymi w Ukrainie. Prace w firmie rozpocz\u0119\u0142a w 2022 roku. Zajmuje si\u0119 rekrutacj\u0105 pracownik\u00f3w \u015bredniego i ni\u017cszego szczebla (g\u0142\u00f3wnie dla bran\u017cy produkcyjnej). W pracy zwi\u0105zana z administracj\u0105 dokumentacji pracownik\u00f3w tymczasowych.<\/p>\n\t\t\t\t\t\t\t<\/div> <!-- .awsm-contact-info -->\n\t\t\t\t\t\t <\/figcaption>\n\t\t\t\t\t  <!-- <\/span> -->\n\t\t\t\t   <\/figure>\n\t\t\t\t<\/div>\n\t\t\t\t\t\t\t<div id=\"awsm-member-1620-2142\" class=\"awsm-grid-card\">\n\t\t\t\t   <figure>\n\t\t\t\t\t\t <img width=\"500\" height=\"500\" src=\"https:\/\/logart.com.pl\/wp-content\/uploads\/2023\/05\/Marysia-portret-500x500.jpg\" class=\"attachment-awsm_team size-awsm_team wp-post-image\" alt=\"\" decoding=\"async\" loading=\"lazy\" srcset=\"https:\/\/logart.com.pl\/wp-content\/uploads\/2023\/05\/Marysia-portret-500x500.jpg 500w, https:\/\/logart.com.pl\/wp-content\/uploads\/2023\/05\/Marysia-portret-150x150.jpg 150w\" sizes=\"(max-width: 500px) 100vw, 500px\" \/>\t\t\t\t\t\t <figcaption>\n\t\t\t\t\t\t\t<div class=\"awsm-personal-info\">\n\t\t\t\t\t\t\t   <h3>Maria Bogucka<\/h3>\n\t\t\t\t\t\t\t   <span>SPECJALISTA DS. REKRUTACJI \/ RECRUITMENT SPECIALIST<\/span>\t\t\t\t\t\t\t<\/div> <!-- .awsm-personal-info -->\n\t\t\t\t\t\t\t<div class=\"awsm-contact-info\">\n\t\t\t\t\t\t\t\t<p style=\"text-align: justify;\">Studentka Filologii Angielskiej, ze specjalizacj\u0105: T\u0142umaczenia. W firmie Logart odpowiedzialna za prowadzenie rekrutacji na stanowiska specjalistyczne i managerskie dla sektora logistycznego. Prywatnie mi\u0142o\u015bniczka kot\u00f3w, cukiernictwa i gier.<\/p>\n\t\t\t\t\t\t\t<\/div> <!-- .awsm-contact-info -->\n\t\t\t\t\t\t <\/figcaption>\n\t\t\t\t\t  <!-- <\/span> -->\n\t\t\t\t   <\/figure>\n\t\t\t\t<\/div>\n\t\t\t\t\t\t\t<div id=\"awsm-member-1620-2143\" class=\"awsm-grid-card\">\n\t\t\t\t   <figure>\n\t\t\t\t\t\t <img width=\"500\" height=\"500\" src=\"https:\/\/logart.com.pl\/wp-content\/uploads\/2023\/05\/unnamed-500x500.jpg\" class=\"attachment-awsm_team size-awsm_team wp-post-image\" alt=\"\" decoding=\"async\" loading=\"lazy\" srcset=\"https:\/\/logart.com.pl\/wp-content\/uploads\/2023\/05\/unnamed-500x500.jpg 500w, https:\/\/logart.com.pl\/wp-content\/uploads\/2023\/05\/unnamed-150x150.jpg 150w\" sizes=\"(max-width: 500px) 100vw, 500px\" \/>\t\t\t\t\t\t <figcaption>\n\t\t\t\t\t\t\t<div class=\"awsm-personal-info\">\n\t\t\t\t\t\t\t   <h3>Beata Zar\u0119ba<\/h3>\n\t\t\t\t\t\t\t   <span>M\u0142odszy Specjalista ds. kadr i rekrutacji\/Junior HR and Recruitment Specialist<\/span>\t\t\t\t\t\t\t<\/div> <!-- .awsm-personal-info -->\n\t\t\t\t\t\t\t<div class=\"awsm-contact-info\">\n\t\t\t\t\t\t\t\t<p style=\"text-align: justify;\"><span style=\"font-weight: 400;\">Jest absolwentk\u0105 administracji na Uniwersytecie WSB Merito, gdzie zdoby\u0142a wiedz\u0119 z zakresu zarz\u0105dzania i organizacji. Pasj\u0119 do pracy w obszarze HR i rekrutacji zrealizowa\u0142a, do\u0142\u0105czaj\u0105c do zespo\u0142u firmy Logart w roku 2023. Od tego czasu aktywnie wspiera dzia\u0142 kadr i rekrutacji.<\/span><\/p>\n\t\t\t\t\t\t\t<\/div> <!-- .awsm-contact-info -->\n\t\t\t\t\t\t <\/figcaption>\n\t\t\t\t\t  <!-- <\/span> -->\n\t\t\t\t   <\/figure>\n\t\t\t\t<\/div>\n\t\t\t\t\t\t\t<div id=\"awsm-member-1620-2218\" class=\"awsm-grid-card\">\n\t\t\t\t   <figure>\n\t\t\t\t\t\t <img width=\"500\" height=\"500\" src=\"https:\/\/logart.com.pl\/wp-content\/uploads\/2024\/11\/obraz_viber_2024-11-21_12-11-11-918-500x500.jpg\" class=\"attachment-awsm_team size-awsm_team wp-post-image\" alt=\"\" decoding=\"async\" loading=\"lazy\" srcset=\"https:\/\/logart.com.pl\/wp-content\/uploads\/2024\/11\/obraz_viber_2024-11-21_12-11-11-918-500x500.jpg 500w, https:\/\/logart.com.pl\/wp-content\/uploads\/2024\/11\/obraz_viber_2024-11-21_12-11-11-918-150x150.jpg 150w\" sizes=\"(max-width: 500px) 100vw, 500px\" \/>\t\t\t\t\t\t <figcaption>\n\t\t\t\t\t\t\t<div class=\"awsm-personal-info\">\n\t\t\t\t\t\t\t   <h3>Bohdana Batyr<\/h3>\n\t\t\t\t\t\t\t   <span>Specjalista ds. kadr i administracji \/ HR and Administration Specialist<\/span>\t\t\t\t\t\t\t<\/div> <!-- .awsm-personal-info -->\n\t\t\t\t\t\t\t<div class=\"awsm-contact-info\">\n\t\t\t\t\t\t\t\t<p style=\"text-align: justify;\"><span data-teams=\"true\">Jest absolwentk\u0105 prawa na Uniwersytecie Ce\u0142 i Finans\u00f3w (Dniepr, Ukraina). Ma wieloletnie do\u015bwiadczenie pracy w systemie s\u0105dowym w Ukrainie, m.in. w Najwy\u017cszym S\u0105dzie Antykorupcyjnym. Do zespo\u0142u firmy do\u0142\u0105czy\u0142a w maju 2024 roku. W pracy zwi\u0105zana z administracj\u0105 dokumentacji pracownik\u00f3w tymczasowych oraz rekrutacj\u0105 pracownik\u00f3w fizycznych, g\u0142\u00f3wnie magazynowych.<\/span><\/p>\n\t\t\t\t\t\t\t<\/div> <!-- .awsm-contact-info -->\n\t\t\t\t\t\t <\/figcaption>\n\t\t\t\t\t  <!-- <\/span> -->\n\t\t\t\t   <\/figure>\n\t\t\t\t<\/div>\n\t\t\t\t\t\t\t<div id=\"awsm-member-1620-1622\" class=\"awsm-grid-card\">\n\t\t\t\t   <figure>\n\t\t\t\t\t\t <img width=\"500\" height=\"500\" src=\"https:\/\/logart.com.pl\/wp-content\/uploads\/2018\/07\/Tadzik-500x500-1538680003.jpg\" class=\"attachment-awsm_team size-awsm_team wp-post-image\" alt=\"\" decoding=\"async\" loading=\"lazy\" srcset=\"https:\/\/logart.com.pl\/wp-content\/uploads\/2018\/07\/Tadzik-500x500-1538680003.jpg 500w, https:\/\/logart.com.pl\/wp-content\/uploads\/2018\/07\/Tadzik-150x150.jpg 150w\" sizes=\"(max-width: 500px) 100vw, 500px\" \/>\t\t\t\t\t\t <figcaption>\n\t\t\t\t\t\t\t<div class=\"awsm-personal-info\">\n\t\t\t\t\t\t\t   <h3>Tadzik<\/h3>\n\t\t\t\t\t\t\t   <span>Dzia\u0142 ochrony \/ PROTECTION DEPARTMENT<\/span>\t\t\t\t\t\t\t<\/div> <!-- .awsm-personal-info -->\n\t\t\t\t\t\t\t<div class=\"awsm-contact-info\">\n\t\t\t\t\t\t\t\t\t\t\t\t\t\t\t<\/div> <!-- .awsm-contact-info -->\n\t\t\t\t\t\t <\/figcaption>\n\t\t\t\t\t  <!-- <\/span> -->\n\t\t\t\t   <\/figure>\n\t\t\t\t<\/div>\n\t\t\t\t\t<\/div><!-- .grid -->\n\t\t<\/div>\n<\/p>","protected":false},"excerpt":{"rendered":"<p>Nasz zesp\u00f3\u0142 &nbsp;<\/p>\n","protected":false},"author":1,"featured_media":0,"parent":2,"menu_order":9,"comment_status":"closed","ping_status":"closed","template":"","meta":{"_mi_skip_tracking":false,"_monsterinsights_sitenote_active":false,"_monsterinsights_sitenote_note":"","_monsterinsights_sitenote_category":0},"acf":[],"yoast_head":"<!-- This site is optimized with the Yoast SEO plugin v21.3 - https:\/\/yoast.com\/wordpress\/plugins\/seo\/ -->\n<title>Nasz zesp\u00f3\u0142 - Logart<\/title>\n<meta name=\"robots\" content=\"index, follow, max-snippet:-1, max-image-preview:large, max-video-preview:-1\" \/>\n<link rel=\"canonical\" href=\"https:\/\/blog.wp.og.wordpress.logart.com.pl\/index.php\/o-firmie\/nasz-zespol\/\" \/>\n<meta property=\"og:locale\" content=\"pl_PL\" \/>\n<meta property=\"og:type\" content=\"article\" \/>\n<meta property=\"og:title\" content=\"[:pl]Nasz zesp\u00f3\u0142[:en]Our team[:] - Logart\" \/>\n<meta property=\"og:description\" content=\"Nasz zesp\u00f3\u0142 &nbsp;\" \/>\n<meta property=\"og:url\" content=\"https:\/\/blog.wp.og.wordpress.logart.com.pl\/index.php\/o-firmie\/nasz-zespol\/\" \/>\n<meta property=\"og:site_name\" content=\"Logart\" \/>\n<meta property=\"article:modified_time\" content=\"2019-07-11T14:42:34+00:00\" \/>\n<meta name=\"twitter:card\" content=\"summary_large_image\" \/>\n<script type=\"application\/ld+json\" class=\"yoast-schema-graph\">{\"@context\":\"https:\/\/schema.org\",\"@graph\":[{\"@type\":\"WebPage\",\"@id\":\"https:\/\/blog.wp.og.wordpress.logart.com.pl\/index.php\/o-firmie\/nasz-zespol\/\",\"url\":\"https:\/\/blog.wp.og.wordpress.logart.com.pl\/index.php\/o-firmie\/nasz-zespol\/\",\"name\":\"[:pl]Nasz zesp\u00f3\u0142[:en]Our team[:] - Logart\",\"isPartOf\":{\"@id\":\"https:\/\/logart.com.pl\/#website\"},\"datePublished\":\"2018-09-29T15:39:42+00:00\",\"dateModified\":\"2019-07-11T14:42:34+00:00\",\"breadcrumb\":{\"@id\":\"https:\/\/blog.wp.og.wordpress.logart.com.pl\/index.php\/o-firmie\/nasz-zespol\/#breadcrumb\"},\"inLanguage\":\"pl-PL\",\"potentialAction\":[{\"@type\":\"ReadAction\",\"target\":[\"https:\/\/blog.wp.og.wordpress.logart.com.pl\/index.php\/o-firmie\/nasz-zespol\/\"]}]},{\"@type\":\"BreadcrumbList\",\"@id\":\"https:\/\/blog.wp.og.wordpress.logart.com.pl\/index.php\/o-firmie\/nasz-zespol\/#breadcrumb\",\"itemListElement\":[{\"@type\":\"ListItem\",\"position\":1,\"name\":\"Strona g\u0142\u00f3wna\",\"item\":\"https:\/\/logart.com.pl\/\"},{\"@type\":\"ListItem\",\"position\":2,\"name\":\"O Nas\",\"item\":\"https:\/\/blog.wp.blog.autodiscover.logart.com.pl\/index.php\/o-firmie\/\"},{\"@type\":\"ListItem\",\"position\":3,\"name\":\"Nasz zesp\u00f3\u0142\"}]},{\"@type\":\"WebSite\",\"@id\":\"https:\/\/logart.com.pl\/#website\",\"url\":\"https:\/\/logart.com.pl\/\",\"name\":\"Logart\",\"description\":\"Personnel Consulting\",\"potentialAction\":[{\"@type\":\"SearchAction\",\"target\":{\"@type\":\"EntryPoint\",\"urlTemplate\":\"https:\/\/logart.com.pl\/?s={search_term_string}\"},\"query-input\":\"required name=search_term_string\"}],\"inLanguage\":\"pl-PL\"}]}<\/script>\n<!-- \/ Yoast SEO plugin. -->","yoast_head_json":{"title":"[:pl]Nasz zesp\u00f3\u0142[:en]Our team[:] - Logart","robots":{"index":"index","follow":"follow","max-snippet":"max-snippet:-1","max-image-preview":"max-image-preview:large","max-video-preview":"max-video-preview:-1"},"canonical":"https:\/\/blog.wp.og.wordpress.logart.com.pl\/index.php\/o-firmie\/nasz-zespol\/","og_locale":"pl_PL","og_type":"article","og_title":"[:pl]Nasz zesp\u00f3\u0142[:en]Our team[:] - Logart","og_description":"Nasz zesp\u00f3\u0142 &nbsp;","og_url":"https:\/\/blog.wp.og.wordpress.logart.com.pl\/index.php\/o-firmie\/nasz-zespol\/","og_site_name":"Logart","article_modified_time":"2019-07-11T14:42:34+00:00","twitter_card":"summary_large_image","schema":{"@context":"https:\/\/schema.org","@graph":[{"@type":"WebPage","@id":"https:\/\/blog.wp.og.wordpress.logart.com.pl\/index.php\/o-firmie\/nasz-zespol\/","url":"https:\/\/blog.wp.og.wordpress.logart.com.pl\/index.php\/o-firmie\/nasz-zespol\/","name":"[:pl]Nasz zesp\u00f3\u0142[:en]Our team[:] - Logart","isPartOf":{"@id":"https:\/\/logart.com.pl\/#website"},"datePublished":"2018-09-29T15:39:42+00:00","dateModified":"2019-07-11T14:42:34+00:00","breadcrumb":{"@id":"https:\/\/blog.wp.og.wordpress.logart.com.pl\/index.php\/o-firmie\/nasz-zespol\/#breadcrumb"},"inLanguage":"pl-PL","potentialAction":[{"@type":"ReadAction","target":["https:\/\/blog.wp.og.wordpress.logart.com.pl\/index.php\/o-firmie\/nasz-zespol\/"]}]},{"@type":"BreadcrumbList","@id":"https:\/\/blog.wp.og.wordpress.logart.com.pl\/index.php\/o-firmie\/nasz-zespol\/#breadcrumb","itemListElement":[{"@type":"ListItem","position":1,"name":"Strona g\u0142\u00f3wna","item":"https:\/\/logart.com.pl\/"},{"@type":"ListItem","position":2,"name":"O Nas","item":"https:\/\/blog.wp.blog.autodiscover.logart.com.pl\/index.php\/o-firmie\/"},{"@type":"ListItem","position":3,"name":"Nasz zesp\u00f3\u0142"}]},{"@type":"WebSite","@id":"https:\/\/logart.com.pl\/#website","url":"https:\/\/logart.com.pl\/","name":"Logart","description":"Personnel Consulting","potentialAction":[{"@type":"SearchAction","target":{"@type":"EntryPoint","urlTemplate":"https:\/\/logart.com.pl\/?s={search_term_string}"},"query-input":"required name=search_term_string"}],"inLanguage":"pl-PL"}]}},"_links":{"self":[{"href":"https:\/\/logart.com.pl\/index.php\/wp-json\/wp\/v2\/pages\/1543"}],"collection":[{"href":"https:\/\/logart.com.pl\/index.php\/wp-json\/wp\/v2\/pages"}],"about":[{"href":"https:\/\/logart.com.pl\/index.php\/wp-json\/wp\/v2\/types\/page"}],"author":[{"embeddable":true,"href":"https:\/\/logart.com.pl\/index.php\/wp-json\/wp\/v2\/users\/1"}],"replies":[{"embeddable":true,"href":"https:\/\/logart.com.pl\/index.php\/wp-json\/wp\/v2\/comments?post=1543"}],"version-history":[{"count":19,"href":"https:\/\/logart.com.pl\/index.php\/wp-json\/wp\/v2\/pages\/1543\/revisions"}],"predecessor-version":[{"id":2008,"href":"https:\/\/logart.com.pl\/index.php\/wp-json\/wp\/v2\/pages\/1543\/revisions\/2008"}],"up":[{"embeddable":true,"href":"https:\/\/logart.com.pl\/index.php\/wp-json\/wp\/v2\/pages\/2"}],"wp:attachment":[{"href":"https:\/\/logart.com.pl\/index.php\/wp-json\/wp\/v2\/media?parent=1543"}],"curies":[{"name":"wp","href":"https:\/\/api.w.org\/{rel}","templated":true}]}}