{"id":1518,"date":"2018-07-13T19:14:19","date_gmt":"2018-07-13T19:14:19","guid":{"rendered":"http:\/\/logart.com.pl\/?page_id=1518"},"modified":"2025-05-13T13:29:37","modified_gmt":"2025-05-13T13:29:37","slug":"napisz-do-nas","status":"publish","type":"page","link":"https:\/\/logart.com.pl\/index.php\/napisz-do-nas\/","title":{"rendered":"Napisz do nas"},"content":{"rendered":"<p><\/p>\n<h3 style=\"text-align: justify;\">Napisz do nas<\/h3>\n<p>\n<div class=\"wpcf7 no-js\" id=\"wpcf7-f963-o1\" lang=\"pl-PL\" dir=\"ltr\">\n<div class=\"screen-reader-response\"><p role=\"status\" aria-live=\"polite\" aria-atomic=\"true\"><\/p> <ul><\/ul><\/div>\n<form action=\"\/index.php\/wp-json\/wp\/v2\/pages\/1518#wpcf7-f963-o1\" method=\"post\" class=\"wpcf7-form init\" aria-label=\"Formularz kontaktowy\" novalidate=\"novalidate\" data-status=\"init\">\n<div style=\"display: none;\">\n<input type=\"hidden\" name=\"_wpcf7\" value=\"963\" \/>\n<input type=\"hidden\" name=\"_wpcf7_version\" value=\"5.8.1\" \/>\n<input type=\"hidden\" name=\"_wpcf7_locale\" value=\"pl_PL\" \/>\n<input type=\"hidden\" name=\"_wpcf7_unit_tag\" value=\"wpcf7-f963-o1\" \/>\n<input type=\"hidden\" name=\"_wpcf7_container_post\" value=\"0\" \/>\n<input type=\"hidden\" name=\"_wpcf7_posted_data_hash\" value=\"\" \/>\n<\/div>\n<div class=\"contact-container\">\n\t<div class=\"contact-row\">\n <!-- Formularz po lewej stronie -->\n\t\t<div class=\"contact-form\">\n\t\t\t<div id=\"c7page1\" class=\"c7page\">\n\t\t\t\t<div class=\"c7inner\">\n\t\t\t\t\t<p><span id=\"ledge\"><span id=\"req\">*<\/span>Nazwa firmy (wymagane)<\/span><span class=\"wpcf7-form-control-wrap\" data-name=\"your-name\"><input size=\"40\" class=\"wpcf7-form-control wpcf7-text wpcf7-validates-as-required\" aria-required=\"true\" aria-invalid=\"false\" value=\"\" type=\"text\" name=\"your-name\" \/><\/span>\n\t\t\t\t\t<\/p>\n\t\t\t\t<\/div>\n\t\t\t<\/div>\n\t\t\t<div id=\"c7page1\" class=\"c7page\">\n\t\t\t\t<div class=\"c7inner\">\n\t\t\t\t\t<p><span id=\"ledge\"><span id=\"req\">*<\/span>Imi\u0119 i nazwisko (wymagane)<\/span><span class=\"wpcf7-form-control-wrap\" data-name=\"your-name\"><input size=\"40\" class=\"wpcf7-form-control wpcf7-text wpcf7-validates-as-required\" aria-required=\"true\" aria-invalid=\"false\" value=\"\" type=\"text\" name=\"your-name\" \/><\/span>\n\t\t\t\t\t<\/p>\n\t\t\t\t<\/div>\n\t\t\t<\/div>\n\t\t\t<div id=\"c7page1\" class=\"c7page\">\n\t\t\t\t<div class=\"c7inner\">\n\t\t\t\t\t<p><span id=\"ledge\"><span id=\"req\">*<\/span>Adres email (wymagane)<\/span><span class=\"wpcf7-form-control-wrap\" data-name=\"your-email\"><input size=\"40\" class=\"wpcf7-form-control wpcf7-email wpcf7-validates-as-required wpcf7-text wpcf7-validates-as-email\" aria-required=\"true\" aria-invalid=\"false\" value=\"\" type=\"email\" name=\"your-email\" \/><\/span>\n\t\t\t\t\t<\/p>\n\t\t\t\t<\/div>\n\t\t\t<\/div>\n\t\t\t<div id=\"c7page1\" class=\"c7page\">\n\t\t\t\t<div class=\"c7inner\">\n\t\t\t\t\t<p><span id=\"ledge\"><span id=\"req\">*<\/span>Temat<\/span><span class=\"wpcf7-form-control-wrap\" data-name=\"your-subject\"><input size=\"40\" class=\"wpcf7-form-control wpcf7-text\" aria-invalid=\"false\" value=\"\" type=\"text\" name=\"your-subject\" \/><\/span>\n\t\t\t\t\t<\/p>\n\t\t\t\t<\/div>\n\t\t\t<\/div>\n\t\t\t<div id=\"c7page1\" class=\"c7page\">\n\t\t\t\t<div class=\"c7inner\">\n\t\t\t\t\t<p><span id=\"ledge\"><span id=\"req\">*<\/span>Tre\u015b\u0107 wiadomo\u015bci<\/span><span class=\"wpcf7-form-control-wrap\" data-name=\"your-message\"><textarea cols=\"40\" rows=\"5\" class=\"wpcf7-form-control wpcf7-textarea\" aria-invalid=\"false\" name=\"your-message\"><\/textarea><\/span>\n\t\t\t\t\t<\/p>\n\t\t\t\t<\/div>\n\t\t\t<\/div>\n\t\t<\/div>\n \n <!-- Obrazek po prawej stronie -->\n\t\t<div class=\"contact-image\">\n\t\t\t<p><img src=\"https:\/\/logart.com.pl\/wp-content\/uploads\/2025\/05\/contact.jpg\" alt=\"Kontakt\" \/>\n\t\t\t<\/p>\n\t\t<\/div>\n\t<\/div>\n \n <!-- Klauzula RODO pod formularzem i obrazkiem -->\n\t<div class=\"consent-full-width\">\n\t\t<div id=\"c7page1\" class=\"c7page\">\n\t\t\t<div class=\"c7inner\">\n\t\t\t\t<p><br \/>\n<span class=\"wpcf7-form-control-wrap\" data-name=\"acceptance-347\"><span class=\"wpcf7-form-control wpcf7-acceptance\"><span class=\"wpcf7-list-item\"><input type=\"checkbox\" name=\"acceptance-347\" value=\"1\" aria-invalid=\"false\" \/><\/span><\/span><\/span><span id=\"req\">*<\/span> Wyra\u017cam zgod\u0119 na przetwarzanie i udost\u0119pnianie swoich danych osobowych w celu realizacji bie\u017c\u0105cych i przysz\u0142ych: us\u0142ug rekrutacyjnych, us\u0142ug agencji pracy tymczasowej, us\u0142ug outsourcingu.<br \/>\nAdministratorami danych osobowych s\u0105 Logart Sp. z o.o., adres siedziby: ul. 1 Maja 14\/2E, 96-300 \u017byrard\u00f3w, NIP: 8381852559 oraz Logart, adres siedziby: ul. Armii Krajowej 41, 96-314 Baran\u00f3w, NIP: 8381256389. Dane osobowe mog\u0105 by\u0107 udost\u0119pnione potencjalnym pracodawcom oraz podmiotom wsp\u00f3\u0142pracuj\u0105cym z Administratorem. Zosta\u0142em poinformowany, \u017ce przys\u0142uguje mi prawo dost\u0119pu do swoich danych osobowych, w\u0142\u0105czaj\u0105c w to prawo do ich usuni\u0119cia. Aplikacja oznacza potwierdzenie zapoznania si\u0119 z zasadami przetwarzania danych osobowych przez Administrator\u00f3w oraz przys\u0142uguj\u0105cych mi prawach, opublikowanych na stronie <a href=\"http:\/\/www.logart.com.pl\/index.php\/rodo\">www.logart.com.pl\/index.php\/rodo<\/a>.\n\t\t\t\t<\/p>\n\t\t\t<\/div>\n\t\t<\/div>\n\t<\/div>\n \n <!-- Przycisk wy\u015blij -->\n\t<div class=\"submit-button\">\n\t\t<p><input class=\"wpcf7-form-control wpcf7-submit has-spinner\" type=\"submit\" value=\"Wy\u015blij\" \/>\n\t\t<\/p>\n\t<\/div>\n<\/div>\n<p><link rel=\"stylesheet\" href=\"\/wp-content\/themes\/logart\/css\/chosen.css\" \/>\n<\/p>\n<style>\n \/* G\u0142\u00f3wny kontener *\/\n .contact-container {\n width: 100%;\n max-width: 1200px;\n margin: 0 auto;\n }\n \n \/* Uk\u0142ad wiersza formularz + obrazek *\/\n .contact-row {\n display: flex;\n gap: 20px;\n margin-bottom: 20px;\n }\n \n \/* Formularz *\/\n .contact-form {\n flex: 1;\n min-width: 300px;\n }\n \n \/* Zachowanie oryginalnego wygl\u0105du p\u00f3l formularza *\/\n .c7page {\n margin-bottom: 15px;\n }\n \n \/* Gwarantuje, \u017ce gwiazdka i tekst s\u0105 w jednej linii *\/\n #ledge {\n display: inline-block;\n }\n \n #req {\n color: red;\n display: inline;\n margin-right: 3px;\n }\n \n \/* Kontener obrazka *\/\n .contact-image {\n width: 907px; \/* Szeroko\u015b\u0107 907px zgodnie z pro\u015bb\u0105 *\/\n display: flex;\n align-items: center;\n justify-content: center;\n }\n \n .contact-image img {\n width: 100%;\n height: auto;\n display: block;\npadding: 13px 0px 0px 0px;\n }\n \n \/* Klauzula RODO na pe\u0142n\u0105 szeroko\u015b\u0107 *\/\n .consent-full-width {\n width: 100%;\n margin: 20px 0;\n }\n \n \/* Przycisk wy\u015blij *\/\n .submit-button {\n margin-top: 15px;\n }\n \n \/* Responsywno\u015b\u0107 *\/\n @media (max-width: 1200px) {\n .contact-row {\n flex-direction: column;\n }\n \n .contact-image {\n width: 100%;\n max-width: 907px;\n margin: 0 auto;\n \n order: -1; \/* Obrazek na g\u00f3rze na urz\u0105dzeniach mobilnych *\/\n }\n }\n \n \/* Zapewnienie, \u017ce textarea ma 5 wierszy *\/\n textarea.wpcf7-textarea {\n height: auto;\n min-height: 5em;\n rows: 5;\n }\n<\/style><div class=\"wpcf7-response-output\" aria-hidden=\"true\"><\/div>\n<\/form>\n<\/div>\n<\/p>","protected":false},"excerpt":{"rendered":"<p>Napisz do nas<\/p>\n","protected":false},"author":1,"featured_media":0,"parent":0,"menu_order":30,"comment_status":"closed","ping_status":"closed","template":"","meta":{"_mi_skip_tracking":false,"_monsterinsights_sitenote_active":false,"_monsterinsights_sitenote_note":"","_monsterinsights_sitenote_category":0},"acf":[],"yoast_head":"<!-- This site is optimized with the Yoast SEO plugin v21.3 - https:\/\/yoast.com\/wordpress\/plugins\/seo\/ -->\n<title>Napisz do nas - Logart<\/title>\n<meta name=\"robots\" content=\"index, follow, max-snippet:-1, max-image-preview:large, max-video-preview:-1\" \/>\n<link rel=\"canonical\" href=\"https:\/\/blog.wp.blog.autodiscover.logart.com.pl\/index.php\/napisz-do-nas\/\" \/>\n<meta property=\"og:locale\" content=\"pl_PL\" \/>\n<meta property=\"og:type\" content=\"article\" \/>\n<meta property=\"og:title\" content=\"[:pl]Napisz do nas[:] - Logart\" \/>\n<meta property=\"og:description\" content=\"Napisz do nas\" \/>\n<meta property=\"og:url\" content=\"https:\/\/blog.wp.blog.autodiscover.logart.com.pl\/index.php\/napisz-do-nas\/\" \/>\n<meta property=\"og:site_name\" content=\"Logart\" \/>\n<meta property=\"article:modified_time\" content=\"2025-05-13T13:29:37+00:00\" \/>\n<meta name=\"twitter:card\" content=\"summary_large_image\" \/>\n<meta name=\"twitter:label1\" content=\"Szacowany czas czytania\" \/>\n\t<meta name=\"twitter:data1\" content=\"1 minuta\" \/>\n<script type=\"application\/ld+json\" class=\"yoast-schema-graph\">{\"@context\":\"https:\/\/schema.org\",\"@graph\":[{\"@type\":\"WebPage\",\"@id\":\"https:\/\/blog.wp.blog.autodiscover.logart.com.pl\/index.php\/napisz-do-nas\/\",\"url\":\"https:\/\/blog.wp.blog.autodiscover.logart.com.pl\/index.php\/napisz-do-nas\/\",\"name\":\"[:pl]Napisz do nas[:] - Logart\",\"isPartOf\":{\"@id\":\"https:\/\/blogs.wp.og.logart.com.pl\/#website\"},\"datePublished\":\"2018-07-13T19:14:19+00:00\",\"dateModified\":\"2025-05-13T13:29:37+00:00\",\"breadcrumb\":{\"@id\":\"https:\/\/blog.wp.blog.autodiscover.logart.com.pl\/index.php\/napisz-do-nas\/#breadcrumb\"},\"inLanguage\":\"pl-PL\",\"potentialAction\":[{\"@type\":\"ReadAction\",\"target\":[\"https:\/\/blog.wp.blog.autodiscover.logart.com.pl\/index.php\/napisz-do-nas\/\"]}]},{\"@type\":\"BreadcrumbList\",\"@id\":\"https:\/\/blog.wp.blog.autodiscover.logart.com.pl\/index.php\/napisz-do-nas\/#breadcrumb\",\"itemListElement\":[{\"@type\":\"ListItem\",\"position\":1,\"name\":\"Strona g\u0142\u00f3wna\",\"item\":\"https:\/\/blogs.wp.og.logart.com.pl\/\"},{\"@type\":\"ListItem\",\"position\":2,\"name\":\"Napisz do nas\"}]},{\"@type\":\"WebSite\",\"@id\":\"https:\/\/blogs.wp.og.logart.com.pl\/#website\",\"url\":\"https:\/\/blogs.wp.og.logart.com.pl\/\",\"name\":\"Logart\",\"description\":\"Personnel Consulting\",\"potentialAction\":[{\"@type\":\"SearchAction\",\"target\":{\"@type\":\"EntryPoint\",\"urlTemplate\":\"https:\/\/blogs.wp.og.logart.com.pl\/?s={search_term_string}\"},\"query-input\":\"required name=search_term_string\"}],\"inLanguage\":\"pl-PL\"}]}<\/script>\n<!-- \/ Yoast SEO plugin. -->","yoast_head_json":{"title":"[:pl]Napisz do nas[:] - Logart","robots":{"index":"index","follow":"follow","max-snippet":"max-snippet:-1","max-image-preview":"max-image-preview:large","max-video-preview":"max-video-preview:-1"},"canonical":"https:\/\/blog.wp.blog.autodiscover.logart.com.pl\/index.php\/napisz-do-nas\/","og_locale":"pl_PL","og_type":"article","og_title":"[:pl]Napisz do nas[:] - Logart","og_description":"Napisz do nas","og_url":"https:\/\/blog.wp.blog.autodiscover.logart.com.pl\/index.php\/napisz-do-nas\/","og_site_name":"Logart","article_modified_time":"2025-05-13T13:29:37+00:00","twitter_card":"summary_large_image","twitter_misc":{"Szacowany czas czytania":"1 minuta"},"schema":{"@context":"https:\/\/schema.org","@graph":[{"@type":"WebPage","@id":"https:\/\/blog.wp.blog.autodiscover.logart.com.pl\/index.php\/napisz-do-nas\/","url":"https:\/\/blog.wp.blog.autodiscover.logart.com.pl\/index.php\/napisz-do-nas\/","name":"[:pl]Napisz do nas[:] - Logart","isPartOf":{"@id":"https:\/\/blogs.wp.og.logart.com.pl\/#website"},"datePublished":"2018-07-13T19:14:19+00:00","dateModified":"2025-05-13T13:29:37+00:00","breadcrumb":{"@id":"https:\/\/blog.wp.blog.autodiscover.logart.com.pl\/index.php\/napisz-do-nas\/#breadcrumb"},"inLanguage":"pl-PL","potentialAction":[{"@type":"ReadAction","target":["https:\/\/blog.wp.blog.autodiscover.logart.com.pl\/index.php\/napisz-do-nas\/"]}]},{"@type":"BreadcrumbList","@id":"https:\/\/blog.wp.blog.autodiscover.logart.com.pl\/index.php\/napisz-do-nas\/#breadcrumb","itemListElement":[{"@type":"ListItem","position":1,"name":"Strona g\u0142\u00f3wna","item":"https:\/\/blogs.wp.og.logart.com.pl\/"},{"@type":"ListItem","position":2,"name":"Napisz do nas"}]},{"@type":"WebSite","@id":"https:\/\/blogs.wp.og.logart.com.pl\/#website","url":"https:\/\/blogs.wp.og.logart.com.pl\/","name":"Logart","description":"Personnel Consulting","potentialAction":[{"@type":"SearchAction","target":{"@type":"EntryPoint","urlTemplate":"https:\/\/blogs.wp.og.logart.com.pl\/?s={search_term_string}"},"query-input":"required name=search_term_string"}],"inLanguage":"pl-PL"}]}},"_links":{"self":[{"href":"https:\/\/logart.com.pl\/index.php\/wp-json\/wp\/v2\/pages\/1518"}],"collection":[{"href":"https:\/\/logart.com.pl\/index.php\/wp-json\/wp\/v2\/pages"}],"about":[{"href":"https:\/\/logart.com.pl\/index.php\/wp-json\/wp\/v2\/types\/page"}],"author":[{"embeddable":true,"href":"https:\/\/logart.com.pl\/index.php\/wp-json\/wp\/v2\/users\/1"}],"replies":[{"embeddable":true,"href":"https:\/\/logart.com.pl\/index.php\/wp-json\/wp\/v2\/comments?post=1518"}],"version-history":[{"count":11,"href":"https:\/\/logart.com.pl\/index.php\/wp-json\/wp\/v2\/pages\/1518\/revisions"}],"predecessor-version":[{"id":2233,"href":"https:\/\/logart.com.pl\/index.php\/wp-json\/wp\/v2\/pages\/1518\/revisions\/2233"}],"wp:attachment":[{"href":"https:\/\/logart.com.pl\/index.php\/wp-json\/wp\/v2\/media?parent=1518"}],"curies":[{"name":"wp","href":"https:\/\/api.w.org\/{rel}","templated":true}]}}