{"id":117,"date":"2015-11-25T12:13:53","date_gmt":"2015-11-25T12:13:53","guid":{"rendered":"http:\/\/logart.com.pl\/?page_id=117"},"modified":"2019-07-11T12:43:50","modified_gmt":"2019-07-11T12:43:50","slug":"dla-kandydata","status":"publish","type":"page","link":"https:\/\/logart.com.pl\/index.php\/dla-kandydata\/","title":{"rendered":"Dla kandydata"},"content":{"rendered":"<p><\/p>\n<h3 style=\"text-align: justify;\">Szukasz pracy?<\/h3>\n<p style=\"text-align: justify;\">Naszymi klientami, a Twoimi potencjalnymi pracodawcami s\u0105 mi\u0119dzynarodowe korporacje oraz renomowane firmy polskie.<\/p>\n<p style=\"text-align: justify;\">Najwi\u0119cej spo\u015br\u00f3d ofert zatrudnienia, kt\u00f3re posiadamy, dotyczy nast\u0119puj\u0105cych sektor\u00f3w:<\/p>\n<ul style=\"text-align: justify;\">\n<li>\n<h5>Transport, spedycja<\/h5>\n<\/li>\n<li>\n<h5>Logistyka<\/h5>\n<\/li>\n<li>\n<h5>Produkcja<\/h5>\n<\/li>\n<li>\n<h5>In\u017cynieria<\/h5>\n<\/li>\n<li>\n<h5>Sprzeda\u017c<\/h5>\n<\/li>\n<\/ul>\n<p style=\"text-align: justify;\">Posiadamy m.in. atrakcyjne <a href=\"http:\/\/logart.com.pl\/index.php\/oferty\/\">oferty pracy<\/a> dla spedytor\u00f3w, kierownik\u00f3w spedycji, przedstawicieli handlowych (logistyka, transport, spedycja), ksi\u0119gowych oraz asystent\u00f3w.<\/p>\n<p style=\"text-align: justify;\">Regularnie poszukujemy tak\u017ce pracownik\u00f3w produkcyjnych, magazynowych oraz operator\u00f3w maszyn (w\u00f3zk\u00f3w wid\u0142owych, wtryskarek oraz maszyn CNC).<\/p>\n<p style=\"text-align: justify;\">Je\u015bli rozwa\u017casz zmian\u0119 miejsca zatrudnienia, <a href=\"http:\/\/www.logart.com.pl\/index.php\/zarejestruj-cv\"> zarejestruj swoje CV<\/a>. Pami\u0119taj, \u017ce gwarantujemy Ci pe\u0142n\u0105 dyskrecj\u0119 podczas ca\u0142ego procesu rekrutacji, a tak\u017ce po jego zako\u0144czeniu.<\/p>\n<p style=\"text-align: justify;\"><a href=\"http:\/\/logart.com.pl\/index.php\/dla-kandydata\/jak-przygotowac-cv\/\">Zobacz, jak dobrze przygotowa\u0107 CV<\/a>.<\/p>\n<p><\/p>","protected":false},"excerpt":{"rendered":"<p>Szukasz pracy? Naszymi klientami, a Twoimi potencjalnymi pracodawcami s\u0105 mi\u0119dzynarodowe korporacje oraz renomowane firmy polskie. Najwi\u0119cej spo\u015br\u00f3d ofert zatrudnienia, kt\u00f3re posiadamy, dotyczy nast\u0119puj\u0105cych sektor\u00f3w: Transport, spedycja Logistyka Produkcja In\u017cynieria Sprzeda\u017c Posiadamy m.in. atrakcyjne oferty pracy dla spedytor\u00f3w, kierownik\u00f3w spedycji, przedstawicieli handlowych (logistyka, transport, spedycja), ksi\u0119gowych oraz asystent\u00f3w. Regularnie poszukujemy tak\u017ce pracownik\u00f3w produkcyjnych, magazynowych oraz operator\u00f3w &hellip; <a href=\"https:\/\/logart.com.pl\/index.php\/dla-kandydata\/\" class=\"more-link\">Czytaj dalej <span class=\"screen-reader-text\">Dla kandydata<\/span> <span class=\"meta-nav\">&rarr;<\/span><\/a><\/p>\n","protected":false},"author":1,"featured_media":0,"parent":0,"menu_order":21,"comment_status":"closed","ping_status":"closed","template":"","meta":{"_mi_skip_tracking":false,"_monsterinsights_sitenote_active":false,"_monsterinsights_sitenote_note":"","_monsterinsights_sitenote_category":0},"acf":[],"yoast_head":"<!-- This site is optimized with the Yoast SEO plugin v21.3 - https:\/\/yoast.com\/wordpress\/plugins\/seo\/ -->\n<title>Dla kandydata - Logart<\/title>\n<meta name=\"robots\" content=\"index, follow, max-snippet:-1, max-image-preview:large, max-video-preview:-1\" \/>\n<link rel=\"canonical\" href=\"https:\/\/logart.com.pl\/index.php\/dla-kandydata\/\" \/>\n<meta property=\"og:locale\" content=\"pl_PL\" \/>\n<meta property=\"og:type\" content=\"article\" \/>\n<meta property=\"og:title\" content=\"[:pl]Dla kandydata[:en]For candidates[:ru]\u0414\u041b\u042f \u041a\u0410\u041d\u0414\u0418\u0414\u0410\u0422\u0410[:] - Logart\" \/>\n<meta property=\"og:description\" content=\"Szukasz pracy? Naszymi klientami, a Twoimi potencjalnymi pracodawcami s\u0105 mi\u0119dzynarodowe korporacje oraz renomowane firmy polskie. Najwi\u0119cej spo\u015br\u00f3d ofert zatrudnienia, kt\u00f3re posiadamy, dotyczy nast\u0119puj\u0105cych sektor\u00f3w: Transport, spedycja Logistyka Produkcja In\u017cynieria Sprzeda\u017c Posiadamy m.in. atrakcyjne oferty pracy dla spedytor\u00f3w, kierownik\u00f3w spedycji, przedstawicieli handlowych (logistyka, transport, spedycja), ksi\u0119gowych oraz asystent\u00f3w. Regularnie poszukujemy tak\u017ce pracownik\u00f3w produkcyjnych, magazynowych oraz operator\u00f3w &hellip; Czytaj dalej Dla kandydata &rarr;\" \/>\n<meta property=\"og:url\" content=\"https:\/\/logart.com.pl\/index.php\/dla-kandydata\/\" \/>\n<meta property=\"og:site_name\" content=\"Logart\" \/>\n<meta property=\"article:modified_time\" content=\"2019-07-11T12:43:50+00:00\" \/>\n<meta name=\"twitter:card\" content=\"summary_large_image\" \/>\n<meta name=\"twitter:label1\" content=\"Szacowany czas czytania\" \/>\n\t<meta name=\"twitter:data1\" content=\"1 minuta\" \/>\n<script type=\"application\/ld+json\" class=\"yoast-schema-graph\">{\"@context\":\"https:\/\/schema.org\",\"@graph\":[{\"@type\":\"WebPage\",\"@id\":\"https:\/\/logart.com.pl\/index.php\/dla-kandydata\/\",\"url\":\"https:\/\/logart.com.pl\/index.php\/dla-kandydata\/\",\"name\":\"[:pl]Dla kandydata[:en]For candidates[:ru]\u0414\u041b\u042f \u041a\u0410\u041d\u0414\u0418\u0414\u0410\u0422\u0410[:] - Logart\",\"isPartOf\":{\"@id\":\"https:\/\/logart.com.pl\/#website\"},\"datePublished\":\"2015-11-25T12:13:53+00:00\",\"dateModified\":\"2019-07-11T12:43:50+00:00\",\"breadcrumb\":{\"@id\":\"https:\/\/logart.com.pl\/index.php\/dla-kandydata\/#breadcrumb\"},\"inLanguage\":\"pl-PL\",\"potentialAction\":[{\"@type\":\"ReadAction\",\"target\":[\"https:\/\/logart.com.pl\/index.php\/dla-kandydata\/\"]}]},{\"@type\":\"BreadcrumbList\",\"@id\":\"https:\/\/logart.com.pl\/index.php\/dla-kandydata\/#breadcrumb\",\"itemListElement\":[{\"@type\":\"ListItem\",\"position\":1,\"name\":\"Strona g\u0142\u00f3wna\",\"item\":\"https:\/\/logart.com.pl\/\"},{\"@type\":\"ListItem\",\"position\":2,\"name\":\"Dla kandydata\"}]},{\"@type\":\"WebSite\",\"@id\":\"https:\/\/logart.com.pl\/#website\",\"url\":\"https:\/\/logart.com.pl\/\",\"name\":\"Logart\",\"description\":\"Personnel Consulting\",\"potentialAction\":[{\"@type\":\"SearchAction\",\"target\":{\"@type\":\"EntryPoint\",\"urlTemplate\":\"https:\/\/logart.com.pl\/?s={search_term_string}\"},\"query-input\":\"required name=search_term_string\"}],\"inLanguage\":\"pl-PL\"}]}<\/script>\n<!-- \/ Yoast SEO plugin. -->","yoast_head_json":{"title":"[:pl]Dla kandydata[:en]For candidates[:ru]\u0414\u041b\u042f \u041a\u0410\u041d\u0414\u0418\u0414\u0410\u0422\u0410[:] - Logart","robots":{"index":"index","follow":"follow","max-snippet":"max-snippet:-1","max-image-preview":"max-image-preview:large","max-video-preview":"max-video-preview:-1"},"canonical":"https:\/\/logart.com.pl\/index.php\/dla-kandydata\/","og_locale":"pl_PL","og_type":"article","og_title":"[:pl]Dla kandydata[:en]For candidates[:ru]\u0414\u041b\u042f \u041a\u0410\u041d\u0414\u0418\u0414\u0410\u0422\u0410[:] - Logart","og_description":"Szukasz pracy? Naszymi klientami, a Twoimi potencjalnymi pracodawcami s\u0105 mi\u0119dzynarodowe korporacje oraz renomowane firmy polskie. Najwi\u0119cej spo\u015br\u00f3d ofert zatrudnienia, kt\u00f3re posiadamy, dotyczy nast\u0119puj\u0105cych sektor\u00f3w: Transport, spedycja Logistyka Produkcja In\u017cynieria Sprzeda\u017c Posiadamy m.in. atrakcyjne oferty pracy dla spedytor\u00f3w, kierownik\u00f3w spedycji, przedstawicieli handlowych (logistyka, transport, spedycja), ksi\u0119gowych oraz asystent\u00f3w. Regularnie poszukujemy tak\u017ce pracownik\u00f3w produkcyjnych, magazynowych oraz operator\u00f3w &hellip; Czytaj dalej Dla kandydata &rarr;","og_url":"https:\/\/logart.com.pl\/index.php\/dla-kandydata\/","og_site_name":"Logart","article_modified_time":"2019-07-11T12:43:50+00:00","twitter_card":"summary_large_image","twitter_misc":{"Szacowany czas czytania":"1 minuta"},"schema":{"@context":"https:\/\/schema.org","@graph":[{"@type":"WebPage","@id":"https:\/\/logart.com.pl\/index.php\/dla-kandydata\/","url":"https:\/\/logart.com.pl\/index.php\/dla-kandydata\/","name":"[:pl]Dla kandydata[:en]For candidates[:ru]\u0414\u041b\u042f \u041a\u0410\u041d\u0414\u0418\u0414\u0410\u0422\u0410[:] - Logart","isPartOf":{"@id":"https:\/\/logart.com.pl\/#website"},"datePublished":"2015-11-25T12:13:53+00:00","dateModified":"2019-07-11T12:43:50+00:00","breadcrumb":{"@id":"https:\/\/logart.com.pl\/index.php\/dla-kandydata\/#breadcrumb"},"inLanguage":"pl-PL","potentialAction":[{"@type":"ReadAction","target":["https:\/\/logart.com.pl\/index.php\/dla-kandydata\/"]}]},{"@type":"BreadcrumbList","@id":"https:\/\/logart.com.pl\/index.php\/dla-kandydata\/#breadcrumb","itemListElement":[{"@type":"ListItem","position":1,"name":"Strona g\u0142\u00f3wna","item":"https:\/\/logart.com.pl\/"},{"@type":"ListItem","position":2,"name":"Dla kandydata"}]},{"@type":"WebSite","@id":"https:\/\/logart.com.pl\/#website","url":"https:\/\/logart.com.pl\/","name":"Logart","description":"Personnel Consulting","potentialAction":[{"@type":"SearchAction","target":{"@type":"EntryPoint","urlTemplate":"https:\/\/logart.com.pl\/?s={search_term_string}"},"query-input":"required name=search_term_string"}],"inLanguage":"pl-PL"}]}},"_links":{"self":[{"href":"https:\/\/logart.com.pl\/index.php\/wp-json\/wp\/v2\/pages\/117"}],"collection":[{"href":"https:\/\/logart.com.pl\/index.php\/wp-json\/wp\/v2\/pages"}],"about":[{"href":"https:\/\/logart.com.pl\/index.php\/wp-json\/wp\/v2\/types\/page"}],"author":[{"embeddable":true,"href":"https:\/\/logart.com.pl\/index.php\/wp-json\/wp\/v2\/users\/1"}],"replies":[{"embeddable":true,"href":"https:\/\/logart.com.pl\/index.php\/wp-json\/wp\/v2\/comments?post=117"}],"version-history":[{"count":20,"href":"https:\/\/logart.com.pl\/index.php\/wp-json\/wp\/v2\/pages\/117\/revisions"}],"predecessor-version":[{"id":2002,"href":"https:\/\/logart.com.pl\/index.php\/wp-json\/wp\/v2\/pages\/117\/revisions\/2002"}],"wp:attachment":[{"href":"https:\/\/logart.com.pl\/index.php\/wp-json\/wp\/v2\/media?parent=117"}],"curies":[{"name":"wp","href":"https:\/\/api.w.org\/{rel}","templated":true}]}}