{"id":114,"date":"2015-11-25T12:12:53","date_gmt":"2015-11-25T12:12:53","guid":{"rendered":"http:\/\/logart.com.pl\/?page_id=114"},"modified":"2025-05-13T15:08:46","modified_gmt":"2025-05-13T15:08:46","slug":"dla-pracodawcy","status":"publish","type":"page","link":"https:\/\/logart.com.pl\/index.php\/dla-pracodawcy\/","title":{"rendered":"Dla pracodawcy"},"content":{"rendered":"<p><\/p>\n<h3 style=\"text-align: justify;\">Dla pracodawcy<\/h3>\n<p style=\"text-align: justify;\">Najwi\u0119kszym kapita\u0142em ka\u017cdego przedsi\u0119biorstwa s\u0105 ludzie: dobrze wykwalifikowani i odpowiednio dopasowani do zada\u0144 i otoczenia. Takich pozyskujemy dla naszych klient\u00f3w od 2003 roku. Jeste\u015bmy agencj\u0105 doradztwa personalnego, specjalizuj\u0105c\u0105 si\u0119 w pozyskiwaniu mened\u017cer\u00f3w i specjalist\u00f3w dla bran\u017c: transport, spedycja, logistyka, produkcja.<\/p>\n<p><img decoding=\"async\" loading=\"lazy\" class=\"aligncenter wp-image-907\" src=\"https:\/\/logart.com.pl\/wp-content\/uploads\/2025\/05\/for-employer.jpg\" alt=\"for-employer\" width=\"780\" height=\"483\" \/><\/p>\n<h4>Do naszych podstawowych us\u0142ug nale\u017c\u0105:<\/h4>\n<ol>\n<li>\n<h5><a href=\"http:\/\/logart.com.pl\/index.php\/dla-pracodawcy\/rekrutacja-menedzerow-i-specjalistow\/\">Rekrutacja bezpo\u015brednia na stanowiska specjalist\u00f3w oraz mened\u017cer\u00f3w \u015bredniego i wy\u017cszego szczebla<\/a><\/h5>\n<\/li>\n<li>\n<h5><a href=\"http:\/\/logart.com.pl\/index.php\/strona-glowna\/leasing-pracowniczy\/\">Udost\u0119pnianie pracownik\u00f3w tymczasowych<\/a><\/h5>\n<\/li>\n<li>\n<h5><a href=\"http:\/\/logart.com.pl\/index.php\/dla-pracodawcy\/serwis-kadrowo-placowy\/\">Serwis kadrowo- p\u0142acowy<\/a><\/h5>\n<\/li>\n<\/ol>\n<h5><a href=\"http:\/\/logart.com.pl\/index.php\/dla-pracodawcy\/rekrutacja-dla-logistyki\/\">Przeczytaj wi\u0119cej o naszej specjalizacji.<\/a><\/h5>\n<p>&nbsp;<\/p>","protected":false},"excerpt":{"rendered":"<p>Dla pracodawcy Najwi\u0119kszym kapita\u0142em ka\u017cdego przedsi\u0119biorstwa s\u0105 ludzie: dobrze wykwalifikowani i odpowiednio dopasowani do zada\u0144 i otoczenia. Takich pozyskujemy dla naszych klient\u00f3w od 2003 roku. Jeste\u015bmy agencj\u0105 doradztwa personalnego, specjalizuj\u0105c\u0105 si\u0119 w pozyskiwaniu mened\u017cer\u00f3w i specjalist\u00f3w dla bran\u017c: transport, spedycja, logistyka, produkcja. Do naszych podstawowych us\u0142ug nale\u017c\u0105: Rekrutacja bezpo\u015brednia na stanowiska specjalist\u00f3w oraz mened\u017cer\u00f3w \u015bredniego &hellip; <a href=\"https:\/\/logart.com.pl\/index.php\/dla-pracodawcy\/\" class=\"more-link\">Czytaj dalej <span class=\"screen-reader-text\">Dla pracodawcy<\/span> <span class=\"meta-nav\">&rarr;<\/span><\/a><\/p>\n","protected":false},"author":1,"featured_media":0,"parent":0,"menu_order":4,"comment_status":"closed","ping_status":"closed","template":"","meta":{"_mi_skip_tracking":false,"_monsterinsights_sitenote_active":false,"_monsterinsights_sitenote_note":"","_monsterinsights_sitenote_category":0},"acf":[],"yoast_head":"<!-- This site is optimized with the Yoast SEO plugin v21.3 - https:\/\/yoast.com\/wordpress\/plugins\/seo\/ -->\n<title>Dla pracodawcy - Logart<\/title>\n<meta name=\"robots\" content=\"index, follow, max-snippet:-1, max-image-preview:large, max-video-preview:-1\" \/>\n<link rel=\"canonical\" href=\"https:\/\/example.blog.blog.wp.og.wordpress.logart.com.pl\/index.php\/dla-pracodawcy\/\" \/>\n<meta property=\"og:locale\" content=\"pl_PL\" \/>\n<meta property=\"og:type\" content=\"article\" \/>\n<meta property=\"og:title\" content=\"[:pl]Dla pracodawcy[:en]For employers[:ru]\u0414\u043b\u044f \u0440\u0430\u0431\u043e\u0442\u043e\u0434\u0430\u0442\u0435\u043b\u044f[:] - Logart\" \/>\n<meta property=\"og:description\" content=\"Dla pracodawcy Najwi\u0119kszym kapita\u0142em ka\u017cdego przedsi\u0119biorstwa s\u0105 ludzie: dobrze wykwalifikowani i odpowiednio dopasowani do zada\u0144 i otoczenia. Takich pozyskujemy dla naszych klient\u00f3w od 2003 roku. Jeste\u015bmy agencj\u0105 doradztwa personalnego, specjalizuj\u0105c\u0105 si\u0119 w pozyskiwaniu mened\u017cer\u00f3w i specjalist\u00f3w dla bran\u017c: transport, spedycja, logistyka, produkcja. Do naszych podstawowych us\u0142ug nale\u017c\u0105: Rekrutacja bezpo\u015brednia na stanowiska specjalist\u00f3w oraz mened\u017cer\u00f3w \u015bredniego &hellip; Czytaj dalej Dla pracodawcy &rarr;\" \/>\n<meta property=\"og:url\" content=\"https:\/\/example.blog.blog.wp.og.wordpress.logart.com.pl\/index.php\/dla-pracodawcy\/\" \/>\n<meta property=\"og:site_name\" content=\"Logart\" \/>\n<meta property=\"article:modified_time\" content=\"2025-05-13T15:08:46+00:00\" \/>\n<meta property=\"og:image\" content=\"https:\/\/logart.com.pl\/wp-content\/uploads\/2025\/05\/for-employer.jpg\" \/>\n<meta name=\"twitter:card\" content=\"summary_large_image\" \/>\n<meta name=\"twitter:label1\" content=\"Szacowany czas czytania\" \/>\n\t<meta name=\"twitter:data1\" content=\"2 minuty\" \/>\n<script type=\"application\/ld+json\" class=\"yoast-schema-graph\">{\"@context\":\"https:\/\/schema.org\",\"@graph\":[{\"@type\":\"WebPage\",\"@id\":\"https:\/\/example.blog.blog.wp.og.wordpress.logart.com.pl\/index.php\/dla-pracodawcy\/\",\"url\":\"https:\/\/example.blog.blog.wp.og.wordpress.logart.com.pl\/index.php\/dla-pracodawcy\/\",\"name\":\"[:pl]Dla pracodawcy[:en]For employers[:ru]\u0414\u043b\u044f \u0440\u0430\u0431\u043e\u0442\u043e\u0434\u0430\u0442\u0435\u043b\u044f[:] - Logart\",\"isPartOf\":{\"@id\":\"https:\/\/example.blog.blog.wp.og.wordpress.logart.com.pl\/#website\"},\"datePublished\":\"2015-11-25T12:12:53+00:00\",\"dateModified\":\"2025-05-13T15:08:46+00:00\",\"breadcrumb\":{\"@id\":\"https:\/\/example.blog.blog.wp.og.wordpress.logart.com.pl\/index.php\/dla-pracodawcy\/#breadcrumb\"},\"inLanguage\":\"pl-PL\",\"potentialAction\":[{\"@type\":\"ReadAction\",\"target\":[\"https:\/\/example.blog.blog.wp.og.wordpress.logart.com.pl\/index.php\/dla-pracodawcy\/\"]}]},{\"@type\":\"BreadcrumbList\",\"@id\":\"https:\/\/example.blog.blog.wp.og.wordpress.logart.com.pl\/index.php\/dla-pracodawcy\/#breadcrumb\",\"itemListElement\":[{\"@type\":\"ListItem\",\"position\":1,\"name\":\"Strona g\u0142\u00f3wna\",\"item\":\"https:\/\/example.blog.blog.wp.og.wordpress.logart.com.pl\/\"},{\"@type\":\"ListItem\",\"position\":2,\"name\":\"Dla pracodawcy\"}]},{\"@type\":\"WebSite\",\"@id\":\"https:\/\/example.blog.blog.wp.og.wordpress.logart.com.pl\/#website\",\"url\":\"https:\/\/example.blog.blog.wp.og.wordpress.logart.com.pl\/\",\"name\":\"Logart\",\"description\":\"Personnel Consulting\",\"potentialAction\":[{\"@type\":\"SearchAction\",\"target\":{\"@type\":\"EntryPoint\",\"urlTemplate\":\"https:\/\/example.blog.blog.wp.og.wordpress.logart.com.pl\/?s={search_term_string}\"},\"query-input\":\"required name=search_term_string\"}],\"inLanguage\":\"pl-PL\"}]}<\/script>\n<!-- \/ Yoast SEO plugin. -->","yoast_head_json":{"title":"[:pl]Dla pracodawcy[:en]For employers[:ru]\u0414\u043b\u044f \u0440\u0430\u0431\u043e\u0442\u043e\u0434\u0430\u0442\u0435\u043b\u044f[:] - Logart","robots":{"index":"index","follow":"follow","max-snippet":"max-snippet:-1","max-image-preview":"max-image-preview:large","max-video-preview":"max-video-preview:-1"},"canonical":"https:\/\/example.blog.blog.wp.og.wordpress.logart.com.pl\/index.php\/dla-pracodawcy\/","og_locale":"pl_PL","og_type":"article","og_title":"[:pl]Dla pracodawcy[:en]For employers[:ru]\u0414\u043b\u044f \u0440\u0430\u0431\u043e\u0442\u043e\u0434\u0430\u0442\u0435\u043b\u044f[:] - Logart","og_description":"Dla pracodawcy Najwi\u0119kszym kapita\u0142em ka\u017cdego przedsi\u0119biorstwa s\u0105 ludzie: dobrze wykwalifikowani i odpowiednio dopasowani do zada\u0144 i otoczenia. Takich pozyskujemy dla naszych klient\u00f3w od 2003 roku. Jeste\u015bmy agencj\u0105 doradztwa personalnego, specjalizuj\u0105c\u0105 si\u0119 w pozyskiwaniu mened\u017cer\u00f3w i specjalist\u00f3w dla bran\u017c: transport, spedycja, logistyka, produkcja. Do naszych podstawowych us\u0142ug nale\u017c\u0105: Rekrutacja bezpo\u015brednia na stanowiska specjalist\u00f3w oraz mened\u017cer\u00f3w \u015bredniego &hellip; Czytaj dalej Dla pracodawcy &rarr;","og_url":"https:\/\/example.blog.blog.wp.og.wordpress.logart.com.pl\/index.php\/dla-pracodawcy\/","og_site_name":"Logart","article_modified_time":"2025-05-13T15:08:46+00:00","og_image":[{"url":"https:\/\/logart.com.pl\/wp-content\/uploads\/2025\/05\/for-employer.jpg"}],"twitter_card":"summary_large_image","twitter_misc":{"Szacowany czas czytania":"2 minuty"},"schema":{"@context":"https:\/\/schema.org","@graph":[{"@type":"WebPage","@id":"https:\/\/example.blog.blog.wp.og.wordpress.logart.com.pl\/index.php\/dla-pracodawcy\/","url":"https:\/\/example.blog.blog.wp.og.wordpress.logart.com.pl\/index.php\/dla-pracodawcy\/","name":"[:pl]Dla pracodawcy[:en]For employers[:ru]\u0414\u043b\u044f \u0440\u0430\u0431\u043e\u0442\u043e\u0434\u0430\u0442\u0435\u043b\u044f[:] - Logart","isPartOf":{"@id":"https:\/\/example.blog.blog.wp.og.wordpress.logart.com.pl\/#website"},"datePublished":"2015-11-25T12:12:53+00:00","dateModified":"2025-05-13T15:08:46+00:00","breadcrumb":{"@id":"https:\/\/example.blog.blog.wp.og.wordpress.logart.com.pl\/index.php\/dla-pracodawcy\/#breadcrumb"},"inLanguage":"pl-PL","potentialAction":[{"@type":"ReadAction","target":["https:\/\/example.blog.blog.wp.og.wordpress.logart.com.pl\/index.php\/dla-pracodawcy\/"]}]},{"@type":"BreadcrumbList","@id":"https:\/\/example.blog.blog.wp.og.wordpress.logart.com.pl\/index.php\/dla-pracodawcy\/#breadcrumb","itemListElement":[{"@type":"ListItem","position":1,"name":"Strona g\u0142\u00f3wna","item":"https:\/\/example.blog.blog.wp.og.wordpress.logart.com.pl\/"},{"@type":"ListItem","position":2,"name":"Dla pracodawcy"}]},{"@type":"WebSite","@id":"https:\/\/example.blog.blog.wp.og.wordpress.logart.com.pl\/#website","url":"https:\/\/example.blog.blog.wp.og.wordpress.logart.com.pl\/","name":"Logart","description":"Personnel Consulting","potentialAction":[{"@type":"SearchAction","target":{"@type":"EntryPoint","urlTemplate":"https:\/\/example.blog.blog.wp.og.wordpress.logart.com.pl\/?s={search_term_string}"},"query-input":"required name=search_term_string"}],"inLanguage":"pl-PL"}]}},"_links":{"self":[{"href":"https:\/\/logart.com.pl\/index.php\/wp-json\/wp\/v2\/pages\/114"}],"collection":[{"href":"https:\/\/logart.com.pl\/index.php\/wp-json\/wp\/v2\/pages"}],"about":[{"href":"https:\/\/logart.com.pl\/index.php\/wp-json\/wp\/v2\/types\/page"}],"author":[{"embeddable":true,"href":"https:\/\/logart.com.pl\/index.php\/wp-json\/wp\/v2\/users\/1"}],"replies":[{"embeddable":true,"href":"https:\/\/logart.com.pl\/index.php\/wp-json\/wp\/v2\/comments?post=114"}],"version-history":[{"count":53,"href":"https:\/\/logart.com.pl\/index.php\/wp-json\/wp\/v2\/pages\/114\/revisions"}],"predecessor-version":[{"id":2235,"href":"https:\/\/logart.com.pl\/index.php\/wp-json\/wp\/v2\/pages\/114\/revisions\/2235"}],"wp:attachment":[{"href":"https:\/\/logart.com.pl\/index.php\/wp-json\/wp\/v2\/media?parent=114"}],"curies":[{"name":"wp","href":"https:\/\/api.w.org\/{rel}","templated":true}]}}